{"id":57168,"date":"2018-11-10T15:56:13","date_gmt":"2018-11-10T15:56:13","guid":{"rendered":"https:\/\/www.rhein83.com\/about-us\/"},"modified":"2023-03-29T12:13:07","modified_gmt":"2023-03-29T11:13:07","slug":"about-us","status":"publish","type":"page","link":"https:\/\/www.rhein83.com\/de\/about-us\/","title":{"rendered":"\u00dcBER UNS"},"content":{"rendered":"<div id='layer_slider_1'  class='avia-layerslider main_color avia-shadow  avia-builder-el-0  el_before_av_one_third  avia-builder-el-first  container_wrap fullsize'  style='height: 516px; max-width: 1600px; margin: 0 auto;'  ><\/div><div id='after_layer_slider_1'  class='main_color av_default_container_wrap container_wrap fullsize'  ><div class='container av-section-cont-open' ><div class='template-page content  av-content-full alpha units'><div class='post-entry post-entry-type-page post-entry-57168'><div class='entry-content-wrapper clearfix'>\n\n<style type=\"text\/css\" data-created_by=\"avia_inline_auto\" id=\"style-css-av-5zzq-49e30270ca7852d4d6844c4df8284198\">\n.flex_column.av-5zzq-49e30270ca7852d4d6844c4df8284198{\nborder-radius:0px 0px 0px 0px;\npadding:0px 0px 0px 0px;\n}\n<\/style>\n<div  class='flex_column av-5zzq-49e30270ca7852d4d6844c4df8284198 av_one_third  avia-builder-el-1  el_after_av_layerslider  el_before_av_one_half  avia-builder-el-first  first flex_column_div av-zero-column-padding  '     ><style type=\"text\/css\" data-created_by=\"avia_inline_auto\" id=\"style-css-av-kg94f9j9-379ba4aa9fdd86261a7312f39bca1cc0\">\n.avia-image-container.av-kg94f9j9-379ba4aa9fdd86261a7312f39bca1cc0 img.avia_image{\nbox-shadow:none;\n}\n.avia-image-container.av-kg94f9j9-379ba4aa9fdd86261a7312f39bca1cc0 .av-image-caption-overlay-center{\ncolor:#ffffff;\n}\n<\/style>\n<div  class='avia-image-container av-kg94f9j9-379ba4aa9fdd86261a7312f39bca1cc0 av-styling- avia-align-center  avia-builder-el-2  avia-builder-el-no-sibling '  ><div class=\"avia-image-container-inner\"><div class=\"avia-image-overlay-wrap\"><img class='avia_image ' src='https:\/\/www.rhein83.com\/wp-content\/uploads\/2020\/10\/RHEIN-SEDE1-1.jpg' alt='' title='RHEIN-SEDE1'  height=\"1200\" width=\"619\"  \/><\/div><\/div><\/div><\/div>\n\n<style type=\"text\/css\" data-created_by=\"avia_inline_auto\" id=\"style-css-av-5zzq-1a9c8300d0dd4398662160879d994be0\">\n.flex_column.av-5zzq-1a9c8300d0dd4398662160879d994be0{\nborder-radius:0px 0px 0px 0px;\npadding:0px 0px 0px 0px;\n}\n<\/style>\n<div  class='flex_column av-5zzq-1a9c8300d0dd4398662160879d994be0 av_one_half  avia-builder-el-3  el_after_av_one_third  el_before_av_one_full  flex_column_div av-zero-column-padding  '     ><p>\n<style type=\"text\/css\" data-created_by=\"avia_inline_auto\" id=\"style-css-av-kg94f9j9-fc42de66cd46c8f8cedb61b4802091d5\">\n.avia-image-container.av-kg94f9j9-fc42de66cd46c8f8cedb61b4802091d5 img.avia_image{\nbox-shadow:none;\n}\n.avia-image-container.av-kg94f9j9-fc42de66cd46c8f8cedb61b4802091d5 .av-image-caption-overlay-center{\ncolor:#ffffff;\n}\n<\/style>\n<div  class='avia-image-container av-kg94f9j9-fc42de66cd46c8f8cedb61b4802091d5 av-styling- avia-align-center  avia-builder-el-4  el_before_av_textblock  avia-builder-el-first '  ><div class=\"avia-image-container-inner\"><div class=\"avia-image-overlay-wrap\"><img class='avia_image ' src='https:\/\/www.rhein83.com\/wp-content\/uploads\/2020\/08\/rhein83-logo-web-300x110-1.png' alt='' title='rhein83-logo-web-300x110'  height=\"110\" width=\"300\"  \/><\/div><\/div><\/div><br \/>\n<section  class='av_textblock_section av-jm7lu8b7-c88d2d8c0c08c9f4203dfca171da2041 '  ><div class='avia_textblock' ><p>Metallische kugelf\u00f6rmige Aufs\u00e4tze gibt es schon seit vielen Jahren. Aber diese Geschiebe waren nicht weithin<br \/>\nvon den Zahn\u00e4rzten nicht akzeptiert. Dann kam die Idee, diese Mechanismen elastisch zu machen!<br \/>\nRhein83 ist seit 1983 im Gesch\u00e4ft und heute werden diese Produkte in der ganzen Welt kopiert, wobei in vielen F\u00e4llen die Formen der Objekte, nicht aber die Materialien, aus denen sie hergestellt sind, \u00fcbernommen werden, was das funktionelle Ergebnis erheblich ver\u00e4ndert. Zahn\u00e4rztliche Geschiebe sind kleine Mechanismen, die st\u00e4ndigen Bewegungen, Belastungen und Ver\u00e4nderungen im Mund ausgesetzt sind und daher regelm\u00e4\u00dfig gewartet und \u00fcberarbeitet werden m\u00fcssen. Einige Produkte wurden entwickelt, um die Funktionalit\u00e4t aller Prothesen zu erhalten und wiederherzustellen, w\u00e4hrend sie sich im Mund des Patienten befinden. Das Engagement von Rhein&#8217;83 mit seinen Kenntnissen und F\u00e4higkeiten, die st\u00e4ndig durch die Beitr\u00e4ge von Zahn\u00e4rzten und Labortechnikern bereichert werden, besteht darin, die aktuellen Standards zu verbessern und neue Produkte mit Hilfe von Originalprojekten zu entwickeln.<\/p>\n<address>Ezio Nardi<\/address>\n<\/div><\/section><\/p><\/div>\n\n<style type=\"text\/css\" data-created_by=\"avia_inline_auto\" id=\"style-css-av-5zzq-49e30270ca7852d4d6844c4df8284198\">\n.flex_column.av-5zzq-49e30270ca7852d4d6844c4df8284198{\nborder-radius:0px 0px 0px 0px;\npadding:0px 0px 0px 0px;\n}\n<\/style>\n<div  class='flex_column av-5zzq-49e30270ca7852d4d6844c4df8284198 av_one_full  avia-builder-el-6  el_after_av_one_half  avia-builder-el-last  first flex_column_div av-zero-column-padding  column-top-margin'     ><style type=\"text\/css\" data-created_by=\"avia_inline_auto\" id=\"style-css-av-kfz6vawn-36c82e8adb0436c003ce2a6a0d0c0e62\">\n.av-horizontal-gallery.av-kfz6vawn-36c82e8adb0436c003ce2a6a0d0c0e62{\npadding:4.5% 0px;;\n}\n.av-horizontal-gallery.av-kfz6vawn-36c82e8adb0436c003ce2a6a0d0c0e62 .av-horizontal-gallery-inner{\npadding-bottom:30%;\n}\n<\/style>\n<div  class='av-horizontal-gallery av-kfz6vawn-36c82e8adb0436c003ce2a6a0d0c0e62 av-horizontal-gallery-large-gap av-horizontal-gallery-enlarge-effect  avia-builder-el-7  avia-builder-el-no-sibling  av-slideshow-ui av-control-default av-slideshow-manual av-loop-once av-loop-manual-endless av-horizontal-gallery-1' data-slideshow-data=\"{&quot;enlarge&quot;:1.3,&quot;animation&quot;:&quot;slide&quot;,&quot;autoplay&quot;:false,&quot;loop_autoplay&quot;:&quot;once&quot;,&quot;interval&quot;:5,&quot;loop_manual&quot;:&quot;manual-endless&quot;,&quot;autoplay_stopper&quot;:false,&quot;noNavigation&quot;:false,&quot;bg_slider&quot;:false,&quot;keep_padding&quot;:&quot;&quot;,&quot;hoverpause&quot;:false,&quot;show_slide_delay&quot;:0}\" ><div class='avia-slideshow-arrows avia-slideshow-controls' ><a href='#prev' class='prev-slide av-horizontal-gallery-prev avia-svg-icon avia-font-svg_entypo-fontello' data-av_svg_icon='left-open-big' data-av_iconset='svg_entypo-fontello' tabindex='-1' title=\"Zur\u00fcck\"><svg version=\"1.1\" xmlns=\"http:\/\/www.w3.org\/2000\/svg\" width=\"15\" height=\"32\" viewBox=\"0 0 15 32\" preserveAspectRatio=\"xMidYMid meet\" aria-labelledby='av-svg-title-1' aria-describedby='av-svg-desc-1' role=\"graphics-symbol\" aria-hidden=\"true\">\n<title id='av-svg-title-1'>Zur\u00fcck<\/title>\n<desc id='av-svg-desc-1'>Zur\u00fcck<\/desc>\n<path d=\"M14.464 27.84q0.832 0.832 0 1.536-0.832 0.832-1.536 0l-12.544-12.608q-0.768-0.768 0-1.6l12.544-12.608q0.704-0.832 1.536 0 0.832 0.704 0 1.536l-11.456 11.904z\"><\/path>\n<\/svg><span class='avia_hidden_link_text'>Zur\u00fcck<\/span><\/a><a href='#next' class='next-slide av-horizontal-gallery-next avia-svg-icon avia-font-svg_entypo-fontello' data-av_svg_icon='right-open-big' data-av_iconset='svg_entypo-fontello' tabindex='-1' title=\"Weiter\"><svg version=\"1.1\" xmlns=\"http:\/\/www.w3.org\/2000\/svg\" width=\"15\" height=\"32\" viewBox=\"0 0 15 32\" preserveAspectRatio=\"xMidYMid meet\" aria-labelledby='av-svg-title-2' aria-describedby='av-svg-desc-2' role=\"graphics-symbol\" aria-hidden=\"true\">\n<title id='av-svg-title-2'>Weiter<\/title>\n<desc id='av-svg-desc-2'>Weiter<\/desc>\n<path d=\"M0.416 27.84l11.456-11.84-11.456-11.904q-0.832-0.832 0-1.536 0.832-0.832 1.536 0l12.544 12.608q0.768 0.832 0 1.6l-12.544 12.608q-0.704 0.832-1.536 0-0.832-0.704 0-1.536z\"><\/path>\n<\/svg><span class='avia_hidden_link_text'>Weiter<\/span><\/a><\/div><div class='avia-slideshow-dots avia-slideshow-controls av-horizontal-gallery-dots fade-in'><a href='#1' class='goto-slide active' >1<\/a><a href='#2' class='goto-slide ' >2<\/a><a href='#3' class='goto-slide ' >3<\/a><a href='#4' class='goto-slide ' >4<\/a><\/div><div class='av-horizontal-gallery-inner' data-av-height='30'><div class=\"av-horizontal-gallery-slider\"><div class=\"av-horizontal-gallery-wrap noHover\"><img class='av-horizontal-gallery-img' width='1592' height='1110' src='https:\/\/www.rhein83.com\/wp-content\/uploads\/2020\/10\/STAFF-RHEIN83-2.jpg' title='STAFF-RHEIN83-2' alt='' \/><a href=\"https:\/\/www.rhein83.com\/wp-content\/uploads\/2020\/10\/STAFF-RHEIN83-2-1030x718.jpg\" class='av-horizontal-gallery-link avia-svg-icon avia-font-svg_entypo-fontello' data-av_svg_icon='resize-full' data-av_iconset='svg_entypo-fontello' title='STAFF-RHEIN83-2' alt='' aria-label='Open image in lightbox: STAFF-RHEIN83-2'><svg version=\"1.1\" xmlns=\"http:\/\/www.w3.org\/2000\/svg\" width=\"25\" height=\"32\" viewBox=\"0 0 25 32\" preserveAspectRatio=\"xMidYMid meet\" aria-labelledby='av-svg-title-3' aria-describedby='av-svg-desc-3' role=\"graphics-symbol\" aria-hidden=\"true\">\n<title id='av-svg-title-3'>Open image in lightbox: STAFF-RHEIN83-2<\/title>\n<desc id='av-svg-desc-3'>Open image in lightbox: STAFF-RHEIN83-2<\/desc>\n<path d=\"M15.232 3.328h10.112v10.112l-3.2-3.968-4.672 4.864-3.2-3.2 4.864-4.672zM7.872 17.536l3.2 3.2-4.864 4.672 3.904 3.2h-10.112v-10.112l3.2 3.904z\"><\/path>\n<\/svg><\/a><\/div><div class=\"av-horizontal-gallery-wrap noHover\"><img class='av-horizontal-gallery-img' width='2560' height='934' src='https:\/\/www.rhein83.com\/wp-content\/uploads\/2020\/10\/Rhein-sede2-scaled.jpg' title='Rhein-sede2' alt='' \/><a href=\"https:\/\/www.rhein83.com\/wp-content\/uploads\/2020\/10\/Rhein-sede2-1030x376.jpg\" class='av-horizontal-gallery-link avia-svg-icon avia-font-svg_entypo-fontello' data-av_svg_icon='resize-full' data-av_iconset='svg_entypo-fontello' title='Rhein-sede2' alt='' aria-label='Open image in lightbox: Rhein-sede2'><svg version=\"1.1\" xmlns=\"http:\/\/www.w3.org\/2000\/svg\" width=\"25\" height=\"32\" viewBox=\"0 0 25 32\" preserveAspectRatio=\"xMidYMid meet\" aria-labelledby='av-svg-title-4' aria-describedby='av-svg-desc-4' role=\"graphics-symbol\" aria-hidden=\"true\">\n<title id='av-svg-title-4'>Open image in lightbox: Rhein-sede2<\/title>\n<desc id='av-svg-desc-4'>Open image in lightbox: Rhein-sede2<\/desc>\n<path d=\"M15.232 3.328h10.112v10.112l-3.2-3.968-4.672 4.864-3.2-3.2 4.864-4.672zM7.872 17.536l3.2 3.2-4.864 4.672 3.904 3.2h-10.112v-10.112l3.2 3.904z\"><\/path>\n<\/svg><\/a><\/div><div class=\"av-horizontal-gallery-wrap noHover\"><img class='av-horizontal-gallery-img' width='1592' height='1110' src='https:\/\/www.rhein83.com\/wp-content\/uploads\/2020\/10\/STAFF-RHEIN83-1.jpg' title='STAFF-RHEIN83-1' alt='' \/><a href=\"https:\/\/www.rhein83.com\/wp-content\/uploads\/2020\/10\/STAFF-RHEIN83-1-1030x718.jpg\" class='av-horizontal-gallery-link avia-svg-icon avia-font-svg_entypo-fontello' data-av_svg_icon='resize-full' data-av_iconset='svg_entypo-fontello' title='STAFF-RHEIN83-1' alt='' aria-label='Open image in lightbox: STAFF-RHEIN83-1'><svg version=\"1.1\" xmlns=\"http:\/\/www.w3.org\/2000\/svg\" width=\"25\" height=\"32\" viewBox=\"0 0 25 32\" preserveAspectRatio=\"xMidYMid meet\" aria-labelledby='av-svg-title-5' aria-describedby='av-svg-desc-5' role=\"graphics-symbol\" aria-hidden=\"true\">\n<title id='av-svg-title-5'>Open image in lightbox: STAFF-RHEIN83-1<\/title>\n<desc id='av-svg-desc-5'>Open image in lightbox: STAFF-RHEIN83-1<\/desc>\n<path d=\"M15.232 3.328h10.112v10.112l-3.2-3.968-4.672 4.864-3.2-3.2 4.864-4.672zM7.872 17.536l3.2 3.2-4.864 4.672 3.904 3.2h-10.112v-10.112l3.2 3.904z\"><\/path>\n<\/svg><\/a><\/div><div class=\"av-horizontal-gallery-wrap noHover\"><img class='av-horizontal-gallery-img' width='1592' height='1110' src='https:\/\/www.rhein83.com\/wp-content\/uploads\/2020\/10\/Rhein-sede3.jpg' title='Rhein-sede3' alt='' \/><a href=\"https:\/\/www.rhein83.com\/wp-content\/uploads\/2020\/10\/Rhein-sede3-1030x718.jpg\" class='av-horizontal-gallery-link avia-svg-icon avia-font-svg_entypo-fontello' data-av_svg_icon='resize-full' data-av_iconset='svg_entypo-fontello' title='Rhein-sede3' alt='' aria-label='Open image in lightbox: Rhein-sede3'><svg version=\"1.1\" xmlns=\"http:\/\/www.w3.org\/2000\/svg\" width=\"25\" height=\"32\" viewBox=\"0 0 25 32\" preserveAspectRatio=\"xMidYMid meet\" aria-labelledby='av-svg-title-6' aria-describedby='av-svg-desc-6' role=\"graphics-symbol\" aria-hidden=\"true\">\n<title id='av-svg-title-6'>Open image in lightbox: Rhein-sede3<\/title>\n<desc id='av-svg-desc-6'>Open image in lightbox: Rhein-sede3<\/desc>\n<path d=\"M15.232 3.328h10.112v10.112l-3.2-3.968-4.672 4.864-3.2-3.2 4.864-4.672zM7.872 17.536l3.2 3.2-4.864 4.672 3.904 3.2h-10.112v-10.112l3.2 3.904z\"><\/path>\n<\/svg><\/a><\/div><\/div><\/div><\/div><\/div>\n","protected":false},"excerpt":{"rendered":"","protected":false},"author":2,"featured_media":0,"parent":0,"menu_order":0,"comment_status":"closed","ping_status":"open","template":"","meta":{"footnotes":""},"class_list":["post-57168","page","type-page","status-publish","hentry"],"aioseo_notices":[],"publishpress_future_action":{"enabled":false,"date":"2026-04-21 22:17:27","action":"change-status","newStatus":"draft","terms":[],"taxonomy":"translation_priority","extraData":[]},"publishpress_future_workflow_manual_trigger":{"enabledWorkflows":[]},"_links":{"self":[{"href":"https:\/\/www.rhein83.com\/de\/wp-json\/wp\/v2\/pages\/57168","targetHints":{"allow":["GET"]}}],"collection":[{"href":"https:\/\/www.rhein83.com\/de\/wp-json\/wp\/v2\/pages"}],"about":[{"href":"https:\/\/www.rhein83.com\/de\/wp-json\/wp\/v2\/types\/page"}],"author":[{"embeddable":true,"href":"https:\/\/www.rhein83.com\/de\/wp-json\/wp\/v2\/users\/2"}],"replies":[{"embeddable":true,"href":"https:\/\/www.rhein83.com\/de\/wp-json\/wp\/v2\/comments?post=57168"}],"version-history":[{"count":0,"href":"https:\/\/www.rhein83.com\/de\/wp-json\/wp\/v2\/pages\/57168\/revisions"}],"wp:attachment":[{"href":"https:\/\/www.rhein83.com\/de\/wp-json\/wp\/v2\/media?parent=57168"}],"curies":[{"name":"wp","href":"https:\/\/api.w.org\/{rel}","templated":true}]}}