{"id":21423,"date":"2020-04-23T17:10:18","date_gmt":"2020-04-23T15:10:18","guid":{"rendered":"https:\/\/www.rhein83.com\/?page_id=21423"},"modified":"2021-01-19T12:47:08","modified_gmt":"2021-01-19T11:47:08","slug":"video-webinar-prt","status":"publish","type":"page","link":"https:\/\/www.rhein83.com\/en\/video-webinar-prt\/","title":{"rendered":"Video WEBINAR prt"},"content":{"rendered":"\n<style type=\"text\/css\" data-created_by=\"avia_inline_auto\" id=\"style-css-av-jrypv5ek-08dccc5d1ec7b497f65defc01d47a3a0\">\n#top .hr.hr-invisible.av-jrypv5ek-08dccc5d1ec7b497f65defc01d47a3a0{\nheight:20px;\n}\n<\/style>\n<div  class='hr av-jrypv5ek-08dccc5d1ec7b497f65defc01d47a3a0 hr-invisible  avia-builder-el-0  el_before_av_one_fourth  avia-builder-el-first '><span class='hr-inner '><span class=\"hr-inner-style\"><\/span><\/span><\/div>\n\n<style type=\"text\/css\" data-created_by=\"avia_inline_auto\" id=\"style-css-av-jrypthoa-cac0b4518a8d05c44ec5651decb3bb08\">\n.flex_column.av-jrypthoa-cac0b4518a8d05c44ec5651decb3bb08{\nborder-radius:0px 0px 0px 0px;\npadding:0px 0px 0px 0px;\nbackground:url(https:\/\/www.rhein83.com\/wp-content\/uploads\/2018\/11\/ICON-blu-1.png) 50% 0% no-repeat scroll ;\n}\n<\/style>\n<div  class='flex_column av-jrypthoa-cac0b4518a8d05c44ec5651decb3bb08 av_one_fourth  avia-builder-el-1  el_after_av_hr  el_before_av_one_half  first flex_column_div av-zero-column-padding  '     ><p>\n<style type=\"text\/css\" data-created_by=\"avia_inline_auto\" id=\"style-css-av-jrypv5ek-08dccc5d1ec7b497f65defc01d47a3a0\">\n#top .hr.hr-invisible.av-jrypv5ek-08dccc5d1ec7b497f65defc01d47a3a0{\nheight:20px;\n}\n<\/style>\n<div  class='hr av-jrypv5ek-08dccc5d1ec7b497f65defc01d47a3a0 hr-invisible  avia-builder-el-2  el_before_av_textblock  avia-builder-el-first '><span class='hr-inner '><span class=\"hr-inner-style\"><\/span><\/span><\/div><br \/>\n<section  class='av_textblock_section av-jrypsayh-32f87db57e961e07729625b7e0c32da7 '  ><div class='avia_textblock' ><h2 style=\"text-align: center;\"><span style=\"color: #ffffff;\">VIDEOS<br \/>\n<\/span><\/h2>\n<\/div><\/section><br \/>\n\n<style type=\"text\/css\" data-created_by=\"avia_inline_auto\" id=\"style-css-av-jrypv5ek-08dccc5d1ec7b497f65defc01d47a3a0\">\n#top .hr.hr-invisible.av-jrypv5ek-08dccc5d1ec7b497f65defc01d47a3a0{\nheight:20px;\n}\n<\/style>\n<div  class='hr av-jrypv5ek-08dccc5d1ec7b497f65defc01d47a3a0 hr-invisible  avia-builder-el-4  el_after_av_textblock  avia-builder-el-last '><span class='hr-inner '><span class=\"hr-inner-style\"><\/span><\/span><\/div><\/p><\/div>\n\n<style type=\"text\/css\" data-created_by=\"avia_inline_auto\" id=\"style-css-av-6l7g0g-50cdcd4481e56582954aa9dc42633273\">\n.flex_column.av-6l7g0g-50cdcd4481e56582954aa9dc42633273{\nborder-radius:0px 0px 0px 0px;\npadding:0px 0px 0px 0px;\n}\n<\/style>\n<div  class='flex_column av-6l7g0g-50cdcd4481e56582954aa9dc42633273 av_one_half  avia-builder-el-5  el_after_av_one_fourth  el_before_av_one_fifth  flex_column_div av-zero-column-padding  '     ><style type=\"text\/css\" data-created_by=\"avia_inline_auto\" id=\"style-css-av-k9cwjvjp-aa428fad5ed228962cd74c8794e80410\">\n#top .av-special-heading.av-k9cwjvjp-aa428fad5ed228962cd74c8794e80410{\npadding-bottom:10px;\n}\nbody .av-special-heading.av-k9cwjvjp-aa428fad5ed228962cd74c8794e80410 .av-special-heading-tag .heading-char{\nfont-size:25px;\n}\n.av-special-heading.av-k9cwjvjp-aa428fad5ed228962cd74c8794e80410 .av-subheading{\nfont-size:15px;\n}\n<\/style>\n<div  class='av-special-heading av-k9cwjvjp-aa428fad5ed228962cd74c8794e80410 av-special-heading-h1 blockquote modern-quote  avia-builder-el-6  avia-builder-el-no-sibling  av-linked-heading'><h1 class='av-special-heading-tag '  >WEBINAR portuguese<\/h1><div class=\"special-heading-border\"><div class=\"special-heading-inner-border\"><\/div><\/div><\/div><\/div>\n\n<style type=\"text\/css\" data-created_by=\"avia_inline_auto\" id=\"style-css-av-6l7g0g-50cdcd4481e56582954aa9dc42633273\">\n.flex_column.av-6l7g0g-50cdcd4481e56582954aa9dc42633273{\nborder-radius:0px 0px 0px 0px;\npadding:0px 0px 0px 0px;\n}\n<\/style>\n<div  class='flex_column av-6l7g0g-50cdcd4481e56582954aa9dc42633273 av_one_fifth  avia-builder-el-7  el_after_av_one_half  el_before_av_hr  flex_column_div av-zero-column-padding  '     ><style type=\"text\/css\" data-created_by=\"avia_inline_auto\" id=\"style-css-av-k8t14u3l-d2a121eab9f313efabd0f02d21f9fe64\">\n.avia-image-container.av-k8t14u3l-d2a121eab9f313efabd0f02d21f9fe64 img.avia_image{\nbox-shadow:none;\n}\n.avia-image-container.av-k8t14u3l-d2a121eab9f313efabd0f02d21f9fe64 .av-caption-image-overlay-bg{\nopacity:0.2;\nbackground-color:#ffffff;\n}\n.avia-image-container.av-k8t14u3l-d2a121eab9f313efabd0f02d21f9fe64 .av-image-caption-overlay-center{\ncolor:#ffffff;\n}\n<\/style>\n<div  class='avia-image-container av-k8t14u3l-d2a121eab9f313efabd0f02d21f9fe64 av-styling-circle av-img-linked avia_animated_image av-animated-when-visible-95 pop-up avia-align-left  avia-builder-el-8  avia-builder-el-no-sibling  noHover av-overlay-hover-deactivate'  ><div class=\"avia-image-container-inner\"><div class=\"avia-image-overlay-wrap\"><a href=\"https:\/\/www.rhein83.com\/en\/video-webinar-rus\/\" class='avia_image '  aria-label='bandiera-prt'><div class=\"av-image-caption-overlay\"><div class=\"av-caption-image-overlay-bg\"><\/div><div class=\"av-image-caption-overlay-position\"><div class=\"av-image-caption-overlay-center\"><\/div><\/div><\/div><img class='avia_image ' src='https:\/\/www.rhein83.com\/wp-content\/uploads\/2020\/04\/bandiera-prt.png' alt='' title='bandiera-prt'  height=\"70\" width=\"70\"  \/><\/a><\/div><\/div><\/div><\/div>\n\n<style type=\"text\/css\" data-created_by=\"avia_inline_auto\" id=\"style-css-av-jrypv5ek-db52f94001b846849f9d62f789a6e376\">\n#top .hr.hr-invisible.av-jrypv5ek-db52f94001b846849f9d62f789a6e376{\nheight:80px;\n}\n<\/style>\n<div  class='hr av-jrypv5ek-db52f94001b846849f9d62f789a6e376 hr-invisible  avia-builder-el-9  el_after_av_one_fifth  el_before_av_one_third '><span class='hr-inner '><span class=\"hr-inner-style\"><\/span><\/span><\/div>\n<div class='flex_column_table av-4djfk0-42804b28c22c13597f95dbbf25adb69f sc-av_one_third av-equal-height-column-flextable'>\n<style type=\"text\/css\" data-created_by=\"avia_inline_auto\" id=\"style-css-av-4djfk0-42804b28c22c13597f95dbbf25adb69f\">\n.flex_column.av-4djfk0-42804b28c22c13597f95dbbf25adb69f{\nborder-radius:0px 0px 0px 0px;\npadding:0px 0px 0px 0px;\n}\n<\/style>\n<div  class='flex_column av-4djfk0-42804b28c22c13597f95dbbf25adb69f av_one_third  avia-builder-el-10  el_after_av_hr  el_before_av_one_third  first flex_column_table_cell av-equal-height-column av-align-bottom av-zero-column-padding  '     ><p>\n<style type=\"text\/css\" data-created_by=\"avia_inline_auto\" id=\"style-css-av-kk3xmwdd-325f81f9c4ecda73a4567e809bab815a\">\n#top .av-special-heading.av-kk3xmwdd-325f81f9c4ecda73a4567e809bab815a{\npadding-bottom:10px;\n}\nbody .av-special-heading.av-kk3xmwdd-325f81f9c4ecda73a4567e809bab815a .av-special-heading-tag .heading-char{\nfont-size:25px;\n}\n.av-special-heading.av-kk3xmwdd-325f81f9c4ecda73a4567e809bab815a .av-subheading{\nfont-size:15px;\n}\n<\/style>\n<div  class='av-special-heading av-kk3xmwdd-325f81f9c4ecda73a4567e809bab815a av-special-heading-h4 blockquote modern-quote  avia-builder-el-11  el_before_av_video  avia-builder-el-first  av-linked-heading'><h4 class='av-special-heading-tag '  >Extractor Kit. A solu\u00e7\u00e3o para parafusos partidos <span class='special_amp'>&amp;<\/span> recupera\u00e7\u00e3o de esferas gastas ou partidas<\/h4><div class='av-subheading av-subheading_below'><p><strong>Mdt. Gian Luca De Stefani<br \/>\n<\/strong><span style=\"display:inline;unicode-bidi:bidi-override;direction:rtl;\" class=\"\">ti.38niehr<span style=\"display:none;\">obfsctd-487e40<\/span>&#64;inafetsed.aculnaig<\/span><\/p>\n<\/div><div class=\"special-heading-border\"><div class=\"special-heading-inner-border\"><\/div><\/div><\/div><br \/>\n<div  class='avia-video av-jtpm1wwd-e6b3d8f6e2f27631272509e37d9e7e67 avia-video-16-9 av-no-preview-image avia-video-load-always av-lazyload-immediate av-lazyload-video-embed'  data-original_url='https:\/\/youtu.be\/2lC4tMgICCg'><script type='text\/html' class='av-video-tmpl'><div class='avia-iframe-wrap'><iframe loading=\"lazy\" title=\"Extractor Kit. A solu\u00e7\u00e3o para parafusos partidos &amp; recupera\u00e7\u00e3o de esferas gastas ou partidas\" width=\"1500\" height=\"844\" src=\"https:\/\/www.youtube.com\/embed\/2lC4tMgICCg?feature=oembed&autoplay=0&loop=0&controls=1&mute=0\" frameborder=\"0\" allow=\"accelerometer; autoplay; clipboard-write; encrypted-media; gyroscope; picture-in-picture; web-share\" referrerpolicy=\"strict-origin-when-cross-origin\" allowfullscreen><\/iframe><\/div><\/script><div class='av-click-to-play-overlay'><div class=\"avia_playpause_icon\"><\/div><\/div><\/div><\/p><\/div><div class='av-flex-placeholder'><\/div>\n<style type=\"text\/css\" data-created_by=\"avia_inline_auto\" id=\"style-css-av-4djfk0-0583217d8109e08951b42d26fa157853\">\n.flex_column.av-4djfk0-0583217d8109e08951b42d26fa157853{\nborder-radius:0px 0px 0px 0px;\npadding:0px 0px 0px 0px;\n}\n<\/style>\n<div  class='flex_column av-4djfk0-0583217d8109e08951b42d26fa157853 av_one_third  avia-builder-el-13  el_after_av_one_third  el_before_av_one_third  flex_column_table_cell av-equal-height-column av-align-bottom av-zero-column-padding  '     ><p>\n<style type=\"text\/css\" data-created_by=\"avia_inline_auto\" id=\"style-css-av-khz1x99o-206268e58661ca9fcfa3fe41db503048\">\n#top .av-special-heading.av-khz1x99o-206268e58661ca9fcfa3fe41db503048{\npadding-bottom:10px;\n}\nbody .av-special-heading.av-khz1x99o-206268e58661ca9fcfa3fe41db503048 .av-special-heading-tag .heading-char{\nfont-size:25px;\n}\n.av-special-heading.av-khz1x99o-206268e58661ca9fcfa3fe41db503048 .av-subheading{\nfont-size:15px;\n}\n<\/style>\n<div  class='av-special-heading av-khz1x99o-206268e58661ca9fcfa3fe41db503048 av-special-heading-h4 blockquote modern-quote  avia-builder-el-14  el_before_av_video  avia-builder-el-first  av-linked-heading'><h4 class='av-special-heading-tag '  >Novas oportunidades na pr\u00f3tese fixa Ot Bridge sobre implantes<\/h4><div class='av-subheading av-subheading_below'><p><strong>Mdt. Gian Luca De Stefani, Dr. Edoardo Fornea<br \/>\n<\/strong><span style=\"display:inline;unicode-bidi:bidi-override;direction:rtl;\" class=\"\">ti.38niehr<span style=\"display:none;\">obfsctd-46762d<\/span>&#64;inafetsed.aculnaig<\/span><\/p>\n<\/div><div class=\"special-heading-border\"><div class=\"special-heading-inner-border\"><\/div><\/div><\/div><br \/>\n<div  class='avia-video av-jtpm1wwd-e42facec6de272fdce9e531d5b948e0f avia-video-16-9 av-no-preview-image avia-video-load-always av-lazyload-immediate av-lazyload-video-embed'  data-original_url='https:\/\/youtu.be\/u7zb0TX03ns'><script type='text\/html' class='av-video-tmpl'><div class='avia-iframe-wrap'><iframe loading=\"lazy\" title=\"Novas oportunidades na pr\u00f3tese fixa Ot Bridge sobre implantes - Mdt. G. De Stefani - Dr. E. Fornea\" width=\"1500\" height=\"844\" src=\"https:\/\/www.youtube.com\/embed\/u7zb0TX03ns?feature=oembed&autoplay=0&loop=0&controls=1&mute=0\" frameborder=\"0\" allow=\"accelerometer; autoplay; clipboard-write; encrypted-media; gyroscope; picture-in-picture; web-share\" referrerpolicy=\"strict-origin-when-cross-origin\" allowfullscreen><\/iframe><\/div><\/script><div class='av-click-to-play-overlay'><div class=\"avia_playpause_icon\"><\/div><\/div><\/div><\/p><\/div><\/p>\n<div class='av-flex-placeholder'><\/div>\n<style type=\"text\/css\" data-created_by=\"avia_inline_auto\" id=\"style-css-av-4djfk0-0583217d8109e08951b42d26fa157853\">\n.flex_column.av-4djfk0-0583217d8109e08951b42d26fa157853{\nborder-radius:0px 0px 0px 0px;\npadding:0px 0px 0px 0px;\n}\n<\/style>\n<div  class='flex_column av-4djfk0-0583217d8109e08951b42d26fa157853 av_one_third  avia-builder-el-16  el_after_av_one_third  el_before_av_one_third  flex_column_table_cell av-equal-height-column av-align-bottom av-zero-column-padding  '     ><p>\n<style type=\"text\/css\" data-created_by=\"avia_inline_auto\" id=\"style-css-av-kgrtskle-0e4db423deb0b806a8873e4b76bf3b62\">\n#top .av-special-heading.av-kgrtskle-0e4db423deb0b806a8873e4b76bf3b62{\npadding-bottom:10px;\n}\nbody .av-special-heading.av-kgrtskle-0e4db423deb0b806a8873e4b76bf3b62 .av-special-heading-tag .heading-char{\nfont-size:25px;\n}\n.av-special-heading.av-kgrtskle-0e4db423deb0b806a8873e4b76bf3b62 .av-subheading{\nfont-size:15px;\n}\n<\/style>\n<div  class='av-special-heading av-kgrtskle-0e4db423deb0b806a8873e4b76bf3b62 av-special-heading-h4 blockquote modern-quote  avia-builder-el-17  el_before_av_video  avia-builder-el-first  av-linked-heading'><h4 class='av-special-heading-tag '  >Conex\u00e3o passiva de barras com OT Equator. Uso do Ot Equator como M.U.A em qualquer plataforma de implante.<\/h4><div class='av-subheading av-subheading_below'><p><strong>Mdt. Gian Luca De Stefani<br \/>\n<\/strong><span style=\"display:inline;unicode-bidi:bidi-override;direction:rtl;\" class=\"\">ti.38niehr<span style=\"display:none;\">obfsctd-2bf6ce<\/span>&#64;inafetsed.aculnaig<\/span><\/p>\n<\/div><div class=\"special-heading-border\"><div class=\"special-heading-inner-border\"><\/div><\/div><\/div><br \/>\n<div  class='avia-video av-jtpm1wwd-09c9c3a81fb2174c00439a78ee61a162 avia-video-16-9 av-no-preview-image avia-video-load-always av-lazyload-immediate av-lazyload-video-embed'  data-original_url='https:\/\/youtu.be\/_9d7oPUJWlE'><script type='text\/html' class='av-video-tmpl'><div class='avia-iframe-wrap'><iframe loading=\"lazy\" title=\"Conex\u00e3o passiva de barras com OT Equator - Mdt. Gian Luca De Stefani\" width=\"1500\" height=\"844\" src=\"https:\/\/www.youtube.com\/embed\/_9d7oPUJWlE?feature=oembed&autoplay=0&loop=0&controls=1&mute=0\" frameborder=\"0\" allow=\"accelerometer; autoplay; clipboard-write; encrypted-media; gyroscope; picture-in-picture; web-share\" referrerpolicy=\"strict-origin-when-cross-origin\" allowfullscreen><\/iframe><\/div><\/script><div class='av-click-to-play-overlay'><div class=\"avia_playpause_icon\"><\/div><\/div><\/div><\/p><\/div><\/div><!--close column table wrapper. Autoclose: 1 -->\n<div class='flex_column_table av-4djfk0-42804b28c22c13597f95dbbf25adb69f sc-av_one_third av-equal-height-column-flextable'>\n<style type=\"text\/css\" data-created_by=\"avia_inline_auto\" id=\"style-css-av-4djfk0-42804b28c22c13597f95dbbf25adb69f\">\n.flex_column.av-4djfk0-42804b28c22c13597f95dbbf25adb69f{\nborder-radius:0px 0px 0px 0px;\npadding:0px 0px 0px 0px;\n}\n<\/style>\n<div  class='flex_column av-4djfk0-42804b28c22c13597f95dbbf25adb69f av_one_third  avia-builder-el-19  el_after_av_one_third  el_before_av_one_third  first flex_column_table_cell av-equal-height-column av-align-bottom av-zero-column-padding  column-top-margin'     ><p>\n<style type=\"text\/css\" data-created_by=\"avia_inline_auto\" id=\"style-css-av-kgru1d3h-2253d2af0e9b3a70c50164a632e7245d\">\n#top .av-special-heading.av-kgru1d3h-2253d2af0e9b3a70c50164a632e7245d{\npadding-bottom:10px;\n}\nbody .av-special-heading.av-kgru1d3h-2253d2af0e9b3a70c50164a632e7245d .av-special-heading-tag .heading-char{\nfont-size:25px;\n}\n.av-special-heading.av-kgru1d3h-2253d2af0e9b3a70c50164a632e7245d .av-subheading{\nfont-size:15px;\n}\n<\/style>\n<div  class='av-special-heading av-kgru1d3h-2253d2af0e9b3a70c50164a632e7245d av-special-heading-h4 blockquote modern-quote  avia-builder-el-20  el_before_av_video  avia-builder-el-first  av-linked-heading'><h4 class='av-special-heading-tag '  >Evolu\u00e7\u00e3o: Da esfera ao OT Equator Pr\u00f3tese Fixa e Remov\u00edvel<\/h4><div class='av-subheading av-subheading_below'><p><strong>Dra. Regina Fragoso<br \/>\nMdt. Gian Luca De Stefani<\/strong><\/p>\n<\/div><div class=\"special-heading-border\"><div class=\"special-heading-inner-border\"><\/div><\/div><\/div><br \/>\n<div  class='avia-video av-jtpm1wwd-4ced8da3b72c015a5fcef9707c970198 avia-video-16-9 av-no-preview-image avia-video-load-always av-lazyload-immediate av-lazyload-video-embed'  data-original_url='https:\/\/youtu.be\/m75Kh-oIH_Q'><script type='text\/html' class='av-video-tmpl'><div class='avia-iframe-wrap'><iframe loading=\"lazy\" title=\"Da esfera ao OT Equator Pr\u00f3tese Fixa e Remov\u00edvel - Dra. Regina Fragoso - Odt. Gian Luca De Stefani\" width=\"1500\" height=\"844\" src=\"https:\/\/www.youtube.com\/embed\/m75Kh-oIH_Q?feature=oembed&autoplay=0&loop=0&controls=1&mute=0\" frameborder=\"0\" allow=\"accelerometer; autoplay; clipboard-write; encrypted-media; gyroscope; picture-in-picture; web-share\" referrerpolicy=\"strict-origin-when-cross-origin\" allowfullscreen><\/iframe><\/div><\/script><div class='av-click-to-play-overlay'><div class=\"avia_playpause_icon\"><\/div><\/div><\/div><\/p><\/div>\n<div class='av-flex-placeholder'><\/div>\n<style type=\"text\/css\" data-created_by=\"avia_inline_auto\" id=\"style-css-av-4djfk0-0583217d8109e08951b42d26fa157853\">\n.flex_column.av-4djfk0-0583217d8109e08951b42d26fa157853{\nborder-radius:0px 0px 0px 0px;\npadding:0px 0px 0px 0px;\n}\n<\/style>\n<div  class='flex_column av-4djfk0-0583217d8109e08951b42d26fa157853 av_one_third  avia-builder-el-22  el_after_av_one_third  el_before_av_one_third  flex_column_table_cell av-equal-height-column av-align-bottom av-zero-column-padding  column-top-margin'     ><p>\n<style type=\"text\/css\" data-created_by=\"avia_inline_auto\" id=\"style-css-av-k9sfimfs-700f63ff83e86a7b2044d91cd8301635\">\n#top .av-special-heading.av-k9sfimfs-700f63ff83e86a7b2044d91cd8301635{\npadding-bottom:10px;\n}\nbody .av-special-heading.av-k9sfimfs-700f63ff83e86a7b2044d91cd8301635 .av-special-heading-tag .heading-char{\nfont-size:25px;\n}\n.av-special-heading.av-k9sfimfs-700f63ff83e86a7b2044d91cd8301635 .av-subheading{\nfont-size:15px;\n}\n<\/style>\n<div  class='av-special-heading av-k9sfimfs-700f63ff83e86a7b2044d91cd8301635 av-special-heading-h4 blockquote modern-quote  avia-builder-el-23  el_before_av_video  avia-builder-el-first  av-linked-heading'><h4 class='av-special-heading-tag '  >Pr\u00f3tese fixa Ot Bridge com Ot Equator<\/h4><div class='av-subheading av-subheading_below'><p><strong>Mdt. Gian Luca De Stefani<br \/>\n<\/strong><span style=\"display:inline;unicode-bidi:bidi-override;direction:rtl;\" class=\"\">ti.38niehr<span style=\"display:none;\">obfsctd-688a85<\/span>&#64;inafetsed.aculnaig<\/span><\/p>\n<\/div><div class=\"special-heading-border\"><div class=\"special-heading-inner-border\"><\/div><\/div><\/div><br \/>\n<div  class='avia-video av-jtpm1wwd-30848e16b4979dfa36fd566ccf503c7f avia-video-16-9 av-no-preview-image avia-video-load-always av-lazyload-immediate av-lazyload-video-embed'  data-original_url='https:\/\/youtu.be\/ZcCnWI9lEp0'><script type='text\/html' class='av-video-tmpl'><div class='avia-iframe-wrap'><iframe loading=\"lazy\" title=\"Protese fixa Ot Bridge com Ot Equator Gian Luca De Stefani\" width=\"1500\" height=\"844\" src=\"https:\/\/www.youtube.com\/embed\/ZcCnWI9lEp0?feature=oembed&autoplay=0&loop=0&controls=1&mute=0\" frameborder=\"0\" allow=\"accelerometer; autoplay; clipboard-write; encrypted-media; gyroscope; picture-in-picture; web-share\" referrerpolicy=\"strict-origin-when-cross-origin\" allowfullscreen><\/iframe><\/div><\/script><div class='av-click-to-play-overlay'><div class=\"avia_playpause_icon\"><\/div><\/div><\/div><\/p><\/div>\n<div class='av-flex-placeholder'><\/div>\n<style type=\"text\/css\" data-created_by=\"avia_inline_auto\" id=\"style-css-av-4djfk0-0583217d8109e08951b42d26fa157853\">\n.flex_column.av-4djfk0-0583217d8109e08951b42d26fa157853{\nborder-radius:0px 0px 0px 0px;\npadding:0px 0px 0px 0px;\n}\n<\/style>\n<div  class='flex_column av-4djfk0-0583217d8109e08951b42d26fa157853 av_one_third  avia-builder-el-25  el_after_av_one_third  el_before_av_one_third  flex_column_table_cell av-equal-height-column av-align-bottom av-zero-column-padding  column-top-margin'     ><p>\n<style type=\"text\/css\" data-created_by=\"avia_inline_auto\" id=\"style-css-av-kgru1jh2-de3e2004a1052a9128929e6ae58ca7be\">\n#top .av-special-heading.av-kgru1jh2-de3e2004a1052a9128929e6ae58ca7be{\npadding-bottom:10px;\n}\nbody .av-special-heading.av-kgru1jh2-de3e2004a1052a9128929e6ae58ca7be .av-special-heading-tag .heading-char{\nfont-size:25px;\n}\n.av-special-heading.av-kgru1jh2-de3e2004a1052a9128929e6ae58ca7be .av-subheading{\nfont-size:15px;\n}\n<\/style>\n<div  class='av-special-heading av-kgru1jh2-de3e2004a1052a9128929e6ae58ca7be av-special-heading-h4 blockquote modern-quote  avia-builder-el-26  el_before_av_video  avia-builder-el-first  av-linked-heading'><h4 class='av-special-heading-tag '  >Solu\u00e7\u00f5es simples em pr\u00f3teses h\u00edbridas com um sistema universal<\/h4><div class='av-subheading av-subheading_below'><p><strong>Mdt. Gian Luca De Stefani<br \/>\n<\/strong><span style=\"display:inline;unicode-bidi:bidi-override;direction:rtl;\" class=\"\">ti.38niehr<span style=\"display:none;\">obfsctd-5f5d77<\/span>&#64;inafetsed.aculnaig<\/span><\/p>\n<\/div><div class=\"special-heading-border\"><div class=\"special-heading-inner-border\"><\/div><\/div><\/div><br \/>\n<div  class='avia-video av-jtpm1wwd-31d2f936c338ba7a46c2121804083182 avia-video-16-9 av-no-preview-image avia-video-load-always av-lazyload-immediate av-lazyload-video-embed'  data-original_url='https:\/\/youtu.be\/pWnfAfWagAo'><script type='text\/html' class='av-video-tmpl'><div class='avia-iframe-wrap'><iframe loading=\"lazy\" title=\"Solu\u00e7\u00f5es simples em pr\u00f3teses h\u00edbridas com um sistema universal - Gian Luca De Stefani\" width=\"1500\" height=\"844\" src=\"https:\/\/www.youtube.com\/embed\/pWnfAfWagAo?feature=oembed&autoplay=0&loop=0&controls=1&mute=0\" frameborder=\"0\" allow=\"accelerometer; autoplay; clipboard-write; encrypted-media; gyroscope; picture-in-picture; web-share\" referrerpolicy=\"strict-origin-when-cross-origin\" allowfullscreen><\/iframe><\/div><\/script><div class='av-click-to-play-overlay'><div class=\"avia_playpause_icon\"><\/div><\/div><\/div><\/p><\/div><\/div><!--close column table wrapper. Autoclose: 1 -->\n<div class='flex_column_table av-4djfk0-42804b28c22c13597f95dbbf25adb69f sc-av_one_third av-equal-height-column-flextable'>\n<style type=\"text\/css\" data-created_by=\"avia_inline_auto\" id=\"style-css-av-4djfk0-42804b28c22c13597f95dbbf25adb69f\">\n.flex_column.av-4djfk0-42804b28c22c13597f95dbbf25adb69f{\nborder-radius:0px 0px 0px 0px;\npadding:0px 0px 0px 0px;\n}\n<\/style>\n<div  class='flex_column av-4djfk0-42804b28c22c13597f95dbbf25adb69f av_one_third  avia-builder-el-28  el_after_av_one_third  el_before_av_one_third  first flex_column_table_cell av-equal-height-column av-align-bottom av-zero-column-padding  column-top-margin'     ><\/div>\n<div class='av-flex-placeholder'><\/div>\n<style type=\"text\/css\" data-created_by=\"avia_inline_auto\" id=\"style-css-av-4djfk0-0583217d8109e08951b42d26fa157853\">\n.flex_column.av-4djfk0-0583217d8109e08951b42d26fa157853{\nborder-radius:0px 0px 0px 0px;\npadding:0px 0px 0px 0px;\n}\n<\/style>\n<div  class='flex_column av-4djfk0-0583217d8109e08951b42d26fa157853 av_one_third  avia-builder-el-29  el_after_av_one_third  el_before_av_hr  flex_column_table_cell av-equal-height-column av-align-bottom av-zero-column-padding  column-top-margin'     ><\/div><\/div><!--close column table wrapper. Autoclose: 1 -->\n\n<style type=\"text\/css\" data-created_by=\"avia_inline_auto\" id=\"style-css-av-jrypv5ek-db52f94001b846849f9d62f789a6e376\">\n#top .hr.hr-invisible.av-jrypv5ek-db52f94001b846849f9d62f789a6e376{\nheight:80px;\n}\n<\/style>\n<div  class='hr av-jrypv5ek-db52f94001b846849f9d62f789a6e376 hr-invisible  avia-builder-el-30  el_after_av_one_third  avia-builder-el-last '><span class='hr-inner '><span class=\"hr-inner-style\"><\/span><\/span><\/div>\n","protected":false},"excerpt":{"rendered":"","protected":false},"author":4,"featured_media":0,"parent":0,"menu_order":0,"comment_status":"closed","ping_status":"open","template":"","meta":{"footnotes":""},"class_list":["post-21423","page","type-page","status-publish","hentry"],"aioseo_notices":[],"publishpress_future_action":{"enabled":false,"date":"2026-04-22 00:06:32","action":"change-status","newStatus":"draft","terms":[],"taxonomy":"translation_priority","extraData":[]},"publishpress_future_workflow_manual_trigger":{"enabledWorkflows":[]},"_links":{"self":[{"href":"https:\/\/www.rhein83.com\/en\/wp-json\/wp\/v2\/pages\/21423","targetHints":{"allow":["GET"]}}],"collection":[{"href":"https:\/\/www.rhein83.com\/en\/wp-json\/wp\/v2\/pages"}],"about":[{"href":"https:\/\/www.rhein83.com\/en\/wp-json\/wp\/v2\/types\/page"}],"author":[{"embeddable":true,"href":"https:\/\/www.rhein83.com\/en\/wp-json\/wp\/v2\/users\/4"}],"replies":[{"embeddable":true,"href":"https:\/\/www.rhein83.com\/en\/wp-json\/wp\/v2\/comments?post=21423"}],"version-history":[{"count":0,"href":"https:\/\/www.rhein83.com\/en\/wp-json\/wp\/v2\/pages\/21423\/revisions"}],"wp:attachment":[{"href":"https:\/\/www.rhein83.com\/en\/wp-json\/wp\/v2\/media?parent=21423"}],"curies":[{"name":"wp","href":"https:\/\/api.w.org\/{rel}","templated":true}]}}