{"id":1220,"date":"2018-11-10T16:03:25","date_gmt":"2018-11-10T16:03:25","guid":{"rendered":"http:\/\/www.rhein83.com\/sobre-nosotros\/"},"modified":"2020-10-17T11:12:47","modified_gmt":"2020-10-17T09:12:47","slug":"sobre-nosotros","status":"publish","type":"page","link":"https:\/\/www.rhein83.com\/es\/sobre-nosotros\/","title":{"rendered":"SOBRE NOSOTROS"},"content":{"rendered":"<div id='layer_slider_1'  class='avia-layerslider main_color avia-shadow  avia-builder-el-0  el_before_av_two_fifth  avia-builder-el-first  container_wrap fullsize'  style='height: 516px; max-width: 1600px; margin: 0 auto;'  ><\/div><div id='after_layer_slider_1'  class='main_color av_default_container_wrap container_wrap fullsize'  ><div class='container av-section-cont-open' ><div class='template-page content  av-content-full alpha units'><div class='post-entry post-entry-type-page post-entry-1220'><div class='entry-content-wrapper clearfix'>\n\n<style type=\"text\/css\" data-created_by=\"avia_inline_auto\" id=\"style-css-av-5zzq-49e30270ca7852d4d6844c4df8284198\">\n.flex_column.av-5zzq-49e30270ca7852d4d6844c4df8284198{\nborder-radius:0px 0px 0px 0px;\npadding:0px 0px 0px 0px;\n}\n<\/style>\n<div  class='flex_column av-5zzq-49e30270ca7852d4d6844c4df8284198 av_two_fifth  avia-builder-el-1  el_after_av_layerslider  el_before_av_one_half  avia-builder-el-first  first flex_column_div av-zero-column-padding  '     ><style type=\"text\/css\" data-created_by=\"avia_inline_auto\" id=\"style-css-av-kfz6h9rn-1e34be3f9a0952b6a0357013c8fd637a\">\n.avia-image-container.av-kfz6h9rn-1e34be3f9a0952b6a0357013c8fd637a img.avia_image{\nbox-shadow:none;\n}\n.avia-image-container.av-kfz6h9rn-1e34be3f9a0952b6a0357013c8fd637a .av-image-caption-overlay-center{\ncolor:#ffffff;\n}\n<\/style>\n<div  class='avia-image-container av-kfz6h9rn-1e34be3f9a0952b6a0357013c8fd637a av-styling- avia-align-left  avia-builder-el-2  avia-builder-el-no-sibling '  ><div class=\"avia-image-container-inner\"><div class=\"avia-image-overlay-wrap\"><img class='avia_image ' src='https:\/\/www.rhein83.com\/wp-content\/uploads\/2020\/10\/RHEIN-SEDE1.jpg' alt='' title='RHEIN-SEDE1'  height=\"1200\" width=\"619\"  \/><\/div><\/div><\/div><\/div>\n\n<style type=\"text\/css\" data-created_by=\"avia_inline_auto\" id=\"style-css-av-5zzq-1a9c8300d0dd4398662160879d994be0\">\n.flex_column.av-5zzq-1a9c8300d0dd4398662160879d994be0{\nborder-radius:0px 0px 0px 0px;\npadding:0px 0px 0px 0px;\n}\n<\/style>\n<div  class='flex_column av-5zzq-1a9c8300d0dd4398662160879d994be0 av_one_half  avia-builder-el-3  el_after_av_two_fifth  el_before_av_one_full  flex_column_div av-zero-column-padding  '     ><p>\n<style type=\"text\/css\" data-created_by=\"avia_inline_auto\" id=\"style-css-av-kfz6h9rn-0fa1feda49544b434f635674e6d8bbdf\">\n.avia-image-container.av-kfz6h9rn-0fa1feda49544b434f635674e6d8bbdf img.avia_image{\nbox-shadow:none;\n}\n.avia-image-container.av-kfz6h9rn-0fa1feda49544b434f635674e6d8bbdf .av-image-caption-overlay-center{\ncolor:#ffffff;\n}\n<\/style>\n<div  class='avia-image-container av-kfz6h9rn-0fa1feda49544b434f635674e6d8bbdf av-styling- avia-align-left  avia-builder-el-4  el_before_av_textblock  avia-builder-el-first '  ><div class=\"avia-image-container-inner\"><div class=\"avia-image-overlay-wrap\"><img class='avia_image ' src='https:\/\/www.rhein83.com\/wp-content\/uploads\/2019\/11\/LOGO_RHEIN_DEF-002-350-300x89.png' alt='' title='LOGO_RHEIN_DEF (002) 350'  height=\"89\" width=\"300\"  \/><\/div><\/div><\/div><br \/>\n<section  class='av_textblock_section av-jm7lu8b7-5934dfa65edabf10d12001a5475b29b1 '  ><div class='avia_textblock' ><p>Los accesorios de la bola hab\u00edan existido durante muchos a\u00f1os: una esfera de metal y una gorra retentiva, tambi\u00e9n en metal.<br \/>\nPero estos ataques no alcanzaron favor, ni mercado. De ah\u00ed la intuici\u00f3n de hacer este mecanismo el\u00e1stico! Aplana la cabeza de la bola y construye una gorra el\u00e1stica. La idea tuvo \u00e9xito y hoy esta t\u00e9cnica se encuentra entre las m\u00e1s utilizadas. Rhein&#8217;83 existe desde 1983 y hoy en d\u00eda estos productos cuentan con varias copias en todo el mundo, copias que en muchos casos reflejan las formas de los objetos pero no los materiales que los componen, para los cuales el resultado funcional cambia significativamente. La investigaci\u00f3n est\u00e1 dirigida al estudio de nuevos productos, pero tambi\u00e9n refina constantemente el funcionamiento de los que est\u00e1n en uso durante a\u00f1os. Los accesorios dentales son peque\u00f1os mecanismos en movimiento continuo y muy estresados \u200b\u200bde manera impredecible, por lo que necesitan mantenimiento y actualizaciones. Algunos productos del cat\u00e1logo est\u00e1n dise\u00f1ados para mantener y restaurar la funcionalidad en todas las pr\u00f3tesis, si es necesario, directamente en la boca de los pacientes. El compromiso de Rhein&#8217;83, con su experiencia, enriquecida continuamente por colaboraciones externas con dentistas y t\u00e9cnicos dentales, es poder mejorar los est\u00e1ndares actuales y desarrollar nuevos productos a trav\u00e9s de proyectos originales.<\/p>\n<p>Ezio Nardi<\/span><\/p>\n<\/div><\/section><\/p><\/div>\n<style type=\"text\/css\" data-created_by=\"avia_inline_auto\" id=\"style-css-av-5zzq-49e30270ca7852d4d6844c4df8284198\">\n.flex_column.av-5zzq-49e30270ca7852d4d6844c4df8284198{\nborder-radius:0px 0px 0px 0px;\npadding:0px 0px 0px 0px;\n}\n<\/style>\n<div  class='flex_column av-5zzq-49e30270ca7852d4d6844c4df8284198 av_one_full  avia-builder-el-6  el_after_av_one_half  avia-builder-el-last  first flex_column_div av-zero-column-padding  column-top-margin'     ><style type=\"text\/css\" data-created_by=\"avia_inline_auto\" id=\"style-css-av-kfz6vawn-36c82e8adb0436c003ce2a6a0d0c0e62\">\n.av-horizontal-gallery.av-kfz6vawn-36c82e8adb0436c003ce2a6a0d0c0e62{\npadding:4.5% 0px;;\n}\n.av-horizontal-gallery.av-kfz6vawn-36c82e8adb0436c003ce2a6a0d0c0e62 .av-horizontal-gallery-inner{\npadding-bottom:30%;\n}\n<\/style>\n<div  class='av-horizontal-gallery av-kfz6vawn-36c82e8adb0436c003ce2a6a0d0c0e62 av-horizontal-gallery-large-gap av-horizontal-gallery-enlarge-effect  avia-builder-el-7  avia-builder-el-no-sibling  av-slideshow-ui av-control-default av-slideshow-manual av-loop-once av-loop-manual-endless av-horizontal-gallery-1' data-slideshow-data=\"{&quot;enlarge&quot;:1.3,&quot;animation&quot;:&quot;slide&quot;,&quot;autoplay&quot;:false,&quot;loop_autoplay&quot;:&quot;once&quot;,&quot;interval&quot;:5,&quot;loop_manual&quot;:&quot;manual-endless&quot;,&quot;autoplay_stopper&quot;:false,&quot;noNavigation&quot;:false,&quot;bg_slider&quot;:false,&quot;keep_padding&quot;:&quot;&quot;,&quot;hoverpause&quot;:false,&quot;show_slide_delay&quot;:0}\" ><div class='avia-slideshow-arrows avia-slideshow-controls' ><a href='#prev' class='prev-slide av-horizontal-gallery-prev avia-svg-icon avia-font-svg_entypo-fontello' data-av_svg_icon='left-open-big' data-av_iconset='svg_entypo-fontello' tabindex='-1' title=\"Anterior\"><svg version=\"1.1\" xmlns=\"http:\/\/www.w3.org\/2000\/svg\" width=\"15\" height=\"32\" viewBox=\"0 0 15 32\" preserveAspectRatio=\"xMidYMid meet\" aria-labelledby='av-svg-title-1' aria-describedby='av-svg-desc-1' role=\"graphics-symbol\" aria-hidden=\"true\">\n<title id='av-svg-title-1'>Anterior<\/title>\n<desc id='av-svg-desc-1'>Anterior<\/desc>\n<path d=\"M14.464 27.84q0.832 0.832 0 1.536-0.832 0.832-1.536 0l-12.544-12.608q-0.768-0.768 0-1.6l12.544-12.608q0.704-0.832 1.536 0 0.832 0.704 0 1.536l-11.456 11.904z\"><\/path>\n<\/svg><span class='avia_hidden_link_text'>Anterior<\/span><\/a><a href='#next' class='next-slide av-horizontal-gallery-next avia-svg-icon avia-font-svg_entypo-fontello' data-av_svg_icon='right-open-big' data-av_iconset='svg_entypo-fontello' tabindex='-1' title=\"Posterior\"><svg version=\"1.1\" xmlns=\"http:\/\/www.w3.org\/2000\/svg\" width=\"15\" height=\"32\" viewBox=\"0 0 15 32\" preserveAspectRatio=\"xMidYMid meet\" aria-labelledby='av-svg-title-2' aria-describedby='av-svg-desc-2' role=\"graphics-symbol\" aria-hidden=\"true\">\n<title id='av-svg-title-2'>Posterior<\/title>\n<desc id='av-svg-desc-2'>Posterior<\/desc>\n<path d=\"M0.416 27.84l11.456-11.84-11.456-11.904q-0.832-0.832 0-1.536 0.832-0.832 1.536 0l12.544 12.608q0.768 0.832 0 1.6l-12.544 12.608q-0.704 0.832-1.536 0-0.832-0.704 0-1.536z\"><\/path>\n<\/svg><span class='avia_hidden_link_text'>Posterior<\/span><\/a><\/div><div class='avia-slideshow-dots avia-slideshow-controls av-horizontal-gallery-dots fade-in'><a href='#1' class='goto-slide active' >1<\/a><a href='#2' class='goto-slide ' >2<\/a><a href='#3' class='goto-slide ' >3<\/a><a href='#4' class='goto-slide ' >4<\/a><\/div><div class='av-horizontal-gallery-inner' data-av-height='30'><div class=\"av-horizontal-gallery-slider\"><div class=\"av-horizontal-gallery-wrap noHover\"><img class='av-horizontal-gallery-img' width='1592' height='1110' src='https:\/\/www.rhein83.com\/wp-content\/uploads\/2020\/10\/STAFF-RHEIN83-2.jpg' title='STAFF-RHEIN83-2' alt='' \/><a href=\"https:\/\/www.rhein83.com\/wp-content\/uploads\/2020\/10\/STAFF-RHEIN83-2-1030x718.jpg\" class='av-horizontal-gallery-link avia-svg-icon avia-font-svg_entypo-fontello' data-av_svg_icon='resize-full' data-av_iconset='svg_entypo-fontello' title='STAFF-RHEIN83-2' alt='' aria-label='Open image in lightbox: STAFF-RHEIN83-2'><svg version=\"1.1\" xmlns=\"http:\/\/www.w3.org\/2000\/svg\" width=\"25\" height=\"32\" viewBox=\"0 0 25 32\" preserveAspectRatio=\"xMidYMid meet\" aria-labelledby='av-svg-title-3' aria-describedby='av-svg-desc-3' role=\"graphics-symbol\" aria-hidden=\"true\">\n<title id='av-svg-title-3'>Open image in lightbox: STAFF-RHEIN83-2<\/title>\n<desc id='av-svg-desc-3'>Open image in lightbox: STAFF-RHEIN83-2<\/desc>\n<path d=\"M15.232 3.328h10.112v10.112l-3.2-3.968-4.672 4.864-3.2-3.2 4.864-4.672zM7.872 17.536l3.2 3.2-4.864 4.672 3.904 3.2h-10.112v-10.112l3.2 3.904z\"><\/path>\n<\/svg><\/a><\/div><div class=\"av-horizontal-gallery-wrap noHover\"><img class='av-horizontal-gallery-img' width='2560' height='934' src='https:\/\/www.rhein83.com\/wp-content\/uploads\/2020\/10\/Rhein-sede2-scaled.jpg' title='Rhein-sede2' alt='' \/><a href=\"https:\/\/www.rhein83.com\/wp-content\/uploads\/2020\/10\/Rhein-sede2-1030x376.jpg\" class='av-horizontal-gallery-link avia-svg-icon avia-font-svg_entypo-fontello' data-av_svg_icon='resize-full' data-av_iconset='svg_entypo-fontello' title='Rhein-sede2' alt='' aria-label='Open image in lightbox: Rhein-sede2'><svg version=\"1.1\" xmlns=\"http:\/\/www.w3.org\/2000\/svg\" width=\"25\" height=\"32\" viewBox=\"0 0 25 32\" preserveAspectRatio=\"xMidYMid meet\" aria-labelledby='av-svg-title-4' aria-describedby='av-svg-desc-4' role=\"graphics-symbol\" aria-hidden=\"true\">\n<title id='av-svg-title-4'>Open image in lightbox: Rhein-sede2<\/title>\n<desc id='av-svg-desc-4'>Open image in lightbox: Rhein-sede2<\/desc>\n<path d=\"M15.232 3.328h10.112v10.112l-3.2-3.968-4.672 4.864-3.2-3.2 4.864-4.672zM7.872 17.536l3.2 3.2-4.864 4.672 3.904 3.2h-10.112v-10.112l3.2 3.904z\"><\/path>\n<\/svg><\/a><\/div><div class=\"av-horizontal-gallery-wrap noHover\"><img class='av-horizontal-gallery-img' width='1592' height='1110' src='https:\/\/www.rhein83.com\/wp-content\/uploads\/2020\/10\/STAFF-RHEIN83-1.jpg' title='STAFF-RHEIN83-1' alt='' \/><a href=\"https:\/\/www.rhein83.com\/wp-content\/uploads\/2020\/10\/STAFF-RHEIN83-1-1030x718.jpg\" class='av-horizontal-gallery-link avia-svg-icon avia-font-svg_entypo-fontello' data-av_svg_icon='resize-full' data-av_iconset='svg_entypo-fontello' title='STAFF-RHEIN83-1' alt='' aria-label='Open image in lightbox: STAFF-RHEIN83-1'><svg version=\"1.1\" xmlns=\"http:\/\/www.w3.org\/2000\/svg\" width=\"25\" height=\"32\" viewBox=\"0 0 25 32\" preserveAspectRatio=\"xMidYMid meet\" aria-labelledby='av-svg-title-5' aria-describedby='av-svg-desc-5' role=\"graphics-symbol\" aria-hidden=\"true\">\n<title id='av-svg-title-5'>Open image in lightbox: STAFF-RHEIN83-1<\/title>\n<desc id='av-svg-desc-5'>Open image in lightbox: STAFF-RHEIN83-1<\/desc>\n<path d=\"M15.232 3.328h10.112v10.112l-3.2-3.968-4.672 4.864-3.2-3.2 4.864-4.672zM7.872 17.536l3.2 3.2-4.864 4.672 3.904 3.2h-10.112v-10.112l3.2 3.904z\"><\/path>\n<\/svg><\/a><\/div><div class=\"av-horizontal-gallery-wrap noHover\"><img class='av-horizontal-gallery-img' width='1592' height='1110' src='https:\/\/www.rhein83.com\/wp-content\/uploads\/2020\/10\/Rhein-sede3.jpg' title='Rhein-sede3' alt='' \/><a href=\"https:\/\/www.rhein83.com\/wp-content\/uploads\/2020\/10\/Rhein-sede3-1030x718.jpg\" class='av-horizontal-gallery-link avia-svg-icon avia-font-svg_entypo-fontello' data-av_svg_icon='resize-full' data-av_iconset='svg_entypo-fontello' title='Rhein-sede3' alt='' aria-label='Open image in lightbox: Rhein-sede3'><svg version=\"1.1\" xmlns=\"http:\/\/www.w3.org\/2000\/svg\" width=\"25\" height=\"32\" viewBox=\"0 0 25 32\" preserveAspectRatio=\"xMidYMid meet\" aria-labelledby='av-svg-title-6' aria-describedby='av-svg-desc-6' role=\"graphics-symbol\" aria-hidden=\"true\">\n<title id='av-svg-title-6'>Open image in lightbox: Rhein-sede3<\/title>\n<desc id='av-svg-desc-6'>Open image in lightbox: Rhein-sede3<\/desc>\n<path d=\"M15.232 3.328h10.112v10.112l-3.2-3.968-4.672 4.864-3.2-3.2 4.864-4.672zM7.872 17.536l3.2 3.2-4.864 4.672 3.904 3.2h-10.112v-10.112l3.2 3.904z\"><\/path>\n<\/svg><\/a><\/div><\/div><\/div><\/div><\/div><\/p>\n","protected":false},"excerpt":{"rendered":"","protected":false},"author":2,"featured_media":0,"parent":0,"menu_order":0,"comment_status":"closed","ping_status":"closed","template":"","meta":{"footnotes":""},"class_list":["post-1220","page","type-page","status-publish","hentry"],"aioseo_notices":[],"publishpress_future_action":{"enabled":false,"date":"2026-05-08 15:16:47","action":"change-status","newStatus":"draft","terms":[],"taxonomy":"translation_priority","extraData":[]},"publishpress_future_workflow_manual_trigger":{"enabledWorkflows":[]},"_links":{"self":[{"href":"https:\/\/www.rhein83.com\/es\/wp-json\/wp\/v2\/pages\/1220","targetHints":{"allow":["GET"]}}],"collection":[{"href":"https:\/\/www.rhein83.com\/es\/wp-json\/wp\/v2\/pages"}],"about":[{"href":"https:\/\/www.rhein83.com\/es\/wp-json\/wp\/v2\/types\/page"}],"author":[{"embeddable":true,"href":"https:\/\/www.rhein83.com\/es\/wp-json\/wp\/v2\/users\/2"}],"replies":[{"embeddable":true,"href":"https:\/\/www.rhein83.com\/es\/wp-json\/wp\/v2\/comments?post=1220"}],"version-history":[{"count":0,"href":"https:\/\/www.rhein83.com\/es\/wp-json\/wp\/v2\/pages\/1220\/revisions"}],"wp:attachment":[{"href":"https:\/\/www.rhein83.com\/es\/wp-json\/wp\/v2\/media?parent=1220"}],"curies":[{"name":"wp","href":"https:\/\/api.w.org\/{rel}","templated":true}]}}