{"id":17803,"date":"2019-09-11T12:53:34","date_gmt":"2019-09-11T11:53:34","guid":{"rendered":"https:\/\/www.rhein83.com\/?page_id=17803"},"modified":"2026-01-26T10:28:33","modified_gmt":"2026-01-26T09:28:33","slug":"certificados","status":"publish","type":"page","link":"https:\/\/www.rhein83.com\/es\/certificados\/","title":{"rendered":"CERTIFICADOS"},"content":{"rendered":"\n<style type=\"text\/css\" data-created_by=\"avia_inline_auto\" id=\"style-css-av-6e2d6-5b379227db17c5bcfe0878a27565f969\">\n.flex_column.av-6e2d6-5b379227db17c5bcfe0878a27565f969{\nborder-radius:0px 0px 0px 0px;\npadding:0px 0px 0px 0px;\n}\n<\/style>\n<div  class='flex_column av-6e2d6-5b379227db17c5bcfe0878a27565f969 av_one_third  avia-builder-el-0  el_before_av_one_third  avia-builder-el-first  first flex_column_div av-zero-column-padding  '     ><section  class='av_textblock_section av-jocalkqk-328fbfb8e4557d3b98681d6e3ba052dc '  ><div class='avia_textblock' ><p><img decoding=\"async\" class=\"alignnone wp-image-29\" src=\"http:\/\/www.rhein83.com\/wp-content\/uploads\/2018\/09\/rhein83-logo-web-300x61.png\" alt=\"\" width=\"290\" height=\"59\" srcset=\"https:\/\/www.rhein83.com\/wp-content\/uploads\/2018\/09\/rhein83-logo-web-300x61.png 300w, https:\/\/www.rhein83.com\/wp-content\/uploads\/2018\/09\/rhein83-logo-web.png 423w\" sizes=\"(max-width: 290px) 100vw, 290px\" \/><\/p>\n<\/div><\/section><\/div>\n\n<style type=\"text\/css\" data-created_by=\"avia_inline_auto\" id=\"style-css-av-1d8vi-1d681c4e2c00cdb8330bea1151f032fd\">\n.flex_column.av-1d8vi-1d681c4e2c00cdb8330bea1151f032fd{\nborder-radius:0px 0px 0px 0px;\npadding:20px 0px 0px 0px;\n}\n<\/style>\n<div  class='flex_column av-1d8vi-1d681c4e2c00cdb8330bea1151f032fd av_one_third  avia-builder-el-2  el_after_av_one_third  el_before_av_hr  flex_column_div  '     ><style type=\"text\/css\" data-created_by=\"avia_inline_auto\" id=\"style-css-av-n62j3d-798e9a561bc4f7bd7c281abe43555b3b\">\n#top .av-special-heading.av-n62j3d-798e9a561bc4f7bd7c281abe43555b3b{\npadding-bottom:10px;\n}\nbody .av-special-heading.av-n62j3d-798e9a561bc4f7bd7c281abe43555b3b .av-special-heading-tag .heading-char{\nfont-size:25px;\n}\n.av-special-heading.av-n62j3d-798e9a561bc4f7bd7c281abe43555b3b .av-subheading{\nfont-size:15px;\n}\n<\/style>\n<div  class='av-special-heading av-n62j3d-798e9a561bc4f7bd7c281abe43555b3b av-special-heading-h1 blockquote modern-quote  avia-builder-el-3  avia-builder-el-no-sibling '><h1 class='av-special-heading-tag '  >CERTIFICADOS<\/h1><div class=\"special-heading-border\"><div class=\"special-heading-inner-border\"><\/div><\/div><\/div><\/div>\n\n<style type=\"text\/css\" data-created_by=\"avia_inline_auto\" id=\"style-css-av-joo8ewa9-4585baec1252bef46a63a2f0ccb97789\">\n#top .hr.hr-invisible.av-joo8ewa9-4585baec1252bef46a63a2f0ccb97789{\nheight:50px;\n}\n<\/style>\n<div  class='hr av-joo8ewa9-4585baec1252bef46a63a2f0ccb97789 hr-invisible  avia-builder-el-4  el_after_av_one_third  el_before_av_one_fifth '><span class='hr-inner '><span class=\"hr-inner-style\"><\/span><\/span><\/div>\n\n<style type=\"text\/css\" data-created_by=\"avia_inline_auto\" id=\"style-css-av-53avm-f62fe279bfd76d564129164978b3fc92\">\n.flex_column.av-53avm-f62fe279bfd76d564129164978b3fc92{\nborder-radius:0px 0px 0px 0px;\npadding:0px 0px 0px 0px;\n}\n<\/style>\n<div  class='flex_column av-53avm-f62fe279bfd76d564129164978b3fc92 av_one_fifth  avia-builder-el-5  el_after_av_hr  el_before_av_three_fifth  first flex_column_div av-zero-column-padding  '     ><\/div>\n\n<style type=\"text\/css\" data-created_by=\"avia_inline_auto\" id=\"style-css-av-53avm-f0f7424fcbd147817cad0366f0f749a5\">\n.flex_column.av-53avm-f0f7424fcbd147817cad0366f0f749a5{\nborder-radius:0px 0px 0px 0px;\npadding:0px 0px 0px 0px;\n}\n<\/style>\n<div  class='flex_column av-53avm-f0f7424fcbd147817cad0366f0f749a5 av_three_fifth  avia-builder-el-6  el_after_av_one_fifth  el_before_av_one_fifth  flex_column_div av-zero-column-padding  '     ><style type=\"text\/css\" data-created_by=\"avia_inline_auto\" id=\"style-css-av-k0f2kqgo-a2d4bd66ed27e46673d78b5cdd4c715c\">\n.avia-image-container.av-k0f2kqgo-a2d4bd66ed27e46673d78b5cdd4c715c img.avia_image{\nbox-shadow:none;\n}\n.avia-image-container.av-k0f2kqgo-a2d4bd66ed27e46673d78b5cdd4c715c .av-image-caption-overlay-center{\ncolor:#ffffff;\n}\n<\/style>\n<div  class='avia-image-container av-k0f2kqgo-a2d4bd66ed27e46673d78b5cdd4c715c av-styling- av-img-linked avia-align-center  avia-builder-el-7  avia-builder-el-no-sibling '  ><div class=\"avia-image-container-inner\"><div class=\"avia-image-overlay-wrap\"><a href=\"https:\/\/www.rhein83.com\/wp-content\/uploads\/2019\/09\/ACCREDIA_ICIM_9001__13485_ALLINEATI-1030x260.png\" class='avia_image '  aria-label='ACCREDIA_ICIM_9001_&amp;_13485_ALLINEATI'><img class='avia_image ' src='https:\/\/www.rhein83.com\/wp-content\/uploads\/2019\/09\/ACCREDIA_ICIM_9001__13485_ALLINEATI.png' alt='' title='ACCREDIA_ICIM_9001_&amp;_13485_ALLINEATI'  height=\"401\" width=\"1586\"  \/><\/a><\/div><\/div><\/div><\/div>\n\n<style type=\"text\/css\" data-created_by=\"avia_inline_auto\" id=\"style-css-av-53avm-f0f7424fcbd147817cad0366f0f749a5\">\n.flex_column.av-53avm-f0f7424fcbd147817cad0366f0f749a5{\nborder-radius:0px 0px 0px 0px;\npadding:0px 0px 0px 0px;\n}\n<\/style>\n<div  class='flex_column av-53avm-f0f7424fcbd147817cad0366f0f749a5 av_one_fifth  avia-builder-el-8  el_after_av_three_fifth  el_before_av_one_full  flex_column_div av-zero-column-padding  '     ><\/div>\n\n<style type=\"text\/css\" data-created_by=\"avia_inline_auto\" id=\"style-css-av-53avm-dd563bf7a744b6dda692bb668b9999b0\">\n.flex_column.av-53avm-dd563bf7a744b6dda692bb668b9999b0{\nborder-radius:0px 0px 0px 0px;\npadding:0px 0px -20px 0px;\n}\n<\/style>\n<div  class='flex_column av-53avm-dd563bf7a744b6dda692bb668b9999b0 av_one_full  avia-builder-el-9  el_after_av_one_fifth  el_before_av_section  avia-builder-el-last  first flex_column_div  column-top-margin'     ><section  class='av_textblock_section av-k0f2pidj-82b58ed4e97bf8539e21019f6d58150c '  ><div class='avia_textblock' ><h4>Rhein 83 comenz\u00f3 un proceso de &#8220;Sistema de calidad&#8221; en 1994, obteniendo la certificaci\u00f3n ISO 9001 desde 1996. En el mismo a\u00f1o, la compa\u00f1\u00eda obtuvo las primeras acreditaciones de productos de la FDA \/ USA. Y continu\u00f3 con la certificaci\u00f3n: 1998-93 \/ 42 CEE &#8211; ISO 9001 : 2015 &#8211; ISO 13485: 2016 &#8211; <strong>MDSAP<\/strong><\/h4>\n<h4>La actividad &#8220;reguladora&#8221; siempre se monitorea y actualiza constantemente, para el mantenimiento de las certificaciones actuales, su renovaci\u00f3n y adaptaci\u00f3n a las nuevas normas para dispositivos m\u00e9dicos.<\/h4>\n<\/div><\/section><br \/>\n\n<style type=\"text\/css\" data-created_by=\"avia_inline_auto\" id=\"style-css-av-joo8ewa9-4585baec1252bef46a63a2f0ccb97789\">\n#top .hr.hr-invisible.av-joo8ewa9-4585baec1252bef46a63a2f0ccb97789{\nheight:50px;\n}\n<\/style>\n<div  class='hr av-joo8ewa9-4585baec1252bef46a63a2f0ccb97789 hr-invisible  avia-builder-el-11  el_after_av_textblock  el_before_av_textblock '><span class='hr-inner '><span class=\"hr-inner-style\"><\/span><\/span><\/div><br \/>\n<section  class='av_textblock_section av-k0f2pidj-99a52268c9b885cc06e08552ca72b1a0 '  ><div class='avia_textblock' ><h4><\/h4>\n<h4><span style=\"color: #2d7ac6;\">A continuaci\u00f3n, los enlaces a los documentos de marcado ISO y CE:<\/span><\/h4>\n<\/div><\/section><\/p><\/div>\n<\/div><\/div><\/div><!-- close content main div --><\/div><\/div>\n<style type=\"text\/css\" data-created_by=\"avia_inline_auto\" id=\"style-css-av-k0f2wfm0-ee02b40e5de1447c58feca7df508a2fd\">\n.avia-section.av-k0f2wfm0-ee02b40e5de1447c58feca7df508a2fd{\nbackground-color:#2d7ac6;\nbackground-image:unset;\n}\n<\/style>\n<div id='av_section_1'  class='avia-section av-k0f2wfm0-ee02b40e5de1447c58feca7df508a2fd main_color avia-section-small avia-no-border-styling  avia-builder-el-13  el_after_av_one_full  el_before_av_section  avia-bg-style-scroll container_wrap fullsize'  ><div class='container av-section-cont-open' ><div class='template-page content  av-content-full alpha units'><div class='post-entry post-entry-type-page post-entry-17803'><div class='entry-content-wrapper clearfix'>\n\n<style type=\"text\/css\" data-created_by=\"avia_inline_auto\" id=\"style-css-av-lye2sdun-8b6a8967f55d50316e5c600fd19067c7\">\n#top .hr.hr-invisible.av-lye2sdun-8b6a8967f55d50316e5c600fd19067c7{\nheight:20px;\n}\n<\/style>\n<div  class='hr av-lye2sdun-8b6a8967f55d50316e5c600fd19067c7 hr-invisible  avia-builder-el-14  el_before_av_one_fifth  avia-builder-el-first '><span class='hr-inner '><span class=\"hr-inner-style\"><\/span><\/span><\/div>\n\n<style type=\"text\/css\" data-created_by=\"avia_inline_auto\" id=\"style-css-av-53avm-f62fe279bfd76d564129164978b3fc92\">\n.flex_column.av-53avm-f62fe279bfd76d564129164978b3fc92{\nborder-radius:0px 0px 0px 0px;\npadding:0px 0px 0px 0px;\n}\n<\/style>\n<div  class='flex_column av-53avm-f62fe279bfd76d564129164978b3fc92 av_one_fifth  avia-builder-el-15  el_after_av_hr  el_before_av_one_fifth  first flex_column_div av-zero-column-padding  '     ><p><div  class='avia-button-wrap av-k0f2tboy-48ac77530441e454a4667c86c32855a4-wrap avia-button-center  avia-builder-el-16  el_before_av_hr  avia-builder-el-first '><a href='https:\/\/www.rhein83.com\/wp-content\/uploads\/2019\/09\/CE-n.-0425-MED-003705-00.pdf'  class='avia-button av-k0f2tboy-48ac77530441e454a4667c86c32855a4 av-link-btn avia-icon_select-yes-left-icon avia-size-large avia-position-center avia-color-light'   aria-label=\"CE - MDD\"><span class='avia_button_icon avia_button_icon_left avia-iconfont avia-font-entypo-fontello' data-av_icon='\ue84b' data-av_iconfont='entypo-fontello' ><\/span><span class='avia_iconbox_title' >CE - MDD<\/span><\/a><\/div><br \/>\n\n<style type=\"text\/css\" data-created_by=\"avia_inline_auto\" id=\"style-css-av-lye2nyal-5d3388059543012260959e370c85bbd8\">\n#top .hr.hr-invisible.av-lye2nyal-5d3388059543012260959e370c85bbd8{\nheight:10px;\n}\n<\/style>\n<div  class='hr av-lye2nyal-5d3388059543012260959e370c85bbd8 hr-invisible  avia-builder-el-17  el_after_av_button  el_before_av_button '><span class='hr-inner '><span class=\"hr-inner-style\"><\/span><\/span><\/div><br \/>\n<div  class='avia-button-wrap av-lye2oirv-7d4e91165c1974c1e507d024c3c6521b-wrap avia-button-center  avia-builder-el-18  el_after_av_hr  el_before_av_hr '><a href='https:\/\/www.rhein83.com\/wp-content\/uploads\/2024\/07\/2.-MDR-Confirmation-Letter_EN_firmato.pdf'  class='avia-button av-lye2oirv-7d4e91165c1974c1e507d024c3c6521b av-link-btn avia-icon_select-yes-left-icon avia-size-large avia-position-center avia-color-light'   aria-label=\"Confirmation Letter\"><span class='avia_button_icon avia_button_icon_left avia-iconfont avia-font-entypo-fontello' data-av_icon='\ue84b' data-av_iconfont='entypo-fontello' ><\/span><span class='avia_iconbox_title' >Confirmation Letter<\/span><\/a><\/div><br \/>\n\n<style type=\"text\/css\" data-created_by=\"avia_inline_auto\" id=\"style-css-av-av_hr-3cdc9664f29087702913853352eac422\">\n#top .hr.hr-invisible.av-av_hr-3cdc9664f29087702913853352eac422{\nheight:10px;\n}\n<\/style>\n<div  class='hr av-av_hr-3cdc9664f29087702913853352eac422 hr-invisible  avia-builder-el-19  el_after_av_button  el_before_av_button '><span class='hr-inner '><span class=\"hr-inner-style\"><\/span><\/span><\/div><br \/>\n<div  class='avia-button-wrap av-lye2p1vm-38d3fdb412f89a77a9fd4795acae36ae-wrap avia-button-center  avia-builder-el-20  el_after_av_hr  avia-builder-el-last '><a href='https:\/\/www.rhein83.com\/wp-content\/uploads\/2024\/07\/230609-final_mdr_manufacturer-declaration_28-02-2024.pdf'  class='avia-button av-lye2p1vm-38d3fdb412f89a77a9fd4795acae36ae av-link-btn avia-icon_select-yes-left-icon avia-size-large avia-position-center avia-color-light'   aria-label=\"Manufacturer Declaration\"><span class='avia_button_icon avia_button_icon_left avia-iconfont avia-font-entypo-fontello' data-av_icon='\ue84b' data-av_iconfont='entypo-fontello' ><\/span><span class='avia_iconbox_title' >Manufacturer Declaration<\/span><\/a><\/div><\/p><\/div>\n<style type=\"text\/css\" data-created_by=\"avia_inline_auto\" id=\"style-css-av-53avm-f0f7424fcbd147817cad0366f0f749a5\">\n.flex_column.av-53avm-f0f7424fcbd147817cad0366f0f749a5{\nborder-radius:0px 0px 0px 0px;\npadding:0px 0px 0px 0px;\n}\n<\/style>\n<div  class='flex_column av-53avm-f0f7424fcbd147817cad0366f0f749a5 av_one_fifth  avia-builder-el-21  el_after_av_one_fifth  el_before_av_one_fifth  flex_column_div av-zero-column-padding  '     ><div  class='avia-button-wrap av-k0f2tboy-50098bcb9fe362a8bc6342ce3b9b854b-wrap avia-button-center  avia-builder-el-22  avia-builder-el-no-sibling '><a href='https:\/\/www.rhein83.com\/wp-content\/uploads\/2026\/01\/0425-MDR-030107-02-RHEIN-83-S.R.L_.pdf'  class='avia-button av-k0f2tboy-50098bcb9fe362a8bc6342ce3b9b854b av-link-btn avia-icon_select-yes-left-icon avia-size-large avia-position-center avia-color-light'   aria-label=\"CE - MDR\"><span class='avia_button_icon avia_button_icon_left avia-iconfont avia-font-entypo-fontello' data-av_icon='\ue84b' data-av_iconfont='entypo-fontello' ><\/span><span class='avia_iconbox_title' >CE - MDR<\/span><\/a><\/div><\/div>\n<style type=\"text\/css\" data-created_by=\"avia_inline_auto\" id=\"style-css-av-av_one_fifth-f7c1061df29de8cca6b42fcf455fe4a0\">\n.flex_column.av-av_one_fifth-f7c1061df29de8cca6b42fcf455fe4a0{\nborder-radius:0px 0px 0px 0px;\npadding:0px 0px 0px 0px;\n}\n<\/style>\n<div  class='flex_column av-av_one_fifth-f7c1061df29de8cca6b42fcf455fe4a0 av_one_fifth  avia-builder-el-23  el_after_av_one_fifth  el_before_av_one_fifth  flex_column_div av-zero-column-padding  '     ><div  class='avia-button-wrap av-av_button-0a61c327ab3aadf6883919b257221314-wrap avia-button-center  avia-builder-el-24  avia-builder-el-no-sibling '><a href='https:\/\/www.rhein83.com\/wp-content\/uploads\/2025\/01\/ICIM-9001-009520-04-RHEIN-83-S.R.L.pdf'  class='avia-button av-av_button-0a61c327ab3aadf6883919b257221314 av-link-btn avia-icon_select-yes-left-icon avia-size-large avia-position-center avia-color-light'   aria-label=\"ISO 9001:2015\"><span class='avia_button_icon avia_button_icon_left avia-iconfont avia-font-entypo-fontello' data-av_icon='\ue84b' data-av_iconfont='entypo-fontello' ><\/span><span class='avia_iconbox_title' >ISO 9001:2015<\/span><\/a><\/div><\/div>\n<style type=\"text\/css\" data-created_by=\"avia_inline_auto\" id=\"style-css-av-53avm-f0f7424fcbd147817cad0366f0f749a5\">\n.flex_column.av-53avm-f0f7424fcbd147817cad0366f0f749a5{\nborder-radius:0px 0px 0px 0px;\npadding:0px 0px 0px 0px;\n}\n<\/style>\n<div  class='flex_column av-53avm-f0f7424fcbd147817cad0366f0f749a5 av_one_fifth  avia-builder-el-25  el_after_av_one_fifth  el_before_av_one_fifth  flex_column_div av-zero-column-padding  '     ><div  class='avia-button-wrap av-k0f2tboy-7e5dc5dea87d8e8a4049acb3322c655a-wrap avia-button-center  avia-builder-el-26  avia-builder-el-no-sibling '><a href='https:\/\/www.rhein83.com\/wp-content\/uploads\/2024\/09\/ICIM-13485-009521-03-RHEIN-83-S.R.L.-.pdf'  class='avia-button av-k0f2tboy-7e5dc5dea87d8e8a4049acb3322c655a av-link-btn avia-icon_select-yes-left-icon avia-size-large avia-position-center avia-color-light'   aria-label=\"ISO 13485:2016\"><span class='avia_button_icon avia_button_icon_left avia-iconfont avia-font-entypo-fontello' data-av_icon='\ue84b' data-av_iconfont='entypo-fontello' ><\/span><span class='avia_iconbox_title' >ISO 13485:2016<\/span><\/a><\/div><\/div>\n<style type=\"text\/css\" data-created_by=\"avia_inline_auto\" id=\"style-css-av-53avm-f0f7424fcbd147817cad0366f0f749a5\">\n.flex_column.av-53avm-f0f7424fcbd147817cad0366f0f749a5{\nborder-radius:0px 0px 0px 0px;\npadding:0px 0px 0px 0px;\n}\n<\/style>\n<div  class='flex_column av-53avm-f0f7424fcbd147817cad0366f0f749a5 av_one_fifth  avia-builder-el-27  el_after_av_one_fifth  el_before_av_hr  flex_column_div av-zero-column-padding  '     ><div  class='avia-button-wrap av-k0f2tboy-e6de9d461ad48ffa6e99fc0a6f7e9a9f-wrap avia-button-center  avia-builder-el-28  avia-builder-el-no-sibling '><a href='https:\/\/www.rhein83.com\/wp-content\/uploads\/2024\/11\/018.22-2-MDSAP_2024-11-11.pdf'  class='avia-button av-k0f2tboy-e6de9d461ad48ffa6e99fc0a6f7e9a9f av-link-btn avia-icon_select-yes-left-icon avia-size-large avia-position-center avia-color-light'   aria-label=\"MDSAP\"><span class='avia_button_icon avia_button_icon_left avia-iconfont avia-font-entypo-fontello' data-av_icon='\ue84b' data-av_iconfont='entypo-fontello' ><\/span><span class='avia_iconbox_title' >MDSAP<\/span><\/a><\/div><\/div>\n<style type=\"text\/css\" data-created_by=\"avia_inline_auto\" id=\"style-css-av-lye2sjee-6cb9f518180cbecc5441f898059efb85\">\n#top .hr.hr-invisible.av-lye2sjee-6cb9f518180cbecc5441f898059efb85{\nheight:20px;\n}\n<\/style>\n<div  class='hr av-lye2sjee-6cb9f518180cbecc5441f898059efb85 hr-invisible  avia-builder-el-29  el_after_av_one_fifth  avia-builder-el-last '><span class='hr-inner '><span class=\"hr-inner-style\"><\/span><\/span><\/div>\n<\/div><\/div><\/div><!-- close content main div --><\/div><\/div>\n<style type=\"text\/css\" data-created_by=\"avia_inline_auto\" id=\"style-css-av-l88kh7k9-27746908da1d8cd58e65ffd21d22c36f\">\n.avia-section.av-l88kh7k9-27746908da1d8cd58e65ffd21d22c36f{\nbackground-color:#ffffff;\nbackground-image:unset;\n}\n<\/style>\n<div id='av_section_2'  class='avia-section av-l88kh7k9-27746908da1d8cd58e65ffd21d22c36f main_color avia-section-small avia-no-border-styling  avia-builder-el-30  el_after_av_section  avia-builder-el-last  avia-bg-style-scroll container_wrap fullsize'  ><div class='container av-section-cont-open' ><div class='template-page content  av-content-full alpha units'><div class='post-entry post-entry-type-page post-entry-17803'><div class='entry-content-wrapper clearfix'>\n\n<style type=\"text\/css\" data-created_by=\"avia_inline_auto\" id=\"style-css-av-l88kg4hp-b208cbae7fae3f1d24bb1147c60a12ea\">\n#top .av-special-heading.av-l88kg4hp-b208cbae7fae3f1d24bb1147c60a12ea{\npadding-bottom:10px;\n}\nbody .av-special-heading.av-l88kg4hp-b208cbae7fae3f1d24bb1147c60a12ea .av-special-heading-tag .heading-char{\nfont-size:25px;\n}\n.av-special-heading.av-l88kg4hp-b208cbae7fae3f1d24bb1147c60a12ea .av-subheading{\nfont-size:15px;\n}\n<\/style>\n<div  class='av-special-heading av-l88kg4hp-b208cbae7fae3f1d24bb1147c60a12ea av-special-heading-h2  avia-builder-el-31  el_before_av_hr  avia-builder-el-first '><h2 class='av-special-heading-tag '  >Quality Policy<\/h2><div class=\"special-heading-border\"><div class=\"special-heading-inner-border\"><\/div><\/div><\/div>\n\n<style type=\"text\/css\" data-created_by=\"avia_inline_auto\" id=\"style-css-av-av_hr-531c389f1d8d94b240a7993d33000b5f\">\n#top .hr.hr-invisible.av-av_hr-531c389f1d8d94b240a7993d33000b5f{\nheight:50px;\n}\n<\/style>\n<div  class='hr av-av_hr-531c389f1d8d94b240a7993d33000b5f hr-invisible  avia-builder-el-32  el_after_av_heading  el_before_av_one_fourth '><span class='hr-inner '><span class=\"hr-inner-style\"><\/span><\/span><\/div>\n\n<style type=\"text\/css\" data-created_by=\"avia_inline_auto\" id=\"style-css-av-av_one_fourth-25347b0a799d5b9f7058434b2a9c3182\">\n.flex_column.av-av_one_fourth-25347b0a799d5b9f7058434b2a9c3182{\nborder-radius:0px 0px 0px 0px;\npadding:0px 0px 0px 0px;\n}\n<\/style>\n<div  class='flex_column av-av_one_fourth-25347b0a799d5b9f7058434b2a9c3182 av_one_fourth  avia-builder-el-33  el_after_av_hr  el_before_av_hr  first flex_column_div av-zero-column-padding  '     ><div  class='avia-button-wrap av-l88kgyzf-8b36452c4eaa93c13db70a76acc7c744-wrap avia-button-center  avia-builder-el-34  avia-builder-el-no-sibling '><a href='https:\/\/www.rhein83.com\/wp-content\/uploads\/2025\/02\/2025-01-15-Quality-Policy-ITA-ENG-.pdf'  class='avia-button av-l88kgyzf-8b36452c4eaa93c13db70a76acc7c744 av-link-btn avia-icon_select-yes-left-icon avia-size-large avia-position-center avia-color-theme-color-highlight'   aria-label=\"QUALITY POLICY\"><span class='avia_button_icon avia_button_icon_left avia-iconfont avia-font-entypo-fontello' data-av_icon='\ue84b' data-av_iconfont='entypo-fontello' ><\/span><span class='avia_iconbox_title' >QUALITY POLICY<\/span><\/a><\/div><\/div>\n<style type=\"text\/css\" data-created_by=\"avia_inline_auto\" id=\"style-css-av-av_hr-531c389f1d8d94b240a7993d33000b5f\">\n#top .hr.hr-invisible.av-av_hr-531c389f1d8d94b240a7993d33000b5f{\nheight:50px;\n}\n<\/style>\n<div  class='hr av-av_hr-531c389f1d8d94b240a7993d33000b5f hr-invisible  avia-builder-el-35  el_after_av_one_fourth  avia-builder-el-last '><span class='hr-inner '><span class=\"hr-inner-style\"><\/span><\/span><\/div>\n<\/p>\n","protected":false},"excerpt":{"rendered":"","protected":false},"author":4,"featured_media":0,"parent":0,"menu_order":0,"comment_status":"closed","ping_status":"open","template":"","meta":{"footnotes":""},"class_list":["post-17803","page","type-page","status-publish","hentry"],"aioseo_notices":[],"publishpress_future_action":{"enabled":false,"date":"2026-04-16 07:38:47","action":"change-status","newStatus":"draft","terms":[],"taxonomy":"translation_priority","extraData":[]},"publishpress_future_workflow_manual_trigger":{"enabledWorkflows":[]},"_links":{"self":[{"href":"https:\/\/www.rhein83.com\/es\/wp-json\/wp\/v2\/pages\/17803","targetHints":{"allow":["GET"]}}],"collection":[{"href":"https:\/\/www.rhein83.com\/es\/wp-json\/wp\/v2\/pages"}],"about":[{"href":"https:\/\/www.rhein83.com\/es\/wp-json\/wp\/v2\/types\/page"}],"author":[{"embeddable":true,"href":"https:\/\/www.rhein83.com\/es\/wp-json\/wp\/v2\/users\/4"}],"replies":[{"embeddable":true,"href":"https:\/\/www.rhein83.com\/es\/wp-json\/wp\/v2\/comments?post=17803"}],"version-history":[{"count":0,"href":"https:\/\/www.rhein83.com\/es\/wp-json\/wp\/v2\/pages\/17803\/revisions"}],"wp:attachment":[{"href":"https:\/\/www.rhein83.com\/es\/wp-json\/wp\/v2\/media?parent=17803"}],"curies":[{"name":"wp","href":"https:\/\/api.w.org\/{rel}","templated":true}]}}