{"id":31271,"date":"2020-10-23T11:41:51","date_gmt":"2020-10-23T09:41:51","guid":{"rendered":"https:\/\/www.rhein83.com\/?page_id=31271"},"modified":"2025-02-17T14:23:47","modified_gmt":"2025-02-17T13:23:47","slug":"busqueda-de-diametro-de-pilar-extragrande-en-ot-equator","status":"publish","type":"page","link":"https:\/\/www.rhein83.com\/es\/productos\/busqueda-de-diametro-de-pilar-extragrande-en-ot-equator\/","title":{"rendered":"B\u00fasqueda de di\u00e1metro de T-base extragrande en OT Equator"},"content":{"rendered":"\n<style type=\"text\/css\" data-created_by=\"avia_inline_auto\" id=\"style-css-av-m7935xmq-d99ecb91ae0994a8da3a5b541acda692\">\n#top .av-special-heading.av-m7935xmq-d99ecb91ae0994a8da3a5b541acda692{\npadding-bottom:10px;\n}\nbody .av-special-heading.av-m7935xmq-d99ecb91ae0994a8da3a5b541acda692 .av-special-heading-tag .heading-char{\nfont-size:25px;\n}\n.av-special-heading.av-m7935xmq-d99ecb91ae0994a8da3a5b541acda692 .av-subheading{\nfont-size:15px;\n}\n<\/style>\n<div  class='av-special-heading av-m7935xmq-d99ecb91ae0994a8da3a5b541acda692 av-special-heading-h1  avia-builder-el-0  el_before_av_one_full  avia-builder-el-first  av-linked-heading'><h1 class='av-special-heading-tag '  >B\u00fasqueda de di\u00e1metro de T-base extragrande en OT Equator para varios tipos de implantes<\/h1><div class=\"special-heading-border\"><div class=\"special-heading-inner-border\"><\/div><\/div><\/div>\n\n<style type=\"text\/css\" data-created_by=\"avia_inline_auto\" id=\"style-css-av-1tsolf-01e8c5751ef3d240890c8ed50fff07fc\">\n.flex_column.av-1tsolf-01e8c5751ef3d240890c8ed50fff07fc{\nborder-radius:0px 0px 0px 0px;\npadding:0px 0px 0px 0px;\n}\n<\/style>\n<div  class='flex_column av-1tsolf-01e8c5751ef3d240890c8ed50fff07fc av_one_full  avia-builder-el-1  el_after_av_heading  el_before_av_one_half  first flex_column_div av-zero-column-padding  '     ><section  class='av_textblock_section av-jqnvjnej-d6a02c6e9d7c01e5504cf8cf73d540cb '  ><div class='avia_textblock' ><h3><strong>\u00a1Encuentra el T-base Extragrade sobre OT Equator adecuado para tu implante!<\/strong><\/h3>\n<p>Introducir aqu\u00ed el nombre del implante (o parte del nombre) para encontrar el T-base de titanio Extragrade ideal para tu plataforma OT Equator<\/p>\n<\/div><\/section><br \/>\n<section  class='av_textblock_section av-jp5m7vz3-02ff8cb66adf93cad286cad7d75f32aa '  ><div class='avia_textblock' ><div id=\"footable_parent_34169\"\n         class=\" footable_parent ninja_table_wrapper loading_ninja_table wp_table_data_press_parent semantic_ui colored_table\">\n                <table data-ninja_table_instance=\"ninja_table_instance_0\" data-footable_id=\"34169\" data-filter-delay=\"1000\" aria-label=\"Lista completa con aggiunte gennaio 2021 (ESP)\"            id=\"footable_34169\"\n           data-unique_identifier=\"ninja_table_unique_id_743881706_34169\"\n           class=\" foo-table ninja_footable foo_table_34169 ninja_table_unique_id_743881706_34169 ui table  ninja_search_left nt_hide_breakpoint_labels nt_search_full_width nt_type_ajax_table celled striped compact vertical_centered ninja_custom_color inverted footable-paging-right ninja_table_pro\">\n                <colgroup>\n                            <col class=\"ninja_column_0 \">\n                            <col class=\"ninja_column_1 \">\n                            <col class=\"ninja_column_2 \">\n                    <\/colgroup>\n            <\/table>\n    \n    \n    \n<\/div>\n\n<\/div><\/section><\/p><\/div>\n<style type=\"text\/css\" data-created_by=\"avia_inline_auto\" id=\"style-css-av-1tsolf-01e8c5751ef3d240890c8ed50fff07fc\">\n.flex_column.av-1tsolf-01e8c5751ef3d240890c8ed50fff07fc{\nborder-radius:0px 0px 0px 0px;\npadding:0px 0px 0px 0px;\n}\n<\/style>\n<div  class='flex_column av-1tsolf-01e8c5751ef3d240890c8ed50fff07fc av_one_half  avia-builder-el-4  el_after_av_one_full  el_before_av_one_half  first flex_column_div av-zero-column-padding  column-top-margin'     ><p>\n<style type=\"text\/css\" data-created_by=\"avia_inline_auto\" id=\"style-css-av-kf2rssef-d77fc05ef1fbfc54e85ea63a04b217cf\">\n.avia-image-container.av-kf2rssef-d77fc05ef1fbfc54e85ea63a04b217cf img.avia_image{\nbox-shadow:none;\n}\n.avia-image-container.av-kf2rssef-d77fc05ef1fbfc54e85ea63a04b217cf .av-image-caption-overlay-center{\ncolor:#ffffff;\n}\n<\/style>\n<div  class='avia-image-container av-kf2rssef-d77fc05ef1fbfc54e85ea63a04b217cf av-styling- av-img-linked avia-align-center  avia-builder-el-5  el_before_av_textblock  avia-builder-el-first '  ><div class=\"avia-image-container-inner\"><div class=\"avia-image-overlay-wrap\"><a href=\"https:\/\/www.rhein83.com\/wp-content\/uploads\/2020\/09\/Grafica_Ricerca_Moncone_extragrade-web.png\" class='avia_image '  aria-label='Grafica_Ricerca_Moncone_extragrade-web'><img class='avia_image ' src='https:\/\/www.rhein83.com\/wp-content\/uploads\/2020\/09\/Grafica_Ricerca_Moncone_extragrade-web.png' alt='' title='Grafica_Ricerca_Moncone_extragrade-web'  height=\"314\" width=\"526\"  \/><\/a><\/div><\/div><\/div><br \/>\n<section  class='av_textblock_section av-juk7ocl9-4453b11ab4e44388cfe00fb3725a92df '  ><div class='avia_textblock' ><p>Si la b\u00fasqueda no produjo ning\u00fan resultado, verifique los par\u00e1metros de b\u00fasqueda o cont\u00e1ctenos directamente para obtener m\u00e1s informaci\u00f3n completando el formulario a continuaci\u00f3n.<\/p>\n<\/div><\/section><\/p><\/div><\/p>\n\n<style type=\"text\/css\" data-created_by=\"avia_inline_auto\" id=\"style-css-av-1tsolf-269073604048e7cf2b109bf1002e1000\">\n.flex_column.av-1tsolf-269073604048e7cf2b109bf1002e1000{\nborder-radius:0px 0px 0px 0px;\npadding:0px 0px 0px 0px;\n}\n<\/style>\n<div  class='flex_column av-1tsolf-269073604048e7cf2b109bf1002e1000 av_one_half  avia-builder-el-7  el_after_av_one_half  avia-builder-el-last  flex_column_div av-zero-column-padding  column-top-margin'     ><section  class='av_textblock_section av-juk7ocl9-4453b11ab4e44388cfe00fb3725a92df '  ><div class='avia_textblock' ><div class='fluentform ff-default fluentform_wrapper_34 &quot;&quot;_wrap'><form data-form_id=\"34\" id=\"fluentform_34\" class=\"frm-fluent-form fluent_form_34 ff-el-form-top ff_form_instance_34_1 ff-form-loading &quot;&quot;\" data-form_instance=\"ff_form_instance_34_1\" method=\"POST\" ><fieldset  style=\"border: none!important;margin: 0!important;padding: 0!important;background-color: transparent!important;box-shadow: none!important;outline: none!important; min-inline-size: 100%;\">\n                    <legend class=\"ff_screen_reader_title\" style=\"display: block; margin: 0!important;padding: 0!important;height: 0!important;text-indent: -999999px;width: 0!important;overflow:hidden;\">CONTATTO MONCONE (ESP)<\/legend>        <div\n                style=\"display: none!important; position: absolute!important; transform: translateX(1000%)!important;\"\n                class=\"ff-el-group ff-hpsf-container\"\n        >\n            <div class=\"ff-el-input--label asterisk-right\">\n                <label for=\"ff_34_item_sf\" aria-label=\"Notify\">\n                    Notify                <\/label>\n            <\/div>\n            <div class=\"ff-el-input--content\">\n                <input type=\"text\"\n                       name=\"item_34__fluent_sf\"\n                       class=\"ff-el-form-control\"\n                       id=\"ff_34_item_sf\"\n                \/>\n            <\/div>\n        <\/div>\n        <input type='hidden' name='__fluent_form_embded_post_id' value='31271' \/><input type=\"hidden\" id=\"_fluentform_34_fluentformnonce\" name=\"_fluentform_34_fluentformnonce\" value=\"c59993ae63\" \/><input type=\"hidden\" name=\"_wp_http_referer\" value=\"\/es\/wp-json\/wp\/v2\/pages\/31271\" \/><div data-type=\"name-element\" data-name=\"names\" class=\" ff-field_container ff-name-field-wrapper\" ><div class='ff-t-container'><div class='ff-t-cell '><div class='ff-el-group  ff-el-form-top'><div class=\"ff-el-input--label ff-el-is-required asterisk-left\"><label for='ff_34_names_first_name_' id='label_ff_34_names_first_name_' >Nombre<\/label><\/div><div class='ff-el-input--content'><input type=\"text\" name=\"names[first_name]\" id=\"ff_34_names_first_name_\" class=\"ff-el-form-control\" placeholder=\"Nombre\" tabindex=\"1\" aria-invalid=\"false\" aria-required=true><\/div><\/div><\/div><div class='ff-t-cell '><div class='ff-el-group  ff-el-form-top'><div class=\"ff-el-input--label ff-el-is-required asterisk-left\"><label for='ff_34_names_last_name_' id='label_ff_34_names_last_name_' >Apellido<\/label><\/div><div class='ff-el-input--content'><input type=\"text\" name=\"names[last_name]\" id=\"ff_34_names_last_name_\" class=\"ff-el-form-control\" placeholder=\"Apellido\" tabindex=\"2\" aria-invalid=\"false\" aria-required=true><\/div><\/div><\/div><\/div><\/div><div data-name=\"ff_cn_id_1\"  class='ff-t-container ff-column-container ff_columns_total_2 '><div class='ff-t-cell ff-t-column-1' style='flex-basis: 50%;'><div class='ff-el-group ff-el-form-top'><div class=\"ff-el-input--label ff-el-is-required asterisk-left\"><label for='ff_34_email' id='label_ff_34_email' aria-label=\"Correo\">Correo<\/label><\/div><div class='ff-el-input--content'><input type=\"email\" name=\"email\" id=\"ff_34_email\" class=\"ff-el-form-control\" placeholder=\"Inserte aqu\u00ed su direcci\u00f3n de correo electr\u00f3nico\" data-name=\"email\" tabindex=\"3\"  aria-invalid=\"false\" aria-required=true><\/div><\/div><\/div><div class='ff-t-cell ff-t-column-2' style='flex-basis: 50%;'><div class='ff-el-group'><div class=\"ff-el-input--label ff-el-is-required asterisk-left\"><label for='ff_34_phone' id='label_ff_34_phone' aria-label=\"N\u00famero de tel\u00e9fono\">N\u00famero de tel\u00e9fono<\/label><\/div><div class='ff-el-input--content'><input name=\"phone\" class=\"ff-el-form-control ff-el-phone\" type=\"tel\" placeholder=\"N\u00famero de tel\u00e9fono\" data-name=\"phone\" id=\"ff_34_phone\" tabindex=\"4\" inputmode=\"tel\"  aria-invalid='false' aria-required=true><\/div><\/div><\/div><\/div><div data-name=\"ff_cn_id_2\"  class='ff-t-container ff-column-container ff_columns_total_2 '><div class='ff-t-cell ff-t-column-1' style='flex-basis: 50%;'><div class='ff-el-group'><div class=\"ff-el-input--label ff-el-is-required asterisk-left\"><label for='ff_34_input_text' id='label_ff_34_input_text' aria-label=\"Ciudad\">Ciudad<\/label><\/div><div class='ff-el-input--content'><input type=\"text\" name=\"input_text\" class=\"ff-el-form-control\" placeholder=\"Ciudad\" data-name=\"input_text\" tabindex=\"5\" id=\"ff_34_input_text\"  aria-invalid=\"false\" aria-required=true><\/div><\/div><\/div><div class='ff-t-cell ff-t-column-2' style='flex-basis: 50%;'><div class='ff-el-group'><div class=\"ff-el-input--label ff-el-is-required asterisk-left\"><label   aria-label=\"Soy:\">Soy:<\/label><\/div><div class='ff-el-input--content'><div class='ff-el-form-check ff-el-form-check-'><label class='ff-el-form-check-label' for='input_radio_9bde13867bf3aaeec180d7edd65831c9'><input  type=\"radio\" name=\"input_radio\" data-name=\"input_radio\" class=\"ff-el-form-check-input ff-el-form-check-radio\" tabindex=\"6\" value=\"Dentista\"  id='input_radio_9bde13867bf3aaeec180d7edd65831c9' aria-label='Dentista' aria-invalid='false' aria-required=true> <span>Dentista<\/span><\/label><\/div><div class='ff-el-form-check ff-el-form-check-'><label class='ff-el-form-check-label' for='input_radio_b7dbbe61f7c2323ffe534b1f7ae3156d'><input  type=\"radio\" name=\"input_radio\" data-name=\"input_radio\" class=\"ff-el-form-check-input ff-el-form-check-radio\" tabindex=\"-1\" value=\"T\u00e9cnico dental\"  id='input_radio_b7dbbe61f7c2323ffe534b1f7ae3156d' aria-label='T\u00e9cnico dental' aria-invalid='false' aria-required=true> <span>T\u00e9cnico dental<\/span><\/label><\/div><\/div><\/div><\/div><\/div><div class='ff-el-group'><div class=\"ff-el-input--label asterisk-left\"><label for='ff_34_description' id='label_ff_34_description' aria-label=\"Note\">Note<\/label><\/div><div class='ff-el-input--content'><textarea aria-required=\"false\" aria-labelledby=\"label_ff_34_description\" name=\"description\" id=\"ff_34_description\" class=\"ff-el-form-control\" rows=\"2\" cols=\"2\" data-name=\"description\" tabindex=\"7\" ><\/textarea><\/div><\/div><input type=\"hidden\" name=\"hidden\" value=\"B\u00fasqueda de di\u00e1metro de T-base extragrande en OT Equator\" data-name=\"hidden\" ><div data-name=\"ff_cn_id_3\"  class='ff-t-container ff-column-container ff_columns_total_3 '><div class='ff-t-cell ff-t-column-1' style='flex-basis: 33.33%;'><div class='ff-el-group'><div class=\"ff-el-input--label ff-el-is-required asterisk-left\"><label   aria-label=\"Autorizo el tratamiento de datos personales para actividades de marketing\">Autorizo el tratamiento de datos personales para actividades de marketing<\/label><\/div><div class='ff-el-input--content'><div class='ff-el-form-check ff-el-form-check-'><label class='ff-el-form-check-label' for='input_radio_1_67aac32806afa7c086333a8aa4400a06'><input  type=\"radio\" name=\"input_radio_1\" data-name=\"input_radio_1\" class=\"ff-el-form-check-input ff-el-form-check-radio\" tabindex=\"8\" value=\"yes\"  id='input_radio_1_67aac32806afa7c086333a8aa4400a06' aria-label='Yes' aria-invalid='false' aria-required=true> <span>Yes<\/span><\/label><\/div><div class='ff-el-form-check ff-el-form-check-'><label class='ff-el-form-check-label' for='input_radio_1_a5a340836a2620d5347a62ca53c77cde'><input  type=\"radio\" name=\"input_radio_1\" data-name=\"input_radio_1\" class=\"ff-el-form-check-input ff-el-form-check-radio\" tabindex=\"-1\" value=\"no\"  id='input_radio_1_a5a340836a2620d5347a62ca53c77cde' aria-label='No' aria-invalid='false' aria-required=true> <span>No<\/span><\/label><\/div><\/div><\/div><\/div><div class='ff-t-cell ff-t-column-2' style='flex-basis: 33.33%;'><div class='ff-el-group    ff-el-input--content'><div class='ff-el-form-check ff-el-tc'><label aria-label='T\u00e9rminos y condiciones: Declaro aceptar los t\u00e9rminos indicados en el Privacy Policy Contiene 1 enlace. Usa la navegaci\u00f3n por pesta\u00f1as para rese\u00f1ar.' class='ff-el-form-check-label ff_tc_label' for=terms-n-condition_80a4f1d8c11bc264efc2f2cc2a770269><span class='ff_tc_checkbox'><input type=\"checkbox\" name=\"terms-n-condition\" class=\"ff-el-form-check-input\" data-name=\"terms-n-condition\" id=\"terms-n-condition_80a4f1d8c11bc264efc2f2cc2a770269\" tabindex=\"9\"  value='on' aria-invalid='false' aria-required=true><\/span> <div class='ff_t_c'><p>Declaro aceptar los t\u00e9rminos indicados en el <a href=\"https:\/\/www.rhein83.com\/es\/privacy-policy\/\">Privacy Policy<\/a><\/p><\/div><\/label><\/div><\/div><\/div><div class='ff-t-cell ff-t-column-3' style='flex-basis: 33.33%;'><div class='ff-el-group ' ><div class='ff-el-input--content'><div data-fluent_id='34' name='g-recaptcha-response'><div\n\t\tdata-sitekey='6LfWaOgUAAAAAKZ100wHjlq53k9G5WMZPvO9L-hd'\n\t\tid='fluentform-recaptcha-34-1'\n\t\tclass='ff-el-recaptcha g-recaptcha'\n\t\tdata-callback='fluentFormrecaptchaSuccessCallback'><\/div><\/div><\/div><\/div><\/div><\/div><div class='ff-el-group ff-text-center ff_submit_btn_wrapper'><button type=\"submit\" class=\"ff-btn ff-btn-submit ff-btn-lg ff_btn_style\" tabindex=\"10\"  aria-label=\"enviar una solicitud de contacto\">enviar una solicitud de contacto<\/button><\/div><\/fieldset><\/form><div id='fluentform_34_errors' class='ff-errors-in-stack ff_form_instance_34_1 ff-form-loading_errors ff_form_instance_34_1_errors'><\/div><\/div>            <script type=\"text\/javascript\">\n                window.fluent_form_ff_form_instance_34_1 = {\"id\":\"34\",\"settings\":{\"layout\":{\"labelPlacement\":\"top\",\"helpMessagePlacement\":\"with_label\",\"errorMessagePlacement\":\"inline\",\"asteriskPlacement\":\"asterisk-left\"},\"id\":\"25\",\"restrictions\":{\"denyEmptySubmission\":{\"enabled\":false}}},\"form_instance\":\"ff_form_instance_34_1\",\"form_id_selector\":\"fluentform_34\",\"rules\":{\"names[first_name]\":{\"required\":{\"value\":true,\"message\":\"Este campo es obligatorio\"}},\"names[middle_name]\":{\"required\":{\"value\":false,\"message\":\"This field is required\"}},\"names[last_name]\":{\"required\":{\"value\":true,\"message\":\"Este campo es obligatorio\"}},\"email\":{\"required\":{\"value\":true,\"message\":\"Este campo es obligatorio\"},\"email\":{\"value\":true,\"message\":\"This field must contain a valid email\"}},\"phone\":{\"required\":{\"value\":true,\"message\":\"Este campo es obligatorio\"},\"valid_phone_number\":{\"value\":false,\"message\":\"Phone number is not valid\"}},\"input_text\":{\"required\":{\"value\":true,\"message\":\"Este campo es obligatorio\"}},\"input_radio\":{\"required\":{\"value\":true,\"message\":\"Este campo es obligatorio\"}},\"description\":{\"required\":{\"value\":false,\"message\":\"This field is required\"}},\"input_radio_1\":{\"required\":{\"value\":true,\"message\":\"This field is required\"}},\"terms-n-condition\":{\"required\":{\"value\":true,\"message\":\"Este campo es obligatorio\"}},\"g-recaptcha-response\":[]},\"debounce_time\":300};\n                            <\/script>\n            \n<\/div><\/section><\/div>\n","protected":false},"excerpt":{"rendered":"<p>Trova il moncone Extragrade su OTequator adatto al tuo impianto!<br \/>\nInserisci il nome dell\u2019impianto (o parte del nome) e potrai trovare il moncone in titanio Extragrade ideale per la tua piattaforma OT Equator!<\/p>\n","protected":false},"author":4,"featured_media":0,"parent":30395,"menu_order":0,"comment_status":"closed","ping_status":"open","template":"","meta":{"footnotes":""},"class_list":["post-31271","page","type-page","status-publish","hentry"],"aioseo_notices":[],"publishpress_future_action":{"enabled":false,"date":"2026-04-21 22:42:22","action":"change-status","newStatus":"draft","terms":[],"taxonomy":"translation_priority","extraData":[]},"publishpress_future_workflow_manual_trigger":{"enabledWorkflows":[]},"_links":{"self":[{"href":"https:\/\/www.rhein83.com\/es\/wp-json\/wp\/v2\/pages\/31271","targetHints":{"allow":["GET"]}}],"collection":[{"href":"https:\/\/www.rhein83.com\/es\/wp-json\/wp\/v2\/pages"}],"about":[{"href":"https:\/\/www.rhein83.com\/es\/wp-json\/wp\/v2\/types\/page"}],"author":[{"embeddable":true,"href":"https:\/\/www.rhein83.com\/es\/wp-json\/wp\/v2\/users\/4"}],"replies":[{"embeddable":true,"href":"https:\/\/www.rhein83.com\/es\/wp-json\/wp\/v2\/comments?post=31271"}],"version-history":[{"count":0,"href":"https:\/\/www.rhein83.com\/es\/wp-json\/wp\/v2\/pages\/31271\/revisions"}],"up":[{"embeddable":true,"href":"https:\/\/www.rhein83.com\/es\/wp-json\/wp\/v2\/pages\/30395"}],"wp:attachment":[{"href":"https:\/\/www.rhein83.com\/es\/wp-json\/wp\/v2\/media?parent=31271"}],"curies":[{"name":"wp","href":"https:\/\/api.w.org\/{rel}","templated":true}]}}