{"id":35024,"date":"2021-01-08T11:30:27","date_gmt":"2021-01-08T10:30:27","guid":{"rendered":"https:\/\/www.rhein83.com\/pagamento\/"},"modified":"2026-02-11T12:53:55","modified_gmt":"2026-02-11T11:53:55","slug":"pagamento","status":"publish","type":"page","link":"https:\/\/www.rhein83.com\/es\/pagamento\/","title":{"rendered":"Pagamento"},"content":{"rendered":"\n<style type=\"text\/css\" data-created_by=\"avia_inline_auto\" id=\"style-css-av-thklod-85b3b4147356606013080eb8d27d0733\">\n.flex_column.av-thklod-85b3b4147356606013080eb8d27d0733{\nborder-radius:0px 0px 0px 0px;\npadding:0px 0px 0px 0px;\n}\n<\/style>\n<div  class='flex_column av-thklod-85b3b4147356606013080eb8d27d0733 av_one_full  avia-builder-el-0  avia-builder-el-no-sibling  first flex_column_div av-zero-column-padding  '     ><section  class='av_textblock_section av-kjo51u4t-27b8d15d73ecc8cf0f95373bdeebf3fa '  ><div class='avia_textblock' ><p>En el campo <strong>CORREO ELECTR\u00d3NICO<\/strong> especifique: Indique la direcci\u00f3n de correo electr\u00f3nico en la que desea recibir la informaci\u00f3n relativa a la compra.<\/p>\n<p>En el campo <strong>NOMBRE<\/strong> especifique: nombre completo que se debe poner en el diploma de participaci\u00f3n, especificar tambi\u00e9n si se debe poner Dr. delante del nombre<\/p>\n<div class=\"woocommerce\"><\/div>\n<\/div><\/section><\/div>\n","protected":false},"excerpt":{"rendered":"","protected":false},"author":2,"featured_media":0,"parent":0,"menu_order":0,"comment_status":"closed","ping_status":"open","template":"","meta":{"footnotes":""},"class_list":["post-35024","page","type-page","status-publish","hentry"],"aioseo_notices":[],"publishpress_future_action":{"enabled":false,"date":"2026-05-08 15:11:41","action":"change-status","newStatus":"draft","terms":[],"taxonomy":"translation_priority","extraData":[]},"publishpress_future_workflow_manual_trigger":{"enabledWorkflows":[]},"_links":{"self":[{"href":"https:\/\/www.rhein83.com\/es\/wp-json\/wp\/v2\/pages\/35024","targetHints":{"allow":["GET"]}}],"collection":[{"href":"https:\/\/www.rhein83.com\/es\/wp-json\/wp\/v2\/pages"}],"about":[{"href":"https:\/\/www.rhein83.com\/es\/wp-json\/wp\/v2\/types\/page"}],"author":[{"embeddable":true,"href":"https:\/\/www.rhein83.com\/es\/wp-json\/wp\/v2\/users\/2"}],"replies":[{"embeddable":true,"href":"https:\/\/www.rhein83.com\/es\/wp-json\/wp\/v2\/comments?post=35024"}],"version-history":[{"count":0,"href":"https:\/\/www.rhein83.com\/es\/wp-json\/wp\/v2\/pages\/35024\/revisions"}],"wp:attachment":[{"href":"https:\/\/www.rhein83.com\/es\/wp-json\/wp\/v2\/media?parent=35024"}],"curies":[{"name":"wp","href":"https:\/\/api.w.org\/{rel}","templated":true}]}}