{"id":5241,"date":"2019-01-20T01:27:06","date_gmt":"2019-01-20T00:27:06","guid":{"rendered":"http:\/\/marketing.rhein83.com\/contactos\/oficina-de-administracion-de-contactos-y-soporte\/"},"modified":"2022-12-19T11:31:23","modified_gmt":"2022-12-19T10:31:23","slug":"contabilidad","status":"publish","type":"page","link":"https:\/\/www.rhein83.com\/es\/contactos\/contabilidad\/","title":{"rendered":"Contacto para Contabilidad"},"content":{"rendered":"\n<style type=\"text\/css\" data-created_by=\"avia_inline_auto\" id=\"style-css-av-1d8vi-6ea265f72f992ccf5e450a041ed737cf\">\n.flex_column.av-1d8vi-6ea265f72f992ccf5e450a041ed737cf{\nborder-radius:0px 0px 0px 0px;\npadding:0px 0px 0px 0px;\n}\n<\/style>\n<div  class='flex_column av-1d8vi-6ea265f72f992ccf5e450a041ed737cf av_one_fifth  avia-builder-el-0  el_before_av_two_third  avia-builder-el-first  first flex_column_div av-zero-column-padding  '     ><style type=\"text\/css\" data-created_by=\"avia_inline_auto\" id=\"style-css-av-joob6kly-de47f3bfe3a1981a5e050aaebc6470a4\">\n.av_font_icon.av-joob6kly-de47f3bfe3a1981a5e050aaebc6470a4{\ncolor:#2d7ac6;\nborder-color:#2d7ac6;\n}\n.avia-svg-icon.av-joob6kly-de47f3bfe3a1981a5e050aaebc6470a4 svg:first-child{\nstroke:#2d7ac6;\nfill:#2d7ac6;\n}\n.av_font_icon.av-joob6kly-de47f3bfe3a1981a5e050aaebc6470a4 .av-icon-char{\nfont-size:100px;\nline-height:100px;\nwidth:100px;\n}\n<\/style>\n<span  class='av_font_icon av-joob6kly-de47f3bfe3a1981a5e050aaebc6470a4 avia_animate_when_visible av-icon-style-border avia-icon-pos-center avia-iconfont avia-font-entypo-fontello avia-icon-animate'><span class='av-icon-char' data-av_icon='\ue805' data-av_iconfont='entypo-fontello' aria-hidden=\"true\" ><\/span><\/span><\/div>\n<style type=\"text\/css\" data-created_by=\"avia_inline_auto\" id=\"style-css-av-1d8vi-17bdea8e6dacc8b797c799ce1cb57e97\">\n.flex_column.av-1d8vi-17bdea8e6dacc8b797c799ce1cb57e97{\nborder-radius:0px 0px 0px 0px;\npadding:0px 0px 0px 0px;\n}\n<\/style>\n<div  class='flex_column av-1d8vi-17bdea8e6dacc8b797c799ce1cb57e97 av_two_third  avia-builder-el-2  el_after_av_one_fifth  el_before_av_section  avia-builder-el-last  flex_column_div av-zero-column-padding  '     ><style type=\"text\/css\" data-created_by=\"avia_inline_auto\" id=\"style-css-av-jshtgwaz-85099157008dc259e7001947224fa17f\">\n#top .av-special-heading.av-jshtgwaz-85099157008dc259e7001947224fa17f{\npadding-bottom:10px;\n}\nbody .av-special-heading.av-jshtgwaz-85099157008dc259e7001947224fa17f .av-special-heading-tag .heading-char{\nfont-size:25px;\n}\n.av-special-heading.av-jshtgwaz-85099157008dc259e7001947224fa17f .av-subheading{\nfont-size:15px;\n}\n<\/style>\n<div  class='av-special-heading av-jshtgwaz-85099157008dc259e7001947224fa17f av-special-heading-h1 blockquote modern-quote  avia-builder-el-3  avia-builder-el-no-sibling '><h1 class='av-special-heading-tag '  >Contacto para Contabilidad<\/h1><div class=\"special-heading-border\"><div class=\"special-heading-inner-border\"><\/div><\/div><\/div><\/div><\/p>\n<\/div><\/div><\/div><!-- close content main div --><\/div><\/div>\n<style type=\"text\/css\" data-created_by=\"avia_inline_auto\" id=\"style-css-av-5f0sc9-43a71060c42e32b81e73a73e655f49db\">\n.avia-section.av-5f0sc9-43a71060c42e32b81e73a73e655f49db{\nbackground-color:#2d7ac6;\nbackground-image:unset;\n}\n<\/style>\n<div id='av_section_1'  class='avia-section av-5f0sc9-43a71060c42e32b81e73a73e655f49db main_color avia-section-default avia-no-border-styling  avia-builder-el-4  el_after_av_two_third  avia-builder-el-last  avia-bg-style-scroll container_wrap fullsize'  ><div class='container av-section-cont-open' ><div class='template-page content  av-content-full alpha units'><div class='post-entry post-entry-type-page post-entry-5241'><div class='entry-content-wrapper clearfix'>\n\n<style type=\"text\/css\" data-created_by=\"avia_inline_auto\" id=\"style-css-av-16mm-9c0ffdb971d2afbb11783a993c5511ae\">\n.flex_column.av-16mm-9c0ffdb971d2afbb11783a993c5511ae{\nborder-radius:0px 0px 0px 0px;\npadding:0px 0px 0px 0px;\n}\n<\/style>\n<div  class='flex_column av-16mm-9c0ffdb971d2afbb11783a993c5511ae av_one_fifth  avia-builder-el-5  el_before_av_three_fifth  avia-builder-el-first  first flex_column_div av-zero-column-padding  '     ><\/div>\n<style type=\"text\/css\" data-created_by=\"avia_inline_auto\" id=\"style-css-av-av_three_fifth-f7c1061df29de8cca6b42fcf455fe4a0\">\n.flex_column.av-av_three_fifth-f7c1061df29de8cca6b42fcf455fe4a0{\nborder-radius:0px 0px 0px 0px;\npadding:0px 0px 0px 0px;\n}\n<\/style>\n<div  class='flex_column av-av_three_fifth-f7c1061df29de8cca6b42fcf455fe4a0 av_three_fifth  avia-builder-el-6  el_after_av_one_fifth  el_before_av_one_fifth  flex_column_div av-zero-column-padding  '     ><section  class='av_textblock_section av-lbunoytn-e5b63b39fcf3e9b82ee6283886bb879e '  ><div class='avia_textblock' ><p style=\"text-align: center;\"><div class='fluentform ff-default fluentform_wrapper_78 ffs_default_wrap'><form data-form_id=\"78\" id=\"fluentform_78\" class=\"frm-fluent-form fluent_form_78 ff-el-form-top ff_form_instance_78_1 ff-form-loading ffs_default\" data-form_instance=\"ff_form_instance_78_1\" method=\"POST\" ><fieldset  style=\"border: none!important;margin: 0!important;padding: 0!important;background-color: transparent!important;box-shadow: none!important;outline: none!important; min-inline-size: 100%;\">\n                    <legend class=\"ff_screen_reader_title\" style=\"display: block; margin: 0!important;padding: 0!important;height: 0!important;text-indent: -999999px;width: 0!important;overflow:hidden;\">FORM AMMINISTRAZIONE ESTERO (ESP)<\/legend>        <div\n                style=\"display: none!important; position: absolute!important; transform: translateX(1000%)!important;\"\n                class=\"ff-el-group ff-hpsf-container\"\n        >\n            <div class=\"ff-el-input--label asterisk-right\">\n                <label for=\"ff_78_item_sf\" aria-label=\"Newsletter\">\n                    Newsletter                <\/label>\n            <\/div>\n            <div class=\"ff-el-input--content\">\n                <input type=\"text\"\n                       name=\"item_78__fluent_sf\"\n                       class=\"ff-el-form-control\"\n                       id=\"ff_78_item_sf\"\n                \/>\n            <\/div>\n        <\/div>\n        <input type='hidden' name='__fluent_form_embded_post_id' value='5241' \/><input type=\"hidden\" id=\"_fluentform_78_fluentformnonce\" name=\"_fluentform_78_fluentformnonce\" value=\"fe4943d02f\" \/><input type=\"hidden\" name=\"_wp_http_referer\" value=\"\/es\/wp-json\/wp\/v2\/pages\/5241\" \/><div data-type=\"name-element\" data-name=\"names\" class=\" ff-field_container ff-name-field-wrapper\" ><div class='ff-t-container'><div class='ff-t-cell '><div class='ff-el-group  ff-el-form-hide_label'><div class=\"ff-el-input--label ff-el-is-required asterisk-right\"><label for='ff_78_names_first_name_' id='label_ff_78_names_first_name_' >Nombre<\/label><\/div><div class='ff-el-input--content'><input type=\"text\" name=\"names[first_name]\" id=\"ff_78_names_first_name_\" class=\"ff-el-form-control\" placeholder=\"Nombre\" tabindex=\"1\" aria-invalid=\"false\" aria-required=true><\/div><\/div><\/div><div class='ff-t-cell '><div class='ff-el-group  ff-el-form-hide_label'><div class=\"ff-el-input--label ff-el-is-required asterisk-right\"><label for='ff_78_names_last_name_' id='label_ff_78_names_last_name_' >Apellido<\/label><\/div><div class='ff-el-input--content'><input type=\"text\" name=\"names[last_name]\" id=\"ff_78_names_last_name_\" class=\"ff-el-form-control\" placeholder=\"Apellido\" tabindex=\"2\" aria-invalid=\"false\" aria-required=true><\/div><\/div><\/div><\/div><\/div><div class='ff-el-group ff-el-form-hide_label'><div class=\"ff-el-input--label ff-el-is-required asterisk-right\"><label for='ff_78_email' id='label_ff_78_email' aria-label=\"Correo electr\u00f3nico\">Correo electr\u00f3nico<\/label><\/div><div class='ff-el-input--content'><input type=\"email\" name=\"email\" id=\"ff_78_email\" class=\"ff-el-form-control\" placeholder=\"Correo electr\u00f3nico\" data-name=\"email\" tabindex=\"3\"  aria-invalid=\"false\" aria-required=true><\/div><\/div><div class='ff-el-group ff-el-form-hide_label'><div class=\"ff-el-input--label ff-el-is-required asterisk-right\"><label for='ff_78_subject' id='label_ff_78_subject' aria-label=\"Mensaje\">Mensaje<\/label><\/div><div class='ff-el-input--content'><input type=\"text\" name=\"subject\" class=\"ff-el-form-control\" placeholder=\"Asunto\" data-name=\"subject\" tabindex=\"4\" id=\"ff_78_subject\"  aria-invalid=\"false\" aria-required=true><\/div><\/div><div class='ff-el-group ff-el-form-hide_label'><div class=\"ff-el-input--label ff-el-is-required asterisk-right\"><label for='ff_78_message' id='label_ff_78_message' aria-label=\"Messaggio\">Messaggio<\/label><\/div><div class='ff-el-input--content'><textarea aria-required=\"true\" aria-labelledby=\"label_ff_78_message\" name=\"message\" id=\"ff_78_message\" class=\"ff-el-form-control\" placeholder=\"Messaggio\" rows=\"4\" cols=\"2\" data-name=\"message\" tabindex=\"5\" ><\/textarea><\/div><\/div><div data-name=\"ff_cn_id_1\"  class='ff-t-container ff-column-container ff_columns_total_3 '><div class='ff-t-cell ff-t-column-1' style='flex-basis: 33.33%;'><div class='ff-el-group'><div class=\"ff-el-input--label ff-el-is-required asterisk-right\"><label   aria-label=\"Autorizo el tratamiento de datos personales para actividades de marketing\">Autorizo el tratamiento de datos personales para actividades de marketing<\/label><\/div><div class='ff-el-input--content'><div class='ff-el-form-check ff-el-form-check-'><label class='ff-el-form-check-label' for='input_radio_c96a2814ad11fc2396c4bf3649f76a24'><input  type=\"radio\" name=\"input_radio\" data-name=\"input_radio\" class=\"ff-el-form-check-input ff-el-form-check-radio\" tabindex=\"6\" value=\"yes\"  id='input_radio_c96a2814ad11fc2396c4bf3649f76a24' aria-label='Yes' aria-invalid='false' aria-required=true> <span>Yes<\/span><\/label><\/div><div class='ff-el-form-check ff-el-form-check-'><label class='ff-el-form-check-label' for='input_radio_ba8a1fa5a307ff59c9c7a272a23a1cac'><input  type=\"radio\" name=\"input_radio\" data-name=\"input_radio\" class=\"ff-el-form-check-input ff-el-form-check-radio\" tabindex=\"-1\" value=\"no\"  id='input_radio_ba8a1fa5a307ff59c9c7a272a23a1cac' aria-label='No' aria-invalid='false' aria-required=true> <span>No<\/span><\/label><\/div><\/div><\/div><\/div><div class='ff-t-cell ff-t-column-2' style='flex-basis: 33.33%;'><div class='ff-el-group    ff-el-input--content'><div class='ff-el-form-check ff-el-tc'><label aria-label='T\u00e9rminos y condiciones: Declaro que acepto los t\u00e9rminos establecidos en la Pol\u00edtica de privacidad Contiene 1 enlace. Usa la navegaci\u00f3n por pesta\u00f1as para rese\u00f1ar.' class='ff-el-form-check-label ff_tc_label' for=gdpr-agreement_1baffbe8938287d603d015c98de2b24a><span class='ff_tc_checkbox'><input type=\"checkbox\" name=\"gdpr-agreement\" class=\"ff-el-form-check-input ff_gdpr_field\" data-name=\"gdpr-agreement\" id=\"gdpr-agreement_1baffbe8938287d603d015c98de2b24a\" tabindex=\"7\"  value='on' aria-invalid='false' aria-required=true><\/span> <div class='ff_t_c'>Declaro que acepto los t\u00e9rminos establecidos en la <a href=\"https:\/\/www.rhein83.com\/es\/privacy-policy\/\" target=\"_blank\">Pol\u00edtica de privacidad<\/a><\/div><\/label><\/div><\/div><\/div><div class='ff-t-cell ff-t-column-3' style='flex-basis: 33.33%;'><div class='ff-el-group ' ><div class='ff-el-input--content'><div data-fluent_id='78' name='g-recaptcha-response'><div\n\t\tdata-sitekey='6LfWaOgUAAAAAKZ100wHjlq53k9G5WMZPvO9L-hd'\n\t\tid='fluentform-recaptcha-78-1'\n\t\tclass='ff-el-recaptcha g-recaptcha'\n\t\tdata-callback='fluentFormrecaptchaSuccessCallback'><\/div><\/div><\/div><\/div><\/div><\/div><div class='ff-el-group ff-text-center ff_submit_btn_wrapper ff_submit_btn_wrapper_custom'><button class=\"ff-btn ff-btn-submit ff-btn-lg ff_btn_style wpf_has_custom_css\" type=\"submit\" name=\"custom_submit_button-78_1\" data-name=\"custom_submit_button-78_1\" tabindex=\"8\"  aria-label=\"ENVIAR SOLICITUD\">ENVIAR SOLICITUD<\/button><style>form.fluent_form_78 .wpf_has_custom_css.ff-btn-submit { background-color:rgba(39, 166, 0, 1);border-color:rgba(255, 255, 255, 1);color:#ffffff;min-width:100%; }form.fluent_form_78 .wpf_has_custom_css.ff-btn-submit:hover { background-color:#ffffff;border-color:#409EFF;color:#409EFF;min-width:100%; } <\/style><\/div><\/fieldset><\/form><div id='fluentform_78_errors' class='ff-errors-in-stack ff_form_instance_78_1 ff-form-loading_errors ff_form_instance_78_1_errors'><\/div><\/div>            <script type=\"text\/javascript\">\n                window.fluent_form_ff_form_instance_78_1 = {\"id\":\"78\",\"settings\":{\"layout\":{\"labelPlacement\":\"top\",\"helpMessagePlacement\":\"with_label\",\"errorMessagePlacement\":\"inline\",\"asteriskPlacement\":\"asterisk-right\"},\"id\":\"39\",\"restrictions\":{\"denyEmptySubmission\":{\"enabled\":false}}},\"form_instance\":\"ff_form_instance_78_1\",\"form_id_selector\":\"fluentform_78\",\"rules\":{\"names[first_name]\":{\"required\":{\"value\":true,\"message\":\"\\u00a1Este campo es obligatorio!\"}},\"names[middle_name]\":{\"required\":{\"value\":false,\"message\":\"This field is required\"}},\"names[last_name]\":{\"required\":{\"value\":true,\"message\":\"\\u00a1Este campo es obligatorio!\"}},\"email\":{\"required\":{\"value\":true,\"message\":\"\\u00a1Este campo es obligatorio!\"},\"email\":{\"value\":true,\"message\":\"This field must contain a valid email\"}},\"subject\":{\"required\":{\"value\":true,\"message\":\"\\u00a1Este campo es obligatorio!\"}},\"message\":{\"required\":{\"value\":true,\"message\":\"questo campo e' obbligatorio !\"}},\"input_radio\":{\"required\":{\"value\":true,\"message\":\"This field is required\"}},\"gdpr-agreement\":{\"required\":{\"value\":true,\"message\":\"\\u00a1Este campo es obligatorio!\"}},\"g-recaptcha-response\":[]},\"debounce_time\":300};\n                            <\/script>\n            <\/p>\n<\/div><\/section><\/div>\n<style type=\"text\/css\" data-created_by=\"avia_inline_auto\" id=\"style-css-av-av_one_fifth-f7c1061df29de8cca6b42fcf455fe4a0\">\n.flex_column.av-av_one_fifth-f7c1061df29de8cca6b42fcf455fe4a0{\nborder-radius:0px 0px 0px 0px;\npadding:0px 0px 0px 0px;\n}\n<\/style>\n<div  class='flex_column av-av_one_fifth-f7c1061df29de8cca6b42fcf455fe4a0 av_one_fifth  avia-builder-el-8  el_after_av_three_fifth  avia-builder-el-last  flex_column_div av-zero-column-padding  '     ><\/div>\n\n","protected":false},"excerpt":{"rendered":"","protected":false},"author":2,"featured_media":0,"parent":17862,"menu_order":0,"comment_status":"closed","ping_status":"open","template":"","meta":{"footnotes":""},"class_list":["post-5241","page","type-page","status-publish","hentry"],"aioseo_notices":[],"publishpress_future_action":{"enabled":false,"date":"2026-04-22 03:27:14","action":"change-status","newStatus":"draft","terms":[],"taxonomy":"translation_priority","extraData":[]},"publishpress_future_workflow_manual_trigger":{"enabledWorkflows":[]},"_links":{"self":[{"href":"https:\/\/www.rhein83.com\/es\/wp-json\/wp\/v2\/pages\/5241","targetHints":{"allow":["GET"]}}],"collection":[{"href":"https:\/\/www.rhein83.com\/es\/wp-json\/wp\/v2\/pages"}],"about":[{"href":"https:\/\/www.rhein83.com\/es\/wp-json\/wp\/v2\/types\/page"}],"author":[{"embeddable":true,"href":"https:\/\/www.rhein83.com\/es\/wp-json\/wp\/v2\/users\/2"}],"replies":[{"embeddable":true,"href":"https:\/\/www.rhein83.com\/es\/wp-json\/wp\/v2\/comments?post=5241"}],"version-history":[{"count":0,"href":"https:\/\/www.rhein83.com\/es\/wp-json\/wp\/v2\/pages\/5241\/revisions"}],"up":[{"embeddable":true,"href":"https:\/\/www.rhein83.com\/es\/wp-json\/wp\/v2\/pages\/17862"}],"wp:attachment":[{"href":"https:\/\/www.rhein83.com\/es\/wp-json\/wp\/v2\/media?parent=5241"}],"curies":[{"name":"wp","href":"https:\/\/api.w.org\/{rel}","templated":true}]}}