{"id":73917,"date":"2025-06-17T11:31:25","date_gmt":"2025-06-17T10:31:25","guid":{"rendered":"https:\/\/www.rhein83.com\/?page_id=73917"},"modified":"2025-07-09T18:26:55","modified_gmt":"2025-07-09T17:26:55","slug":"about-us","status":"publish","type":"page","link":"https:\/\/www.rhein83.com\/es\/pacientes\/about-us\/","title":{"rendered":"ABOUT US"},"content":{"rendered":"<div id='layer_slider_1'  class='avia-layerslider main_color avia-shadow  avia-builder-el-0  el_before_av_one_third  avia-builder-el-first  container_wrap fullsize'  style='height: 516px; max-width: 1600px; margin: 0 auto;'  ><\/div><div id='after_layer_slider_1'  class='main_color av_default_container_wrap container_wrap fullsize'  ><div class='container av-section-cont-open' ><div class='template-page content  av-content-full alpha units'><div class='post-entry post-entry-type-page post-entry-73917'><div class='entry-content-wrapper clearfix'>\n<div  class='flex_column av-17ingzx-66383d64c2fbb3f8674749e18d75d1d1 av_one_third  avia-builder-el-1  el_after_av_layerslider  el_before_av_one_half  avia-builder-el-first  first flex_column_div  '     ><style type=\"text\/css\" data-created_by=\"avia_inline_auto\" id=\"style-css-av-mc0c1lgo-672670e366b2f36771440d94d109f00d\">\n.avia-image-container.av-mc0c1lgo-672670e366b2f36771440d94d109f00d img.avia_image{\nbox-shadow:none;\n}\n.avia-image-container.av-mc0c1lgo-672670e366b2f36771440d94d109f00d .av-image-caption-overlay-center{\ncolor:#ffffff;\n}\n<\/style>\n<div  class='avia-image-container av-mc0c1lgo-672670e366b2f36771440d94d109f00d av-styling- avia-align-center  avia-builder-el-2  avia-builder-el-no-sibling '  ><div class=\"avia-image-container-inner\"><div class=\"avia-image-overlay-wrap\"><img class='avia_image ' src='https:\/\/www.rhein83.com\/wp-content\/uploads\/2021\/08\/Interno_Rhein-155x300.png' alt='' title='Interno_Rhein'  height=\"300\" width=\"155\"  \/><\/div><\/div><\/div><\/div>\n<div  class='flex_column av-keoc99-a16a4c48dad2241fbf490bd41b8b9237 av_one_half  avia-builder-el-3  el_after_av_one_third  avia-builder-el-last  flex_column_div  '     ><section  class='av_textblock_section av-mc0d7zrq-e408856443a2267c56400bf99e47974d '  ><div class='avia_textblock' ><p>Ya exist\u00edan desde hac\u00eda muchos a\u00f1os los enganches de bola: una bola de metal y una cofia de retenci\u00f3n, tambi\u00e9n de metal.<\/p>\n<p>Pero estas fijaciones no gozaban ni de favor ni de mercado. <strong>De ah\u00ed la intuici\u00f3n de hacer el\u00e1stico este mecanismo. Aplanar la cabeza de la bola y construir un capuch\u00f3n el\u00e1stico. La idea fue un \u00e9xito y hoy en d\u00eda esta t\u00e9cnica es una de las m\u00e1s utilizadas.<\/strong><\/p>\n<p><strong>Rhein83 existe desde 1983<\/strong> y hoy estos productos cuentan con varias copias en todo el mundo, copias que en muchos casos reflejan las formas de los objetos pero no los materiales de los que est\u00e1n hechos, por lo que el resultado funcional cambia significativamente. La investigaci\u00f3n se orienta al estudio de nuevos productos, pero tambi\u00e9n al perfeccionamiento constante del funcionamiento de los que se utilizan desde hace a\u00f1os. Los brackets dentales son peque\u00f1os mecanismos que est\u00e1n en constante movimiento y sometidos a esfuerzos imprevisibles, por lo que necesitan mantenimiento y actualizaci\u00f3n.<\/p>\n<p>Algunos de los productos del cat\u00e1logo est\u00e1n hechos para mantener y restaurar la funcionalidad, en todas las pr\u00f3tesis, si es necesario directamente en la boca de los pacientes. El compromiso de Rhein&#8217;83, con su experiencia continuamente enriquecida por colaboraciones externas con odont\u00f3logos y prot\u00e9sicos dentales, es mejorar los est\u00e1ndares actuales y desarrollar nuevos productos mediante dise\u00f1os originales.<\/p>\n<p><em>Ezio Nardi<\/em><\/p>\n<\/div><\/section><\/div>\n","protected":false},"excerpt":{"rendered":"","protected":false},"author":2028,"featured_media":0,"parent":75786,"menu_order":40,"comment_status":"closed","ping_status":"open","template":"","meta":{"footnotes":""},"class_list":["post-73917","page","type-page","status-publish","hentry"],"aioseo_notices":[],"publishpress_future_action":{"enabled":false,"date":"2026-04-13 08:46:48","action":"change-status","newStatus":"draft","terms":[],"taxonomy":"translation_priority","extraData":[]},"publishpress_future_workflow_manual_trigger":{"enabledWorkflows":[]},"_links":{"self":[{"href":"https:\/\/www.rhein83.com\/es\/wp-json\/wp\/v2\/pages\/73917","targetHints":{"allow":["GET"]}}],"collection":[{"href":"https:\/\/www.rhein83.com\/es\/wp-json\/wp\/v2\/pages"}],"about":[{"href":"https:\/\/www.rhein83.com\/es\/wp-json\/wp\/v2\/types\/page"}],"author":[{"embeddable":true,"href":"https:\/\/www.rhein83.com\/es\/wp-json\/wp\/v2\/users\/2028"}],"replies":[{"embeddable":true,"href":"https:\/\/www.rhein83.com\/es\/wp-json\/wp\/v2\/comments?post=73917"}],"version-history":[{"count":0,"href":"https:\/\/www.rhein83.com\/es\/wp-json\/wp\/v2\/pages\/73917\/revisions"}],"up":[{"embeddable":true,"href":"https:\/\/www.rhein83.com\/es\/wp-json\/wp\/v2\/pages\/75786"}],"wp:attachment":[{"href":"https:\/\/www.rhein83.com\/es\/wp-json\/wp\/v2\/media?parent=73917"}],"curies":[{"name":"wp","href":"https:\/\/api.w.org\/{rel}","templated":true}]}}