{"id":60569,"date":"2018-09-18T11:04:46","date_gmt":"2018-09-18T11:04:46","guid":{"rendered":"https:\/\/www.rhein83.com\/contatti\/"},"modified":"2024-07-22T08:53:38","modified_gmt":"2024-07-22T07:53:38","slug":"contatti","status":"publish","type":"page","link":"https:\/\/www.rhein83.com\/pt-pt\/contatti\/","title":{"rendered":"Informa\u00e7\u00f5es e assist\u00eancia"},"content":{"rendered":"\n<style type=\"text\/css\" data-created_by=\"avia_inline_auto\" id=\"style-css-av-1d8vi-6ea265f72f992ccf5e450a041ed737cf\">\n.flex_column.av-1d8vi-6ea265f72f992ccf5e450a041ed737cf{\nborder-radius:0px 0px 0px 0px;\npadding:0px 0px 0px 0px;\n}\n<\/style>\n<div  class='flex_column av-1d8vi-6ea265f72f992ccf5e450a041ed737cf av_one_full  avia-builder-el-0  el_before_av_one_half  avia-builder-el-first  first flex_column_div av-zero-column-padding  '     ><style type=\"text\/css\" data-created_by=\"avia_inline_auto\" id=\"style-css-av-joo8b2r7-78a51927c45ffaabcbbe16d23df0289c\">\n#top .av-special-heading.av-joo8b2r7-78a51927c45ffaabcbbe16d23df0289c{\npadding-bottom:10px;\n}\nbody .av-special-heading.av-joo8b2r7-78a51927c45ffaabcbbe16d23df0289c .av-special-heading-tag .heading-char{\nfont-size:25px;\n}\n.av-special-heading.av-joo8b2r7-78a51927c45ffaabcbbe16d23df0289c .av-subheading{\nfont-size:15px;\n}\n<\/style>\n<div  class='av-special-heading av-joo8b2r7-78a51927c45ffaabcbbe16d23df0289c av-special-heading-h1 blockquote modern-quote  avia-builder-el-1  avia-builder-el-no-sibling  av-linked-heading'><h1 class='av-special-heading-tag '  >Informa\u00e7\u00f5es e assist\u00eancia<\/h1><div class=\"special-heading-border\"><div class=\"special-heading-inner-border\"><\/div><\/div><\/div><\/div>\n\n<style type=\"text\/css\" data-created_by=\"avia_inline_auto\" id=\"style-css-av-6e2d6-5b379227db17c5bcfe0878a27565f969\">\n.flex_column.av-6e2d6-5b379227db17c5bcfe0878a27565f969{\nborder-radius:0px 0px 0px 0px;\npadding:0px 0px 0px 0px;\n}\n<\/style>\n<div  class='flex_column av-6e2d6-5b379227db17c5bcfe0878a27565f969 av_one_half  avia-builder-el-2  el_after_av_one_full  el_before_av_one_half  first flex_column_div av-zero-column-padding  column-top-margin'     ><p><section  class='av_textblock_section av-jocalkqk-328fbfb8e4557d3b98681d6e3ba052dc '  ><div class='avia_textblock' ><p><strong>Headquarters<\/strong><\/p>\n<p><img decoding=\"async\" class=\"alignnone wp-image-29\" src=\"http:\/\/marketing.rhein83.com\/wp-content\/uploads\/2018\/09\/rhein83-logo-web-300x61.png\" alt=\"\" width=\"236\" height=\"48\" srcset=\"https:\/\/www.rhein83.com\/wp-content\/uploads\/2018\/09\/rhein83-logo-web-300x61.png 300w, https:\/\/www.rhein83.com\/wp-content\/uploads\/2018\/09\/rhein83-logo-web.png 423w\" sizes=\"(max-width: 236px) 100vw, 236px\" \/><\/p>\n<p>Via E. Zago, 10 &#8211;\u00a040128 Bologna<\/p>\n\n<style type=\"text\/css\" data-created_by=\"avia_inline_auto\" id=\"style-css-av-7o9bu-fff6c478a76a584ede323b2bd67304a7\">\n.av_font_icon.av-7o9bu-fff6c478a76a584ede323b2bd67304a7 .av-icon-char{\nfont-size:20px;\nline-height:20px;\n}\n<\/style>\n<span  class='av_font_icon av-7o9bu-fff6c478a76a584ede323b2bd67304a7 avia_animate_when_visible av-icon-style- avia-icon-pos-left avia-iconfont avia-font-entypo-fontello av-no-color avia-icon-animate'><span class='av-icon-char' data-av_icon='\ue854' data-av_iconfont='entypo-fontello' aria-hidden=\"true\" ><\/span><\/span>\n<p><a href=\"tel:+39051244510\"> +39 051 244510<\/a><\/p>\n\n<style type=\"text\/css\" data-created_by=\"avia_inline_auto\" id=\"style-css-av-6nxja-5e857e8c9c5e0f9dc2b0d5ebb6f58765\">\n.av_font_icon.av-6nxja-5e857e8c9c5e0f9dc2b0d5ebb6f58765 .av-icon-char{\nfont-size:20px;\nline-height:20px;\n}\n<\/style>\n<span  class='av_font_icon av-6nxja-5e857e8c9c5e0f9dc2b0d5ebb6f58765 avia_animate_when_visible av-icon-style- avia-icon-pos-left avia-iconfont avia-font-entypo-fontello av-no-color avia-icon-animate'><span class='av-icon-char' data-av_icon='\ue838' data-av_iconfont='entypo-fontello' aria-hidden=\"true\" ><\/span><\/span>\n<p>+39 051 245238<\/p>\n<\/div><\/section><br \/>\n<section  class='av_textblock_section av-jocalcsh-beb378b24229f485715ab47a0bbd647f '  ><div class='avia_textblock' ><p><a href=\"#info\">\n<style type=\"text\/css\" data-created_by=\"avia_inline_auto\" id=\"style-css-av-eady-0e2f37a5544284ee6f44c7b9139b77cc\">\n.av_font_icon.av-eady-0e2f37a5544284ee6f44c7b9139b77cc .av-icon-char{\nfont-size:20px;\nline-height:20px;\n}\n<\/style>\n<span  class='av_font_icon av-eady-0e2f37a5544284ee6f44c7b9139b77cc avia_animate_when_visible av-icon-style- avia-icon-pos-left avia-iconfont avia-font-entypo-fontello av-no-color avia-icon-animate'><span class='av-icon-char' data-av_icon='\ue805' data-av_iconfont='entypo-fontello' aria-hidden=\"true\" ><\/span><\/span><\/a><\/p>\n<p><a href=\"#info\"><b>Information<\/b><\/a><\/p>\n<\/div><\/section><br \/>\n<section  class='av_textblock_section av-jocalcsh-6-739648c64b95bf38f1b37762e1d9e6b0 '  ><div class='avia_textblock' ><p><a href=\"http:\/\/marketing.rhein83.com\/contatti\/contatti-e-supporto-ordini-italia\/\" target=\"_blank\" rel=\"noopener noreferrer nofollow\">\n<style type=\"text\/css\" data-created_by=\"avia_inline_auto\" id=\"style-css-av-339ii-384a299a2e395b5930ba704d98b16173\">\n.av_font_icon.av-339ii-384a299a2e395b5930ba704d98b16173 .av-icon-char{\nfont-size:20px;\nline-height:20px;\n}\n<\/style>\n<span  class='av_font_icon av-339ii-384a299a2e395b5930ba704d98b16173 avia_animate_when_visible av-icon-style- avia-icon-pos-left avia-iconfont avia-font-entypo-fontello av-no-color avia-icon-animate'><span class='av-icon-char' data-av_icon='\ue805' data-av_iconfont='entypo-fontello' aria-hidden=\"true\" ><\/span><\/span><\/a><\/p>\n<p><a href=\"https:\/\/www.rhein83.com\/contatti\/contatti-e-supporto-ordini-italia\/\"><b>Orders Italy<\/b><\/a><\/p>\n<\/div><\/section><br \/>\n<section  class='av_textblock_section av-jocalcsh-5-8b199036f9d6ee0289a182443f411e88 '  ><div class='avia_textblock' ><p><a href=\"http:\/\/marketing.rhein83.com\/contatti\/contatti-e-supporto-ordini-estero\/\" target=\"_blank\" rel=\"noopener noreferrer nofollow\">\n<style type=\"text\/css\" data-created_by=\"avia_inline_auto\" id=\"style-css-av-2kqoy-1a2ca77aecae1a6f9679e350f33b739b\">\n.av_font_icon.av-2kqoy-1a2ca77aecae1a6f9679e350f33b739b .av-icon-char{\nfont-size:20px;\nline-height:20px;\n}\n<\/style>\n<span  class='av_font_icon av-2kqoy-1a2ca77aecae1a6f9679e350f33b739b avia_animate_when_visible av-icon-style- avia-icon-pos-left avia-iconfont avia-font-entypo-fontello av-no-color avia-icon-animate'><span class='av-icon-char' data-av_icon='\ue805' data-av_iconfont='entypo-fontello' aria-hidden=\"true\" ><\/span><\/span><\/a><\/p>\n<p><a href=\"https:\/\/www.rhein83.com\/contatti\/contatti-e-supporto-ordini-estero\/\"><b>Foreign Orders<\/b><\/a><\/p>\n<\/div><\/section><br \/>\n<section  class='av_textblock_section av-jocalcsh-4-2248d73cab2e03d08c9dbef99390953e '  ><div class='avia_textblock' ><p><a href=\"http:\/\/marketing.rhein83.com\/contatti\/contatti-e-supporto-ufficio-acquisti\/\" target=\"_blank\" rel=\"noopener noreferrer nofollow\">\n<style type=\"text\/css\" data-created_by=\"avia_inline_auto\" id=\"style-css-av-7a5e-01d436a76b31f88f451c05ed4f310e53\">\n.av_font_icon.av-7a5e-01d436a76b31f88f451c05ed4f310e53 .av-icon-char{\nfont-size:20px;\nline-height:20px;\n}\n<\/style>\n<span  class='av_font_icon av-7a5e-01d436a76b31f88f451c05ed4f310e53 avia_animate_when_visible av-icon-style- avia-icon-pos-left avia-iconfont avia-font-entypo-fontello av-no-color avia-icon-animate'><span class='av-icon-char' data-av_icon='\ue805' data-av_iconfont='entypo-fontello' aria-hidden=\"true\" ><\/span><\/span><\/a><\/p>\n<p><a href=\"https:\/\/www.rhein83.com\/contatti\/contatti-e-supporto-ufficio-acquisti\/\"><b>Purchasing Office<\/b><\/a><\/p>\n<\/div><\/section><br \/>\n<section  class='av_textblock_section av-jocalcsh-3-c5adb2a94b2a010ab36b3222293f0b66 '  ><div class='avia_textblock' ><p><a href=\"http:\/\/marketing.rhein83.com\/contatti\/contatti-e-supporto-ufficio-amministrazione\/\" target=\"_blank\" rel=\"noopener noreferrer nofollow\">\n<style type=\"text\/css\" data-created_by=\"avia_inline_auto\" id=\"style-css-av-1hsj6-2c89982a619228f2b8baa7de87558e48\">\n.av_font_icon.av-1hsj6-2c89982a619228f2b8baa7de87558e48 .av-icon-char{\nfont-size:20px;\nline-height:20px;\n}\n<\/style>\n<span  class='av_font_icon av-1hsj6-2c89982a619228f2b8baa7de87558e48 avia_animate_when_visible av-icon-style- avia-icon-pos-left avia-iconfont avia-font-entypo-fontello av-no-color avia-icon-animate'><span class='av-icon-char' data-av_icon='\ue805' data-av_iconfont='entypo-fontello' aria-hidden=\"true\" ><\/span><\/span><\/a><\/p>\n<p><a href=\"https:\/\/www.rhein83.com\/contatti\/contatti-e-supporto-ufficio-amministrazione\/\"><b>Administration Office<\/b><\/a><\/p>\n<\/div><\/section><br \/>\n<section  class='av_textblock_section av-jocalcsh-2-c6eddc1c37d46eca6aaf753f2af9f3a2 '  ><div class='avia_textblock' ><p><a href=\"http:\/\/marketing.rhein83.com\/contatti\/contatti-e-supporto-ufficio-tecnico\/\" target=\"_blank\" rel=\"noopener noreferrer nofollow\">\n<style type=\"text\/css\" data-created_by=\"avia_inline_auto\" id=\"style-css-av-rzwm-f1ec8db97ac5cd8c56520988974b19bc\">\n.av_font_icon.av-rzwm-f1ec8db97ac5cd8c56520988974b19bc .av-icon-char{\nfont-size:20px;\nline-height:20px;\n}\n<\/style>\n<span  class='av_font_icon av-rzwm-f1ec8db97ac5cd8c56520988974b19bc avia_animate_when_visible av-icon-style- avia-icon-pos-left avia-iconfont avia-font-entypo-fontello av-no-color avia-icon-animate'><span class='av-icon-char' data-av_icon='\ue805' data-av_iconfont='entypo-fontello' aria-hidden=\"true\" ><\/span><\/span><\/a><\/p>\n<p><a href=\"https:\/\/www.rhein83.com\/contatti\/contatti-e-supporto-ufficio-tecnico\/\"><b>Technical office<\/b><\/a><\/p>\n<\/div><\/section><\/p><\/div>\n\n<style type=\"text\/css\" data-created_by=\"avia_inline_auto\" id=\"style-css-av-53avm-f0f7424fcbd147817cad0366f0f749a5\">\n.flex_column.av-53avm-f0f7424fcbd147817cad0366f0f749a5{\nborder-radius:0px 0px 0px 0px;\npadding:0px 0px 0px 0px;\n}\n<\/style>\n<div  class='flex_column av-53avm-f0f7424fcbd147817cad0366f0f749a5 av_one_half  avia-builder-el-18  el_after_av_one_half  el_before_av_section  avia-builder-el-last  flex_column_div av-zero-column-padding  column-top-margin'     ><p>\n<style type=\"text\/css\" data-created_by=\"avia_inline_auto\" id=\"style-css-av-joo8c5lu-3a6a45d15e259bf1d1598ec7c2fb318b\">\n.avia-image-container.av-joo8c5lu-3a6a45d15e259bf1d1598ec7c2fb318b img.avia_image{\nbox-shadow:none;\n}\n.avia-image-container.av-joo8c5lu-3a6a45d15e259bf1d1598ec7c2fb318b .av-image-caption-overlay-center{\ncolor:#ffffff;\n}\n<\/style>\n<div  class='avia-image-container av-joo8c5lu-3a6a45d15e259bf1d1598ec7c2fb318b av-styling-circle avia_animated_image av-animated-when-visible-95 pop-up avia-align-left  avia-builder-el-19  el_before_av_hr  avia-builder-el-first '  ><div class=\"avia-image-container-inner\"><div class=\"avia-image-overlay-wrap\"><img class='avia_image ' src='https:\/\/www.rhein83.com\/wp-content\/uploads\/2022\/02\/STORNI-300x291.jpg' alt='' title='STORNI'  height=\"291\" width=\"300\"  \/><\/div><\/div><\/div><br \/>\n\n<style type=\"text\/css\" data-created_by=\"avia_inline_auto\" id=\"style-css-av-joo8ewa9-ed76d7a2aad3da9204676cab6f4db6c8\">\n#top .hr.hr-invisible.av-joo8ewa9-ed76d7a2aad3da9204676cab6f4db6c8{\nheight:20px;\n}\n<\/style>\n<div  class='hr av-joo8ewa9-ed76d7a2aad3da9204676cab6f4db6c8 hr-invisible  avia-builder-el-20  el_after_av_image  el_before_av_textblock '><span class='hr-inner '><span class=\"hr-inner-style\"><\/span><\/span><\/div><br \/>\n<section  class='av_textblock_section av-jocantkf-38cc02acf5964bacab70ad2dd349370b '  ><div class='avia_textblock' ><div class=\"contact-image\">CEO \/ Technical Director<\/div>\n<div class=\"contact-contactinfo\">\n<p><span class=\"jicons-icons\">\n<style type=\"text\/css\" data-created_by=\"avia_inline_auto\" id=\"style-css-av-6emqi-d1775c83b8cc979c520addb217fcf1c9\">\n.av_font_icon.av-6emqi-d1775c83b8cc979c520addb217fcf1c9 .av-icon-char{\nfont-size:20px;\nline-height:20px;\n}\n<\/style>\n<span  class='av_font_icon av-6emqi-d1775c83b8cc979c520addb217fcf1c9 avia_animate_when_visible av-icon-style- avia-icon-pos-left avia-iconfont avia-font-entypo-fontello av-no-color avia-icon-animate'><span class='av-icon-char' data-av_icon='\ue854' data-av_iconfont='entypo-fontello' aria-hidden=\"true\" ><\/span><\/span>\u00a0<\/span><a href=\"tel:+39051244510\"><span class=\"contact-telephone\">+39 051 244510<\/span><\/a><\/p>\n\n<style type=\"text\/css\" data-created_by=\"avia_inline_auto\" id=\"style-css-av-5f7ky-cca6b4d21c333e95ada6a2d186797c8e\">\n.av_font_icon.av-5f7ky-cca6b4d21c333e95ada6a2d186797c8e .av-icon-char{\nfont-size:20px;\nline-height:20px;\n}\n<\/style>\n<span  class='av_font_icon av-5f7ky-cca6b4d21c333e95ada6a2d186797c8e avia_animate_when_visible av-icon-style- avia-icon-pos-left avia-iconfont avia-font-entypo-fontello av-no-color avia-icon-animate'><span class='av-icon-char' data-av_icon='\ue838' data-av_iconfont='entypo-fontello' aria-hidden=\"true\" ><\/span><\/span>\n<p><span class=\"jicons-icons\">\u00a0<\/span><span class=\"contact-fax\">+39 051 245 238<\/span><\/p>\n<\/div>\n<\/div><\/section><br \/>\n<div  class='hr av-13rim-0d85f4dd99cfe297c083777b5cbac5d7 hr-default  avia-builder-el-24  el_after_av_textblock  avia-builder-el-last '><span class='hr-inner '><span class=\"hr-inner-style\"><\/span><\/span><\/div><\/p><\/div>\n<\/div><\/div><\/div><!-- close content main div --><\/div><\/div>\n<style type=\"text\/css\" data-created_by=\"avia_inline_auto\" id=\"style-css-av-joo8klt4-486458005fb9784dbd9cf394f95d9989\">\n.avia-section.av-joo8klt4-486458005fb9784dbd9cf394f95d9989{\nbackground-color:#669bd1;\nbackground-image:unset;\n}\n<\/style>\n<div id='av_section_1'  class='avia-section av-joo8klt4-486458005fb9784dbd9cf394f95d9989 main_color avia-section-default avia-no-border-styling  avia-builder-el-25  el_after_av_one_half  el_before_av_hr  avia-bg-style-scroll container_wrap fullsize'  ><div class='container av-section-cont-open' ><div class='template-page content  av-content-full alpha units'><div class='post-entry post-entry-type-page post-entry-60569'><div class='entry-content-wrapper clearfix'>\n\n<style type=\"text\/css\" data-created_by=\"avia_inline_auto\" id=\"style-css-av-16mm-9c0ffdb971d2afbb11783a993c5511ae\">\n.flex_column.av-16mm-9c0ffdb971d2afbb11783a993c5511ae{\nborder-radius:0px 0px 0px 0px;\npadding:0px 0px 0px 0px;\n}\n<\/style>\n<div  class='flex_column av-16mm-9c0ffdb971d2afbb11783a993c5511ae av_one_half  avia-builder-el-26  avia-builder-el-no-sibling  first flex_column_div av-zero-column-padding  '     ><form action=\"https:\/\/www.rhein83.com\/pt-pt\/contatti\/\" method=\"post\" data-fields-with-error=\"Found errors in the following field(s):\" class=\"avia_ajax_form av-form-labels-visible   avia-builder-el-27  avia-builder-el-no-sibling  av-custom-form-color av-light-form \" data-avia-form-id=\"1\" data-avia-redirect='' ><h3 class=''><a id=\"info\"><\/a>Contact general information<\/h3><fieldset><p class='  first_form  form_element form_fullwidth' id='element_avia_1_1'><label for=\"avia_1_1\">Name <abbr class=\"required\" title=\"required\">*<\/abbr><\/label> <input name=\"avia_1_1\" class=\"text_input is_empty\" type=\"text\" id=\"avia_1_1\" value=\"\" \/><\/p><p class='  first_form  form_element form_fullwidth' id='element_avia_2_1'><label for=\"avia_2_1\">E-Mail <abbr class=\"required\" title=\"required\">*<\/abbr><\/label> <input name=\"avia_2_1\" class=\"text_input is_email\" type=\"text\" id=\"avia_2_1\" value=\"\" \/><\/p><p class='  first_form  form_element form_fullwidth' id='element_avia_3_1'><label for=\"avia_3_1\">Subject <abbr class=\"required\" title=\"required\">*<\/abbr><\/label> <input name=\"avia_3_1\" class=\"text_input is_empty\" type=\"text\" id=\"avia_3_1\" value=\"\" \/><\/p><p class='  first_form  form_element form_fullwidth' id='element_avia_4_1'><label for=\"avia_4_1\" class=\"textare_label hidden textare_label_avia_4_1\">Message <abbr class=\"required\" title=\"required\">*<\/abbr><\/label><textarea  name=\"avia_4_1\" class=\"text_area is_empty\" cols=\"40\" rows=\"7\" id=\"avia_4_1\" ><\/textarea><\/p><p class=\"hidden\"><input type=\"text\" name=\"avia_5_1\" class=\"hidden \" id=\"avia_5_1\" value=\"\" \/><\/p><p class='   form_element form_fullwidth av-last-visible-form-element' id='element_avia_6_1'><span class='value_verifier_label'>4 + 0 = ?<\/span><input name=\"avia_6_1_verifier\" type=\"hidden\" id=\"avia_6_1_verifier\" value=\"517427713\"\/><label for=\"avia_6_1\">Please prove that you are human by solving the equation <abbr class=\"required\" title=\"required\">*<\/abbr><\/label><input name=\"avia_6_1\" class=\"text_input captcha\" type=\"text\" id=\"avia_6_1\" value=\"\"\/><\/p><p class=' av_form_privacy_check av_contact_privacy_check first_form  form_element form_fullwidth' id='element_avia_7_1'><input  name=\"avia_7_1\" class=\"input_checkbox is_empty\" type=\"checkbox\" id=\"avia_7_1\" value=\"true\"\/><label class=\"input_checkbox_label\" for=\"avia_7_1\">Accetto i termini e condizioni indicati nella <a href='https:\/\/www.rhein83.com\/privacy-policy\/' target='_blank'>Privacy Policy<\/a> <abbr class=\"required\" title=\"required\">*<\/abbr><\/label><\/p><p class=\"form_element \"><input type=\"hidden\" value=\"1\" name=\"avia_generated_form1\" \/><input type=\"submit\" value=\"Send\" class=\"button\"  data-sending-label=\"Sending\"\/><\/p><\/fieldset><\/form><div id=\"ajaxresponse_1\" class=\"ajaxresponse ajaxresponse_1 hidden\"><\/div><\/div><\/div><\/div><\/div><!-- close content main div --><\/div><\/div><div id='after_section_1'  class='main_color av_default_container_wrap container_wrap fullsize'  ><div class='container av-section-cont-open' ><div class='template-page content  av-content-full alpha units'><div class='post-entry post-entry-type-page post-entry-60569'><div class='entry-content-wrapper clearfix'>\n<style type=\"text\/css\" data-created_by=\"avia_inline_auto\" id=\"style-css-av-joo8ewa9-1-5696cbbc42a805900cb04a5259d25696\">\n#top .hr.hr-invisible.av-joo8ewa9-1-5696cbbc42a805900cb04a5259d25696{\nheight:50px;\n}\n<\/style>\n<div  class='hr av-joo8ewa9-1-5696cbbc42a805900cb04a5259d25696 hr-invisible  avia-builder-el-28  el_after_av_section  avia-builder-el-no-sibling '><span class='hr-inner '><span class=\"hr-inner-style\"><\/span><\/span><\/div><\/p>\n","protected":false},"excerpt":{"rendered":"","protected":false},"author":2,"featured_media":0,"parent":0,"menu_order":0,"comment_status":"closed","ping_status":"open","template":"","meta":{"footnotes":""},"class_list":["post-60569","page","type-page","status-publish","hentry"],"aioseo_notices":[],"publishpress_future_action":{"enabled":false,"date":"2026-04-13 22:39:23","action":"change-status","newStatus":"draft","terms":[],"taxonomy":"translation_priority","extraData":[]},"publishpress_future_workflow_manual_trigger":{"enabledWorkflows":[]},"_links":{"self":[{"href":"https:\/\/www.rhein83.com\/pt-pt\/wp-json\/wp\/v2\/pages\/60569","targetHints":{"allow":["GET"]}}],"collection":[{"href":"https:\/\/www.rhein83.com\/pt-pt\/wp-json\/wp\/v2\/pages"}],"about":[{"href":"https:\/\/www.rhein83.com\/pt-pt\/wp-json\/wp\/v2\/types\/page"}],"author":[{"embeddable":true,"href":"https:\/\/www.rhein83.com\/pt-pt\/wp-json\/wp\/v2\/users\/2"}],"replies":[{"embeddable":true,"href":"https:\/\/www.rhein83.com\/pt-pt\/wp-json\/wp\/v2\/comments?post=60569"}],"version-history":[{"count":0,"href":"https:\/\/www.rhein83.com\/pt-pt\/wp-json\/wp\/v2\/pages\/60569\/revisions"}],"wp:attachment":[{"href":"https:\/\/www.rhein83.com\/pt-pt\/wp-json\/wp\/v2\/media?parent=60569"}],"curies":[{"name":"wp","href":"https:\/\/api.w.org\/{rel}","templated":true}]}}