{"id":60581,"date":"2020-10-11T17:41:43","date_gmt":"2020-10-11T15:41:43","guid":{"rendered":"https:\/\/www.rhein83.com\/distributors\/"},"modified":"2023-10-16T08:05:29","modified_gmt":"2023-10-16T07:05:29","slug":"distribuidores","status":"publish","type":"page","link":"https:\/\/www.rhein83.com\/pt-pt\/distribuidores\/","title":{"rendered":"Distribuidores"},"content":{"rendered":"<div id='layer_slider_1'  class='avia-layerslider main_color avia-shadow  avia-builder-el-0  el_before_av_submenu  avia-builder-el-first  container_wrap fullsize'  style='height: 516px; max-width: 1600px; margin: 0 auto;'  ><\/div>\n<div class='clear'><\/div><div id='sub_menu1'  class='av-submenu-container av-kfxonsgl-7fa835498d7d2771852e3df64d5e93a9 alternate_color  avia-builder-el-1  el_after_av_layerslider  el_before_av_textblock  av-sticky-submenu submenu-not-first container_wrap fullsize' style='z-index:301' ><div class='container av-menu-mobile-disabled av-submenu-pos-center'><ul id=\"menu-distributori\" class=\"av-subnav-menu\" role=\"menu\"><li role=\"menuitem\" id=\"menu-item-28129\" class=\"menu-item menu-item-type-post_type menu-item-object-page menu-item-top-level menu-item-top-level-1\"><a href=\"https:\/\/www.rhein83.com\/distributori\/europa\/\" tabindex=\"0\"><span class=\"avia-bullet\"><\/span><span class=\"avia-menu-text\">Europe<\/span><span class=\"avia-menu-fx\"><span class=\"avia-arrow-wrap\"><span class=\"avia-arrow\"><\/span><\/span><\/span><\/a><\/li>\n<li role=\"menuitem\" id=\"menu-item-28038\" class=\"menu-item menu-item-type-post_type menu-item-object-page menu-item-top-level menu-item-top-level-2\"><a href=\"https:\/\/www.rhein83.com\/distributori\/nord-america\/\" tabindex=\"0\"><span class=\"avia-bullet\"><\/span><span class=\"avia-menu-text\">North America<\/span><span class=\"avia-menu-fx\"><span class=\"avia-arrow-wrap\"><span class=\"avia-arrow\"><\/span><\/span><\/span><\/a><\/li>\n<li role=\"menuitem\" id=\"menu-item-28059\" class=\"menu-item menu-item-type-post_type menu-item-object-page menu-item-top-level menu-item-top-level-3\"><a href=\"https:\/\/www.rhein83.com\/distributori\/centro-america\/\" tabindex=\"0\"><span class=\"avia-bullet\"><\/span><span class=\"avia-menu-text\">Central America<\/span><span class=\"avia-menu-fx\"><span class=\"avia-arrow-wrap\"><span class=\"avia-arrow\"><\/span><\/span><\/span><\/a><\/li>\n<li role=\"menuitem\" id=\"menu-item-28130\" class=\"menu-item menu-item-type-post_type menu-item-object-page menu-item-top-level menu-item-top-level-4\"><a href=\"https:\/\/www.rhein83.com\/distributori\/sud-america\/\" tabindex=\"0\"><span class=\"avia-bullet\"><\/span><span class=\"avia-menu-text\">South America<\/span><span class=\"avia-menu-fx\"><span class=\"avia-arrow-wrap\"><span class=\"avia-arrow\"><\/span><\/span><\/span><\/a><\/li>\n<li role=\"menuitem\" id=\"menu-item-28037\" class=\"menu-item menu-item-type-post_type menu-item-object-page menu-item-top-level menu-item-top-level-5\"><a href=\"https:\/\/www.rhein83.com\/distributori\/asia\/\" tabindex=\"0\"><span class=\"avia-bullet\"><\/span><span class=\"avia-menu-text\">Asia<\/span><span class=\"avia-menu-fx\"><span class=\"avia-arrow-wrap\"><span class=\"avia-arrow\"><\/span><\/span><\/span><\/a><\/li>\n<li role=\"menuitem\" id=\"menu-item-28128\" class=\"menu-item menu-item-type-post_type menu-item-object-page menu-item-top-level menu-item-top-level-6\"><a href=\"https:\/\/www.rhein83.com\/distributori\/africa\/\" tabindex=\"0\"><span class=\"avia-bullet\"><\/span><span class=\"avia-menu-text\">Africa<\/span><span class=\"avia-menu-fx\"><span class=\"avia-arrow-wrap\"><span class=\"avia-arrow\"><\/span><\/span><\/span><\/a><\/li>\n<li role=\"menuitem\" id=\"menu-item-28127\" class=\"menu-item menu-item-type-post_type menu-item-object-page menu-item-top-level menu-item-top-level-7\"><a href=\"https:\/\/www.rhein83.com\/distributori\/oceania\/\" tabindex=\"0\"><span class=\"avia-bullet\"><\/span><span class=\"avia-menu-text\">Oceania<\/span><span class=\"avia-menu-fx\"><span class=\"avia-arrow-wrap\"><span class=\"avia-arrow\"><\/span><\/span><\/span><\/a><\/li>\n<\/ul><\/div><\/div><div class='sticky_placeholder'><\/div><div id='after_submenu_1'  class='main_color av_default_container_wrap container_wrap fullsize'  ><div class='container av-section-cont-open' ><div class='template-page content  av-content-full alpha units'><div class='post-entry post-entry-type-page post-entry-60581'><div class='entry-content-wrapper clearfix'>\n<section  class='av_textblock_section av-joc4q097-530038b267ee08baf0a50c15595ce995 '  ><div class='avia_textblock' ><h3>O Rhein83 tem rela\u00e7\u00f5es com escolas e universidades em It\u00e1lia e em alguns pa\u00edses estrangeiros.<\/h3>\n<p>Estas rela\u00e7\u00f5es, juntamente com o empenho e a presen\u00e7a em feiras, confer\u00eancias, cursos e publicidade em revistas, levaram ao conhecimento e \u00e0 difus\u00e3o dos ataques Rhein83 em muitos pa\u00edses do mundo.<\/p>\n<\/div><\/section>\n<\/div><\/div><\/div><!-- close content main div --><\/div><\/div>\n<style type=\"text\/css\" data-created_by=\"avia_inline_auto\" id=\"style-css-av-kfxwgt6l-a947634fbf80883d6b5d02d63883d469\">\n.avia-section.av-kfxwgt6l-a947634fbf80883d6b5d02d63883d469{\nbackground-color:#efefef;\nbackground-image:url(https:\/\/www.rhein83.com\/wp-content\/uploads\/2020\/10\/mappa-mondo-1.jpg);\nbackground-repeat:no-repeat;\nbackground-position:50% 0%;\nbackground-attachment:scroll;\n}\n<\/style>\n<div id='av_section_1'  class='avia-section av-kfxwgt6l-a947634fbf80883d6b5d02d63883d469 main_color avia-section-small avia-no-border-styling  avia-builder-el-3  el_after_av_textblock  avia-builder-el-last  avia-bg-style-scroll container_wrap fullsize'  data-section-bg-repeat='no-repeat'><div class='container av-section-cont-open' ><div class='template-page content  av-content-full alpha units'><div class='post-entry post-entry-type-page post-entry-60581'><div class='entry-content-wrapper clearfix'>\n\n<style type=\"text\/css\" data-created_by=\"avia_inline_auto\" id=\"style-css-av-lnsjvke8-892f44db42fa1ce08f1bc25a81632693\">\n#top .av-special-heading.av-lnsjvke8-892f44db42fa1ce08f1bc25a81632693{\npadding-bottom:10px;\n}\nbody .av-special-heading.av-lnsjvke8-892f44db42fa1ce08f1bc25a81632693 .av-special-heading-tag .heading-char{\nfont-size:25px;\n}\n.av-special-heading.av-lnsjvke8-892f44db42fa1ce08f1bc25a81632693 .av-subheading{\nfont-size:15px;\n}\n<\/style>\n<div  class='av-special-heading av-lnsjvke8-892f44db42fa1ce08f1bc25a81632693 av-special-heading-h2  avia-builder-el-4  el_before_av_hr  avia-builder-el-first '><h2 class='av-special-heading-tag '  >Distribuidores RHEIN83 em todo o mundo<\/h2><div class=\"special-heading-border\"><div class=\"special-heading-inner-border\"><\/div><\/div><\/div>\n\n<style type=\"text\/css\" data-created_by=\"avia_inline_auto\" id=\"style-css-av-kfxxq106-3532f8a9021b6ae8d41d9cc86289947b\">\n#top .hr.hr-invisible.av-kfxxq106-3532f8a9021b6ae8d41d9cc86289947b{\nheight:20px;\n}\n<\/style>\n<div  class='hr av-kfxxq106-3532f8a9021b6ae8d41d9cc86289947b hr-invisible  avia-builder-el-5  el_after_av_heading  el_before_av_one_fourth '><span class='hr-inner '><span class=\"hr-inner-style\"><\/span><\/span><\/div>\n\n<style type=\"text\/css\" data-created_by=\"avia_inline_auto\" id=\"style-css-av-4zwww5t-1392810d912a81b7f8c63fddbf382339\">\n.flex_column.av-4zwww5t-1392810d912a81b7f8c63fddbf382339{\nborder-radius:0px 0px 0px 0px;\npadding:0px 0px 0px 0px;\n}\n<\/style>\n<div  class='flex_column av-4zwww5t-1392810d912a81b7f8c63fddbf382339 av_one_fourth  avia-builder-el-6  el_after_av_hr  el_before_av_one_fourth  first flex_column_div av-zero-column-padding  '     ><p>\n<style type=\"text\/css\" data-created_by=\"avia_inline_auto\" id=\"style-css-av-fq9yz5-e6f85982efa0e53b8c83da259d62e592\">\n.av_font_icon.av-fq9yz5-e6f85982efa0e53b8c83da259d62e592{\ncolor:#2d7ac6;\nborder-color:#2d7ac6;\n}\n.avia-svg-icon.av-fq9yz5-e6f85982efa0e53b8c83da259d62e592 svg:first-child{\nstroke:#2d7ac6;\nfill:#2d7ac6;\n}\n.av_font_icon.av-fq9yz5-e6f85982efa0e53b8c83da259d62e592 .av-icon-char{\nfont-size:120px;\nline-height:120px;\n}\n<\/style>\n<span  class='av_font_icon av-fq9yz5-e6f85982efa0e53b8c83da259d62e592 avia_animate_when_visible av-icon-style- avia-icon-pos-center avia-iconfont avia-font-iconrheinmappe avia-icon-animate'><a href='https:\/\/www.rhein83.com\/en\/distributors\/europe\/'   class='av-icon-char' data-av_icon='\ue820' data-av_iconfont='iconrheinmappe' aria-hidden=\"false\" data-avia-icon-tooltip=\"&lt;br \/&gt;\nEuropa&lt;br \/&gt;\n\"><\/a><\/span><br \/>\n<section  class='av_textblock_section av-kfxtqlou-876792020762c33b017703f65759a264 '  ><div class='avia_textblock' ><p style=\"text-align: center;\"><strong>Europe<\/strong><\/p>\n<\/div><\/section><\/p><\/div>\n<style type=\"text\/css\" data-created_by=\"avia_inline_auto\" id=\"style-css-av-4zwww5t-e32a531a5fa23d9a1cc6d97428f78277\">\n.flex_column.av-4zwww5t-e32a531a5fa23d9a1cc6d97428f78277{\nborder-radius:0px 0px 0px 0px;\npadding:0px 0px 0px 0px;\n}\n<\/style>\n<div  class='flex_column av-4zwww5t-e32a531a5fa23d9a1cc6d97428f78277 av_one_fourth  avia-builder-el-9  el_after_av_one_fourth  el_before_av_one_fourth  flex_column_div av-zero-column-padding  '     ><p>\n<style type=\"text\/css\" data-created_by=\"avia_inline_auto\" id=\"style-css-av-fq9yz5-382d19148a5931cffbc46b71e58c2048\">\n.av_font_icon.av-fq9yz5-382d19148a5931cffbc46b71e58c2048{\ncolor:#2d7ac6;\nborder-color:#2d7ac6;\n}\n.avia-svg-icon.av-fq9yz5-382d19148a5931cffbc46b71e58c2048 svg:first-child{\nstroke:#2d7ac6;\nfill:#2d7ac6;\n}\n.av_font_icon.av-fq9yz5-382d19148a5931cffbc46b71e58c2048 .av-icon-char{\nfont-size:120px;\nline-height:120px;\n}\n<\/style>\n<span  class='av_font_icon av-fq9yz5-382d19148a5931cffbc46b71e58c2048 avia_animate_when_visible av-icon-style- avia-icon-pos-center avia-iconfont avia-font-iconrheinmappe avia-icon-animate'><a href='https:\/\/www.rhein83.com\/en\/distributors\/north-america\/'   class='av-icon-char' data-av_icon='\ue821' data-av_iconfont='iconrheinmappe' aria-hidden=\"false\" data-avia-icon-tooltip=\"&lt;br \/&gt;\nNorth America&lt;br \/&gt;\n\"><\/a><\/span><br \/>\n<section  class='av_textblock_section av-kfxtqlou-876792020762c33b017703f65759a264 '  ><div class='avia_textblock' ><p style=\"text-align: center;\"><strong>North America<\/strong><\/p>\n<\/div><\/section><\/p><\/div>\n<style type=\"text\/css\" data-created_by=\"avia_inline_auto\" id=\"style-css-av-4zwww5t-e32a531a5fa23d9a1cc6d97428f78277\">\n.flex_column.av-4zwww5t-e32a531a5fa23d9a1cc6d97428f78277{\nborder-radius:0px 0px 0px 0px;\npadding:0px 0px 0px 0px;\n}\n<\/style>\n<div  class='flex_column av-4zwww5t-e32a531a5fa23d9a1cc6d97428f78277 av_one_fourth  avia-builder-el-12  el_after_av_one_fourth  el_before_av_one_fourth  flex_column_div av-zero-column-padding  '     ><p>\n<style type=\"text\/css\" data-created_by=\"avia_inline_auto\" id=\"style-css-av-fq9yz5-be7d7273f7c2b6dba75d4ac760f340b1\">\n.av_font_icon.av-fq9yz5-be7d7273f7c2b6dba75d4ac760f340b1{\ncolor:#2d7ac6;\nborder-color:#2d7ac6;\n}\n.avia-svg-icon.av-fq9yz5-be7d7273f7c2b6dba75d4ac760f340b1 svg:first-child{\nstroke:#2d7ac6;\nfill:#2d7ac6;\n}\n.av_font_icon.av-fq9yz5-be7d7273f7c2b6dba75d4ac760f340b1 .av-icon-char{\nfont-size:120px;\nline-height:120px;\n}\n<\/style>\n<span  class='av_font_icon av-fq9yz5-be7d7273f7c2b6dba75d4ac760f340b1 avia_animate_when_visible av-icon-style- avia-icon-pos-center avia-iconfont avia-font-iconrheinmappe avia-icon-animate'><a href='https:\/\/www.rhein83.com\/en\/distributors\/central-america\/'   class='av-icon-char' data-av_icon='\ue81f' data-av_iconfont='iconrheinmappe' aria-hidden=\"false\" data-avia-icon-tooltip=\"&lt;br \/&gt;\nCentral America&lt;br \/&gt;\n\"><\/a><\/span><br \/>\n<section  class='av_textblock_section av-kfxtqlou-876792020762c33b017703f65759a264 '  ><div class='avia_textblock' ><p style=\"text-align: center;\"><strong>Central America<\/strong><\/p>\n<\/div><\/section><\/p><\/div>\n<style type=\"text\/css\" data-created_by=\"avia_inline_auto\" id=\"style-css-av-4zwww5t-e32a531a5fa23d9a1cc6d97428f78277\">\n.flex_column.av-4zwww5t-e32a531a5fa23d9a1cc6d97428f78277{\nborder-radius:0px 0px 0px 0px;\npadding:0px 0px 0px 0px;\n}\n<\/style>\n<div  class='flex_column av-4zwww5t-e32a531a5fa23d9a1cc6d97428f78277 av_one_fourth  avia-builder-el-15  el_after_av_one_fourth  el_before_av_one_fourth  flex_column_div av-zero-column-padding  '     ><p>\n<style type=\"text\/css\" data-created_by=\"avia_inline_auto\" id=\"style-css-av-fq9yz5-605a274c512d1199de22e835d79b4dc6\">\n.av_font_icon.av-fq9yz5-605a274c512d1199de22e835d79b4dc6{\ncolor:#2d7ac6;\nborder-color:#2d7ac6;\n}\n.avia-svg-icon.av-fq9yz5-605a274c512d1199de22e835d79b4dc6 svg:first-child{\nstroke:#2d7ac6;\nfill:#2d7ac6;\n}\n.av_font_icon.av-fq9yz5-605a274c512d1199de22e835d79b4dc6 .av-icon-char{\nfont-size:120px;\nline-height:120px;\n}\n<\/style>\n<span  class='av_font_icon av-fq9yz5-605a274c512d1199de22e835d79b4dc6 avia_animate_when_visible av-icon-style- avia-icon-pos-center avia-iconfont avia-font-iconrheinmappe avia-icon-animate'><a href='https:\/\/www.rhein83.com\/en\/distributors\/south-america\/'   class='av-icon-char' data-av_icon='\ue81b' data-av_iconfont='iconrheinmappe' aria-hidden=\"false\" data-avia-icon-tooltip=\"&lt;br \/&gt;\nSouth America&lt;br \/&gt;\n\"><\/a><\/span><br \/>\n<section  class='av_textblock_section av-kfxtqlou-876792020762c33b017703f65759a264 '  ><div class='avia_textblock' ><p style=\"text-align: center;\"><strong>South America<\/strong><\/p>\n<\/div><\/section><\/p><\/div>\n<style type=\"text\/css\" data-created_by=\"avia_inline_auto\" id=\"style-css-av-4zwww5t-1392810d912a81b7f8c63fddbf382339\">\n.flex_column.av-4zwww5t-1392810d912a81b7f8c63fddbf382339{\nborder-radius:0px 0px 0px 0px;\npadding:0px 0px 0px 0px;\n}\n<\/style>\n<div  class='flex_column av-4zwww5t-1392810d912a81b7f8c63fddbf382339 av_one_fourth  avia-builder-el-18  el_after_av_one_fourth  el_before_av_one_fourth  first flex_column_div av-zero-column-padding  column-top-margin'     ><p>\n<style type=\"text\/css\" data-created_by=\"avia_inline_auto\" id=\"style-css-av-fq9yz5-0a3a158473439b8b00b7db16187e90f1\">\n.av_font_icon.av-fq9yz5-0a3a158473439b8b00b7db16187e90f1{\ncolor:#2d7ac6;\nborder-color:#2d7ac6;\n}\n.avia-svg-icon.av-fq9yz5-0a3a158473439b8b00b7db16187e90f1 svg:first-child{\nstroke:#2d7ac6;\nfill:#2d7ac6;\n}\n.av_font_icon.av-fq9yz5-0a3a158473439b8b00b7db16187e90f1 .av-icon-char{\nfont-size:120px;\nline-height:120px;\n}\n<\/style>\n<span  class='av_font_icon av-fq9yz5-0a3a158473439b8b00b7db16187e90f1 avia_animate_when_visible av-icon-style- avia-icon-pos-center avia-iconfont avia-font-iconrheinmappe avia-icon-animate'><a href='https:\/\/www.rhein83.com\/en\/distributors\/asia\/'   class='av-icon-char' data-av_icon='\ue81e' data-av_iconfont='iconrheinmappe' aria-hidden=\"false\" data-avia-icon-tooltip=\"&lt;br \/&gt;\nAsia&lt;br \/&gt;\n\"><\/a><\/span><br \/>\n<section  class='av_textblock_section av-kfxtqlou-876792020762c33b017703f65759a264 '  ><div class='avia_textblock' ><p style=\"text-align: center;\"><strong>Asia<\/strong><\/p>\n<\/div><\/section><\/p><\/div>\n<style type=\"text\/css\" data-created_by=\"avia_inline_auto\" id=\"style-css-av-4zwww5t-e32a531a5fa23d9a1cc6d97428f78277\">\n.flex_column.av-4zwww5t-e32a531a5fa23d9a1cc6d97428f78277{\nborder-radius:0px 0px 0px 0px;\npadding:0px 0px 0px 0px;\n}\n<\/style>\n<div  class='flex_column av-4zwww5t-e32a531a5fa23d9a1cc6d97428f78277 av_one_fourth  avia-builder-el-21  el_after_av_one_fourth  el_before_av_one_fourth  flex_column_div av-zero-column-padding  column-top-margin'     ><p>\n<style type=\"text\/css\" data-created_by=\"avia_inline_auto\" id=\"style-css-av-fq9yz5-4c542d3c9d7217b4cbcf8bab50fb737d\">\n.av_font_icon.av-fq9yz5-4c542d3c9d7217b4cbcf8bab50fb737d{\ncolor:#2d7ac6;\nborder-color:#2d7ac6;\n}\n.avia-svg-icon.av-fq9yz5-4c542d3c9d7217b4cbcf8bab50fb737d svg:first-child{\nstroke:#2d7ac6;\nfill:#2d7ac6;\n}\n.av_font_icon.av-fq9yz5-4c542d3c9d7217b4cbcf8bab50fb737d .av-icon-char{\nfont-size:120px;\nline-height:120px;\n}\n<\/style>\n<span  class='av_font_icon av-fq9yz5-4c542d3c9d7217b4cbcf8bab50fb737d avia_animate_when_visible av-icon-style- avia-icon-pos-center avia-iconfont avia-font-iconrheinmappe avia-icon-animate'><a href='https:\/\/www.rhein83.com\/en\/distributors\/africa\/'   class='av-icon-char' data-av_icon='\ue81d' data-av_iconfont='iconrheinmappe' aria-hidden=\"false\" data-avia-icon-tooltip=\"&lt;br \/&gt;\nAfrica&lt;br \/&gt;\n\"><\/a><\/span><br \/>\n<section  class='av_textblock_section av-kfxtqlou-876792020762c33b017703f65759a264 '  ><div class='avia_textblock' ><p style=\"text-align: center;\"><strong>Africa<\/strong><\/p>\n<\/div><\/section><\/p><\/div>\n<style type=\"text\/css\" data-created_by=\"avia_inline_auto\" id=\"style-css-av-4zwww5t-e32a531a5fa23d9a1cc6d97428f78277\">\n.flex_column.av-4zwww5t-e32a531a5fa23d9a1cc6d97428f78277{\nborder-radius:0px 0px 0px 0px;\npadding:0px 0px 0px 0px;\n}\n<\/style>\n<div  class='flex_column av-4zwww5t-e32a531a5fa23d9a1cc6d97428f78277 av_one_fourth  avia-builder-el-24  el_after_av_one_fourth  el_before_av_hr  flex_column_div av-zero-column-padding  column-top-margin'     ><p>\n<style type=\"text\/css\" data-created_by=\"avia_inline_auto\" id=\"style-css-av-fq9yz5-c58c2bd552184fde359e1869a1a1b29e\">\n.av_font_icon.av-fq9yz5-c58c2bd552184fde359e1869a1a1b29e{\ncolor:#2d7ac6;\nborder-color:#2d7ac6;\n}\n.avia-svg-icon.av-fq9yz5-c58c2bd552184fde359e1869a1a1b29e svg:first-child{\nstroke:#2d7ac6;\nfill:#2d7ac6;\n}\n.av_font_icon.av-fq9yz5-c58c2bd552184fde359e1869a1a1b29e .av-icon-char{\nfont-size:120px;\nline-height:120px;\n}\n<\/style>\n<span  class='av_font_icon av-fq9yz5-c58c2bd552184fde359e1869a1a1b29e avia_animate_when_visible av-icon-style- avia-icon-pos-center avia-iconfont avia-font-iconrheinmappe avia-icon-animate'><a href='https:\/\/www.rhein83.com\/en\/distributors\/oceania\/'   class='av-icon-char' data-av_icon='\ue81c' data-av_iconfont='iconrheinmappe' aria-hidden=\"false\" data-avia-icon-tooltip=\"&lt;br \/&gt;\nOceania&lt;br \/&gt;\n\"><\/a><\/span><br \/>\n<section  class='av_textblock_section av-kfxtqlou-876792020762c33b017703f65759a264 '  ><div class='avia_textblock' ><p style=\"text-align: center;\"><strong>Oceania<\/strong><\/p>\n<\/div><\/section><\/p><\/div>\n<style type=\"text\/css\" data-created_by=\"avia_inline_auto\" id=\"style-css-av-kfxxq106-3532f8a9021b6ae8d41d9cc86289947b\">\n#top .hr.hr-invisible.av-kfxxq106-3532f8a9021b6ae8d41d9cc86289947b{\nheight:20px;\n}\n<\/style>\n<div  class='hr av-kfxxq106-3532f8a9021b6ae8d41d9cc86289947b hr-invisible  avia-builder-el-27  el_after_av_one_fourth  avia-builder-el-last '><span class='hr-inner '><span class=\"hr-inner-style\"><\/span><\/span><\/div>\n\n","protected":false},"excerpt":{"rendered":"","protected":false},"author":2,"featured_media":0,"parent":0,"menu_order":0,"comment_status":"closed","ping_status":"open","template":"","meta":{"footnotes":""},"class_list":["post-60581","page","type-page","status-publish","hentry"],"aioseo_notices":[],"publishpress_future_action":{"enabled":false,"date":"2026-04-21 23:44:22","action":"change-status","newStatus":"draft","terms":[],"taxonomy":"translation_priority","extraData":[]},"publishpress_future_workflow_manual_trigger":{"enabledWorkflows":[]},"_links":{"self":[{"href":"https:\/\/www.rhein83.com\/pt-pt\/wp-json\/wp\/v2\/pages\/60581","targetHints":{"allow":["GET"]}}],"collection":[{"href":"https:\/\/www.rhein83.com\/pt-pt\/wp-json\/wp\/v2\/pages"}],"about":[{"href":"https:\/\/www.rhein83.com\/pt-pt\/wp-json\/wp\/v2\/types\/page"}],"author":[{"embeddable":true,"href":"https:\/\/www.rhein83.com\/pt-pt\/wp-json\/wp\/v2\/users\/2"}],"replies":[{"embeddable":true,"href":"https:\/\/www.rhein83.com\/pt-pt\/wp-json\/wp\/v2\/comments?post=60581"}],"version-history":[{"count":0,"href":"https:\/\/www.rhein83.com\/pt-pt\/wp-json\/wp\/v2\/pages\/60581\/revisions"}],"wp:attachment":[{"href":"https:\/\/www.rhein83.com\/pt-pt\/wp-json\/wp\/v2\/media?parent=60581"}],"curies":[{"name":"wp","href":"https:\/\/api.w.org\/{rel}","templated":true}]}}