{"id":60645,"date":"2019-09-11T12:30:25","date_gmt":"2019-09-11T11:30:25","guid":{"rendered":"https:\/\/www.rhein83.com\/contacts\/"},"modified":"2023-10-16T09:26:04","modified_gmt":"2023-10-16T08:26:04","slug":"contactos","status":"publish","type":"page","link":"https:\/\/www.rhein83.com\/pt-pt\/contactos\/","title":{"rendered":"Contactos"},"content":{"rendered":"\n<style type=\"text\/css\" data-created_by=\"avia_inline_auto\" id=\"style-css-av-1d8vi-dc66a39ced10b5c699ea597ed403813b\">\n.flex_column.av-1d8vi-dc66a39ced10b5c699ea597ed403813b{\nborder-radius:0px 0px 0px 0px;\npadding:20px 0px 0px 0px;\n}\n<\/style>\n<div  class='flex_column av-1d8vi-dc66a39ced10b5c699ea597ed403813b av_one_full  avia-builder-el-0  el_before_av_one_fifth  avia-builder-el-first  first flex_column_div  '     ><style type=\"text\/css\" data-created_by=\"avia_inline_auto\" id=\"style-css-av-k0f5ic0j-ec005a9f04e149e97a24863de06c8fd2\">\n#top .av-special-heading.av-k0f5ic0j-ec005a9f04e149e97a24863de06c8fd2{\npadding-bottom:10px;\n}\nbody .av-special-heading.av-k0f5ic0j-ec005a9f04e149e97a24863de06c8fd2 .av-special-heading-tag .heading-char{\nfont-size:25px;\n}\n.av-special-heading.av-k0f5ic0j-ec005a9f04e149e97a24863de06c8fd2 .av-subheading{\nfont-size:15px;\n}\n<\/style>\n<div  class='av-special-heading av-k0f5ic0j-ec005a9f04e149e97a24863de06c8fd2 av-special-heading-h1 blockquote modern-quote  avia-builder-el-1  avia-builder-el-no-sibling  av-linked-heading'><h1 class='av-special-heading-tag '  >Contactos<\/h1><div class=\"special-heading-border\"><div class=\"special-heading-inner-border\"><\/div><\/div><\/div><\/div>\n\n<style type=\"text\/css\" data-created_by=\"avia_inline_auto\" id=\"style-css-av-1d8vi-6ea265f72f992ccf5e450a041ed737cf\">\n.flex_column.av-1d8vi-6ea265f72f992ccf5e450a041ed737cf{\nborder-radius:0px 0px 0px 0px;\npadding:0px 0px 0px 0px;\n}\n<\/style>\n<div  class='flex_column av-1d8vi-6ea265f72f992ccf5e450a041ed737cf av_one_fifth  avia-builder-el-2  el_after_av_one_full  el_before_av_one_fifth  first flex_column_div av-zero-column-padding  column-top-margin'     ><p>\n<style type=\"text\/css\" data-created_by=\"avia_inline_auto\" id=\"style-css-av-joo8t0g4-43e0113b5641fd9289d2c0394ba89599\">\n.av_font_icon.av-joo8t0g4-43e0113b5641fd9289d2c0394ba89599{\ncolor:#669bd1;\nborder-color:#669bd1;\n}\n.avia-svg-icon.av-joo8t0g4-43e0113b5641fd9289d2c0394ba89599 svg:first-child{\nstroke:#669bd1;\nfill:#669bd1;\n}\n.av_font_icon.av-joo8t0g4-43e0113b5641fd9289d2c0394ba89599 .av-icon-char{\nfont-size:130px;\nline-height:130px;\n}\n<\/style>\n<span  class='av_font_icon av-joo8t0g4-43e0113b5641fd9289d2c0394ba89599 avia_animate_when_visible av-icon-style- avia-icon-pos-center avia-iconfont avia-font-entypo-fontello avia-icon-animate'><a href='https:\/\/www.rhein83.com\/pt-pt\/contactos\/contactos-e-apoio-para-encomendas-estrangeiras\/'   class='av-icon-char' data-av_icon='\ue805' data-av_iconfont='entypo-fontello' aria-hidden=\"false\" ><\/a><\/span><br \/>\n<section  class='av_textblock_section av-k0f5o4u2-030b678eac9bd1d61681c501a1b5929b '  ><div class='avia_textblock' ><h3 style=\"text-align: center;\"><a title=\"Contactos e apoio para encomendas estrangeiras\" href=\"https:\/\/www.rhein83.com\/pt-pt\/contactos\/contactos-e-apoio-para-encomendas-estrangeiras\/\">Contactos e apoio para encomendas estrangeiras<\/a><\/h3>\n<\/div><\/section><\/p><\/div>\n\n<style type=\"text\/css\" data-created_by=\"avia_inline_auto\" id=\"style-css-av-1d8vi-17bdea8e6dacc8b797c799ce1cb57e97\">\n.flex_column.av-1d8vi-17bdea8e6dacc8b797c799ce1cb57e97{\nborder-radius:0px 0px 0px 0px;\npadding:0px 0px 0px 0px;\n}\n<\/style>\n<div  class='flex_column av-1d8vi-17bdea8e6dacc8b797c799ce1cb57e97 av_one_fifth  avia-builder-el-5  el_after_av_one_fifth  el_before_av_one_fifth  flex_column_div av-zero-column-padding  column-top-margin'     ><p>\n<style type=\"text\/css\" data-created_by=\"avia_inline_auto\" id=\"style-css-av-joo8t0g4-4735b2001bde7f489bc0a50828de6f4e\">\n.av_font_icon.av-joo8t0g4-4735b2001bde7f489bc0a50828de6f4e{\ncolor:#669bd1;\nborder-color:#669bd1;\n}\n.avia-svg-icon.av-joo8t0g4-4735b2001bde7f489bc0a50828de6f4e svg:first-child{\nstroke:#669bd1;\nfill:#669bd1;\n}\n.av_font_icon.av-joo8t0g4-4735b2001bde7f489bc0a50828de6f4e .av-icon-char{\nfont-size:130px;\nline-height:130px;\n}\n<\/style>\n<span  class='av_font_icon av-joo8t0g4-4735b2001bde7f489bc0a50828de6f4e avia_animate_when_visible av-icon-style- avia-icon-pos-center avia-iconfont avia-font-entypo-fontello avia-icon-animate'><a href='https:\/\/www.rhein83.com\/pt-pt\/contactos\/contactos-e-apoio-para-as-encomendas-italianas\/'   class='av-icon-char' data-av_icon='\ue805' data-av_iconfont='entypo-fontello' aria-hidden=\"false\" ><\/a><\/span><br \/>\n<section  class='av_textblock_section av-k0f5o4u2-030b678eac9bd1d61681c501a1b5929b '  ><div class='avia_textblock' ><h3 style=\"text-align: center;\"><a title=\"Contactos e apoio para as encomendas italianas\" href=\"https:\/\/www.rhein83.com\/pt-pt\/contactos\/contactos-e-apoio-para-as-encomendas-italianas\/\">Contactos e apoio para as encomendas italianas<\/a><\/h3>\n<\/div><\/section><\/p><\/div>\n\n<style type=\"text\/css\" data-created_by=\"avia_inline_auto\" id=\"style-css-av-1d8vi-17bdea8e6dacc8b797c799ce1cb57e97\">\n.flex_column.av-1d8vi-17bdea8e6dacc8b797c799ce1cb57e97{\nborder-radius:0px 0px 0px 0px;\npadding:0px 0px 0px 0px;\n}\n<\/style>\n<div  class='flex_column av-1d8vi-17bdea8e6dacc8b797c799ce1cb57e97 av_one_fifth  avia-builder-el-8  el_after_av_one_fifth  el_before_av_one_fifth  flex_column_div av-zero-column-padding  column-top-margin'     ><p>\n<style type=\"text\/css\" data-created_by=\"avia_inline_auto\" id=\"style-css-av-joo8t0g4-e7c80aa1156587a8c4bf790cf7853de0\">\n.av_font_icon.av-joo8t0g4-e7c80aa1156587a8c4bf790cf7853de0{\ncolor:#669bd1;\nborder-color:#669bd1;\n}\n.avia-svg-icon.av-joo8t0g4-e7c80aa1156587a8c4bf790cf7853de0 svg:first-child{\nstroke:#669bd1;\nfill:#669bd1;\n}\n.av_font_icon.av-joo8t0g4-e7c80aa1156587a8c4bf790cf7853de0 .av-icon-char{\nfont-size:130px;\nline-height:130px;\n}\n<\/style>\n<span  class='av_font_icon av-joo8t0g4-e7c80aa1156587a8c4bf790cf7853de0 avia_animate_when_visible av-icon-style- avia-icon-pos-center avia-iconfont avia-font-entypo-fontello avia-icon-animate'><a href='https:\/\/www.rhein83.com\/pt-pt\/contactos\/contactos-e-apoio-a-compra\/'   class='av-icon-char' data-av_icon='\ue805' data-av_iconfont='entypo-fontello' aria-hidden=\"false\" ><\/a><\/span><br \/>\n<section  class='av_textblock_section av-k0f5o4u2-030b678eac9bd1d61681c501a1b5929b '  ><div class='avia_textblock' ><h3 style=\"text-align: center;\"><a title=\"Contactos e apoio \u00e0 compra\" href=\"https:\/\/www.rhein83.com\/pt-pt\/contactos\/contactos-e-apoio-a-compra\/\">Contactos e compras<\/a><\/h3>\n<\/div><\/section><\/p><\/div>\n<style type=\"text\/css\" data-created_by=\"avia_inline_auto\" id=\"style-css-av-1d8vi-17bdea8e6dacc8b797c799ce1cb57e97\">\n.flex_column.av-1d8vi-17bdea8e6dacc8b797c799ce1cb57e97{\nborder-radius:0px 0px 0px 0px;\npadding:0px 0px 0px 0px;\n}\n<\/style>\n<div  class='flex_column av-1d8vi-17bdea8e6dacc8b797c799ce1cb57e97 av_one_fifth  avia-builder-el-11  el_after_av_one_fifth  el_before_av_one_fifth  flex_column_div av-zero-column-padding  column-top-margin'     ><p>\n<style type=\"text\/css\" data-created_by=\"avia_inline_auto\" id=\"style-css-av-joo8t0g4-4bdd2c38c0293f6e9ac5f12faf34842f\">\n.av_font_icon.av-joo8t0g4-4bdd2c38c0293f6e9ac5f12faf34842f{\ncolor:#669bd1;\nborder-color:#669bd1;\n}\n.avia-svg-icon.av-joo8t0g4-4bdd2c38c0293f6e9ac5f12faf34842f svg:first-child{\nstroke:#669bd1;\nfill:#669bd1;\n}\n.av_font_icon.av-joo8t0g4-4bdd2c38c0293f6e9ac5f12faf34842f .av-icon-char{\nfont-size:130px;\nline-height:130px;\n}\n<\/style>\n<span  class='av_font_icon av-joo8t0g4-4bdd2c38c0293f6e9ac5f12faf34842f avia_animate_when_visible av-icon-style- avia-icon-pos-center avia-iconfont avia-font-entypo-fontello avia-icon-animate'><a href='https:\/\/www.rhein83.com\/pt-pt\/contactos\/contactos-e-apoio-servico-de-administracao\/'   class='av-icon-char' data-av_icon='\ue805' data-av_iconfont='entypo-fontello' aria-hidden=\"false\" ><\/a><\/span><br \/>\n<section  class='av_textblock_section av-k0f5o4u2-030b678eac9bd1d61681c501a1b5929b '  ><div class='avia_textblock' ><h3 style=\"text-align: center;\"><a title=\"Contactos e apoio Servi\u00e7o de Administra\u00e7\u00e3o\" href=\"https:\/\/www.rhein83.com\/pt-pt\/contactos\/contactos-e-apoio-servico-de-administracao\/\">Contactos e apoio Servi\u00e7o de Administra\u00e7\u00e3o<\/a><\/h3>\n<\/div><\/section><\/p><\/div>\n<style type=\"text\/css\" data-created_by=\"avia_inline_auto\" id=\"style-css-av-1d8vi-17bdea8e6dacc8b797c799ce1cb57e97\">\n.flex_column.av-1d8vi-17bdea8e6dacc8b797c799ce1cb57e97{\nborder-radius:0px 0px 0px 0px;\npadding:0px 0px 0px 0px;\n}\n<\/style>\n<div  class='flex_column av-1d8vi-17bdea8e6dacc8b797c799ce1cb57e97 av_one_fifth  avia-builder-el-14  el_after_av_one_fifth  el_before_av_section  avia-builder-el-last  flex_column_div av-zero-column-padding  column-top-margin'     ><p>\n<style type=\"text\/css\" data-created_by=\"avia_inline_auto\" id=\"style-css-av-joo8t0g4-60dccbad19f3e094745345b6568354ed\">\n.av_font_icon.av-joo8t0g4-60dccbad19f3e094745345b6568354ed{\ncolor:#669bd1;\nborder-color:#669bd1;\n}\n.avia-svg-icon.av-joo8t0g4-60dccbad19f3e094745345b6568354ed svg:first-child{\nstroke:#669bd1;\nfill:#669bd1;\n}\n.av_font_icon.av-joo8t0g4-60dccbad19f3e094745345b6568354ed .av-icon-char{\nfont-size:130px;\nline-height:130px;\n}\n<\/style>\n<span  class='av_font_icon av-joo8t0g4-60dccbad19f3e094745345b6568354ed avia_animate_when_visible av-icon-style- avia-icon-pos-center avia-iconfont avia-font-entypo-fontello avia-icon-animate'><a href='https:\/\/www.rhein83.com\/pt-pt\/contactos\/contactos-e-apoio-tecnico\/'   class='av-icon-char' data-av_icon='\ue805' data-av_iconfont='entypo-fontello' aria-hidden=\"false\" ><\/a><\/span><br \/>\n<section  class='av_textblock_section av-k0f5o4u2-030b678eac9bd1d61681c501a1b5929b '  ><div class='avia_textblock' ><h3 style=\"text-align: center;\"><a title=\"Contactos e apoio t\u00e9cnico\" href=\"https:\/\/www.rhein83.com\/pt-pt\/contactos\/contactos-e-apoio-tecnico\/\">Contactos e apoio t\u00e9cnico<\/a><\/h3>\n<\/div><\/section><\/p><\/div><\/div><\/div><\/div><!-- close content main div --><\/div><\/div>\n<style type=\"text\/css\" data-created_by=\"avia_inline_auto\" id=\"style-css-av-joo95l1t-2e096c93d210bc741c19c611e8f31256\">\n.avia-section.av-joo95l1t-2e096c93d210bc741c19c611e8f31256 .av-section-color-overlay{\nopacity:0.3;\nbackground-color:#ffffff;\n}\n<\/style>\n<div id='av_section_1'  class='avia-section av-joo95l1t-2e096c93d210bc741c19c611e8f31256 main_color avia-section-default avia-no-border-styling  avia-builder-el-17  el_after_av_one_fifth  avia-builder-el-last  avia-bg-style-scroll av-section-color-overlay-active container_wrap fullsize'  ><div class=\"av-section-color-overlay-wrap\"><div class=\"av-section-color-overlay\"><\/div><div class='container av-section-cont-open' ><div class='template-page content  av-content-full alpha units'><div class='post-entry post-entry-type-page post-entry-60645'><div class='entry-content-wrapper clearfix'><\/p>\n","protected":false},"excerpt":{"rendered":"","protected":false},"author":4,"featured_media":0,"parent":0,"menu_order":0,"comment_status":"closed","ping_status":"open","template":"","meta":{"footnotes":""},"class_list":["post-60645","page","type-page","status-publish","hentry"],"aioseo_notices":[],"publishpress_future_action":{"enabled":false,"date":"2026-04-18 07:33:10","action":"change-status","newStatus":"draft","terms":[],"taxonomy":"translation_priority","extraData":[]},"publishpress_future_workflow_manual_trigger":{"enabledWorkflows":[]},"_links":{"self":[{"href":"https:\/\/www.rhein83.com\/pt-pt\/wp-json\/wp\/v2\/pages\/60645","targetHints":{"allow":["GET"]}}],"collection":[{"href":"https:\/\/www.rhein83.com\/pt-pt\/wp-json\/wp\/v2\/pages"}],"about":[{"href":"https:\/\/www.rhein83.com\/pt-pt\/wp-json\/wp\/v2\/types\/page"}],"author":[{"embeddable":true,"href":"https:\/\/www.rhein83.com\/pt-pt\/wp-json\/wp\/v2\/users\/4"}],"replies":[{"embeddable":true,"href":"https:\/\/www.rhein83.com\/pt-pt\/wp-json\/wp\/v2\/comments?post=60645"}],"version-history":[{"count":0,"href":"https:\/\/www.rhein83.com\/pt-pt\/wp-json\/wp\/v2\/pages\/60645\/revisions"}],"wp:attachment":[{"href":"https:\/\/www.rhein83.com\/pt-pt\/wp-json\/wp\/v2\/media?parent=60645"}],"curies":[{"name":"wp","href":"https:\/\/api.w.org\/{rel}","templated":true}]}}